{"id":98,"date":"2025-10-14T15:36:24","date_gmt":"2025-10-14T13:36:24","guid":{"rendered":"https:\/\/xn--bliejsiebie-rqc.com.pl\/?page_id=98"},"modified":"2025-11-18T15:55:40","modified_gmt":"2025-11-18T14:55:40","slug":"oferta","status":"publish","type":"page","link":"https:\/\/xn--bliejsiebie-rqc.com.pl\/?page_id=98","title":{"rendered":"Oferta"},"content":{"rendered":"\n<p>Psycholog i psychoterapia indywidualna, par<br>Konsultacje rodzicielskie<br>Hipnoterapia<br>Terapia TRE<br>Terapia DDA i\u00a0wsp\u00f3\u0142uzale\u017cnie\u0144<br>Refleksologia<br>Terapia Czaszkowo-Krzy\u017cowa<br>Terapie oddechowe<br>Ustawienia systemowe i ustawienia intencji<br>Warsztaty dla kobiet i m\u0119\u017cczyzn \u2013 przestrze\u0144 do rozwoju, mocy i autentyczno\u015bci<br>Grupowe medytacje<br>Bioenergoterapia<br>Reiki<br>Chirurgia fantomowa \u2013 praca z energi\u0105 dla przywr\u00f3cenia harmonii cia\u0142a i ducha<br>BiorezonansQuex\u00a0Ed\u00ae \u2013 nowoczesna technologia wspieraj\u0105ca proces zdrowienia i regeneracji\u2028<\/p>\n","protected":false},"excerpt":{"rendered":"<p>Psycholog i psychoterapia indywidualna, parKonsultacje rodzicielskieHipnoterapiaTerapia TRETerapia DDA i\u00a0wsp\u00f3\u0142uzale\u017cnie\u0144RefleksologiaTerapia Czaszkowo-Krzy\u017cowaTerapie oddechoweUstawienia systemowe i ustawienia intencjiWarsztaty dla kobiet i m\u0119\u017cczyzn \u2013 przestrze\u0144 do rozwoju, mocy i autentyczno\u015bciGrupowe medytacjeBioenergoterapiaReikiChirurgia fantomowa \u2013 praca z energi\u0105 dla przywr\u00f3cenia harmonii cia\u0142a i duchaBiorezonansQuex\u00a0Ed\u00ae \u2013 nowoczesna technologia wspieraj\u0105ca proces zdrowienia i regeneracji\u2028<\/p>\n","protected":false},"author":1,"featured_media":0,"parent":0,"menu_order":0,"comment_status":"closed","ping_status":"closed","template":"","meta":{"footnotes":""},"class_list":["post-98","page","type-page","status-publish","hentry"],"yoast_head":"<!-- This site is optimized with the Yoast SEO plugin v27.0 - https:\/\/yoast.com\/product\/yoast-seo-wordpress\/ -->\n<title>Oferta - Bli\u017cej Siebie Terapie Naturalne<\/title>\n<meta name=\"robots\" content=\"index, follow, max-snippet:-1, max-image-preview:large, max-video-preview:-1\" \/>\n<link rel=\"canonical\" href=\"https:\/\/xn--bliejsiebie-rqc.com.pl\/?page_id=98\" \/>\n<meta property=\"og:locale\" content=\"en_US\" \/>\n<meta property=\"og:type\" content=\"article\" \/>\n<meta property=\"og:title\" content=\"Oferta - Bli\u017cej Siebie Terapie Naturalne\" \/>\n<meta property=\"og:description\" content=\"Psycholog i psychoterapia indywidualna, parKonsultacje rodzicielskieHipnoterapiaTerapia TRETerapia DDA i\u00a0wsp\u00f3\u0142uzale\u017cnie\u0144RefleksologiaTerapia Czaszkowo-Krzy\u017cowaTerapie oddechoweUstawienia systemowe i ustawienia intencjiWarsztaty dla kobiet i m\u0119\u017cczyzn \u2013 przestrze\u0144 do rozwoju, mocy i autentyczno\u015bciGrupowe medytacjeBioenergoterapiaReikiChirurgia fantomowa \u2013 praca z energi\u0105 dla przywr\u00f3cenia harmonii cia\u0142a i duchaBiorezonansQuex\u00a0Ed\u00ae \u2013 nowoczesna technologia wspieraj\u0105ca proces zdrowienia i regeneracji\u2028\" \/>\n<meta property=\"og:url\" content=\"https:\/\/xn--bliejsiebie-rqc.com.pl\/?page_id=98\" \/>\n<meta property=\"og:site_name\" content=\"Bli\u017cej Siebie Terapie Naturalne\" \/>\n<meta property=\"article:publisher\" content=\"https:\/\/www.facebook.com\/profile.php?id=100091002167848\" \/>\n<meta property=\"article:modified_time\" content=\"2025-11-18T14:55:40+00:00\" \/>\n<meta property=\"og:image\" content=\"https:\/\/xn--bliejsiebie-rqc.com.pl\/wp-content\/uploads\/2025\/10\/logo-1.png\" \/>\n\t<meta property=\"og:image:width\" content=\"960\" \/>\n\t<meta property=\"og:image:height\" content=\"958\" \/>\n\t<meta property=\"og:image:type\" content=\"image\/png\" \/>\n<meta name=\"twitter:card\" content=\"summary_large_image\" \/>\n<meta name=\"twitter:label1\" content=\"Est. reading time\" \/>\n\t<meta name=\"twitter:data1\" content=\"1 minute\" \/>\n<script type=\"application\/ld+json\" class=\"yoast-schema-graph\">{\"@context\":\"https:\/\/schema.org\",\"@graph\":[{\"@type\":\"WebPage\",\"@id\":\"https:\/\/xn--bliejsiebie-rqc.com.pl\/?page_id=98\",\"url\":\"https:\/\/xn--bliejsiebie-rqc.com.pl\/?page_id=98\",\"name\":\"Oferta - Bli\u017cej Siebie Terapie Naturalne\",\"isPartOf\":{\"@id\":\"https:\/\/xn--bliejsiebie-rqc.com.pl\/#website\"},\"datePublished\":\"2025-10-14T13:36:24+00:00\",\"dateModified\":\"2025-11-18T14:55:40+00:00\",\"breadcrumb\":{\"@id\":\"https:\/\/xn--bliejsiebie-rqc.com.pl\/?page_id=98#breadcrumb\"},\"inLanguage\":\"en-US\",\"potentialAction\":[{\"@type\":\"ReadAction\",\"target\":[\"https:\/\/xn--bliejsiebie-rqc.com.pl\/?page_id=98\"]}]},{\"@type\":\"BreadcrumbList\",\"@id\":\"https:\/\/xn--bliejsiebie-rqc.com.pl\/?page_id=98#breadcrumb\",\"itemListElement\":[{\"@type\":\"ListItem\",\"position\":1,\"name\":\"Strona g\u0142\u00f3wna\",\"item\":\"https:\/\/xn--bliejsiebie-rqc.com.pl\/\"},{\"@type\":\"ListItem\",\"position\":2,\"name\":\"Oferta\"}]},{\"@type\":\"WebSite\",\"@id\":\"https:\/\/xn--bliejsiebie-rqc.com.pl\/#website\",\"url\":\"https:\/\/xn--bliejsiebie-rqc.com.pl\/\",\"name\":\"Bli\u017cej Siebie Terapie Naturalne\",\"description\":\"\",\"publisher\":{\"@id\":\"https:\/\/xn--bliejsiebie-rqc.com.pl\/#organization\"},\"potentialAction\":[{\"@type\":\"SearchAction\",\"target\":{\"@type\":\"EntryPoint\",\"urlTemplate\":\"https:\/\/xn--bliejsiebie-rqc.com.pl\/?s={search_term_string}\"},\"query-input\":{\"@type\":\"PropertyValueSpecification\",\"valueRequired\":true,\"valueName\":\"search_term_string\"}}],\"inLanguage\":\"en-US\"},{\"@type\":\"Organization\",\"@id\":\"https:\/\/xn--bliejsiebie-rqc.com.pl\/#organization\",\"name\":\"Bli\u017cej Siebie Terapie Naturalne\",\"url\":\"https:\/\/xn--bliejsiebie-rqc.com.pl\/\",\"logo\":{\"@type\":\"ImageObject\",\"inLanguage\":\"en-US\",\"@id\":\"https:\/\/xn--bliejsiebie-rqc.com.pl\/#\/schema\/logo\/image\/\",\"url\":\"https:\/\/xn--bliejsiebie-rqc.com.pl\/wp-content\/uploads\/2025\/10\/logo.png\",\"contentUrl\":\"https:\/\/xn--bliejsiebie-rqc.com.pl\/wp-content\/uploads\/2025\/10\/logo.png\",\"width\":857,\"height\":877,\"caption\":\"Bli\u017cej Siebie Terapie Naturalne\"},\"image\":{\"@id\":\"https:\/\/xn--bliejsiebie-rqc.com.pl\/#\/schema\/logo\/image\/\"},\"sameAs\":[\"https:\/\/www.facebook.com\/profile.php?id=100091002167848\"]}]}<\/script>\n<!-- \/ Yoast SEO plugin. -->","yoast_head_json":{"title":"Oferta - Bli\u017cej Siebie Terapie Naturalne","robots":{"index":"index","follow":"follow","max-snippet":"max-snippet:-1","max-image-preview":"max-image-preview:large","max-video-preview":"max-video-preview:-1"},"canonical":"https:\/\/xn--bliejsiebie-rqc.com.pl\/?page_id=98","og_locale":"en_US","og_type":"article","og_title":"Oferta - Bli\u017cej Siebie Terapie Naturalne","og_description":"Psycholog i psychoterapia indywidualna, parKonsultacje rodzicielskieHipnoterapiaTerapia TRETerapia DDA i\u00a0wsp\u00f3\u0142uzale\u017cnie\u0144RefleksologiaTerapia Czaszkowo-Krzy\u017cowaTerapie oddechoweUstawienia systemowe i ustawienia intencjiWarsztaty dla kobiet i m\u0119\u017cczyzn \u2013 przestrze\u0144 do rozwoju, mocy i autentyczno\u015bciGrupowe medytacjeBioenergoterapiaReikiChirurgia fantomowa \u2013 praca z energi\u0105 dla przywr\u00f3cenia harmonii cia\u0142a i duchaBiorezonansQuex\u00a0Ed\u00ae \u2013 nowoczesna technologia wspieraj\u0105ca proces zdrowienia i regeneracji\u2028","og_url":"https:\/\/xn--bliejsiebie-rqc.com.pl\/?page_id=98","og_site_name":"Bli\u017cej Siebie Terapie Naturalne","article_publisher":"https:\/\/www.facebook.com\/profile.php?id=100091002167848","article_modified_time":"2025-11-18T14:55:40+00:00","og_image":[{"width":960,"height":958,"url":"https:\/\/xn--bliejsiebie-rqc.com.pl\/wp-content\/uploads\/2025\/10\/logo-1.png","type":"image\/png"}],"twitter_card":"summary_large_image","twitter_misc":{"Est. reading time":"1 minute"},"schema":{"@context":"https:\/\/schema.org","@graph":[{"@type":"WebPage","@id":"https:\/\/xn--bliejsiebie-rqc.com.pl\/?page_id=98","url":"https:\/\/xn--bliejsiebie-rqc.com.pl\/?page_id=98","name":"Oferta - Bli\u017cej Siebie Terapie Naturalne","isPartOf":{"@id":"https:\/\/xn--bliejsiebie-rqc.com.pl\/#website"},"datePublished":"2025-10-14T13:36:24+00:00","dateModified":"2025-11-18T14:55:40+00:00","breadcrumb":{"@id":"https:\/\/xn--bliejsiebie-rqc.com.pl\/?page_id=98#breadcrumb"},"inLanguage":"en-US","potentialAction":[{"@type":"ReadAction","target":["https:\/\/xn--bliejsiebie-rqc.com.pl\/?page_id=98"]}]},{"@type":"BreadcrumbList","@id":"https:\/\/xn--bliejsiebie-rqc.com.pl\/?page_id=98#breadcrumb","itemListElement":[{"@type":"ListItem","position":1,"name":"Strona g\u0142\u00f3wna","item":"https:\/\/xn--bliejsiebie-rqc.com.pl\/"},{"@type":"ListItem","position":2,"name":"Oferta"}]},{"@type":"WebSite","@id":"https:\/\/xn--bliejsiebie-rqc.com.pl\/#website","url":"https:\/\/xn--bliejsiebie-rqc.com.pl\/","name":"Bli\u017cej Siebie Terapie Naturalne","description":"","publisher":{"@id":"https:\/\/xn--bliejsiebie-rqc.com.pl\/#organization"},"potentialAction":[{"@type":"SearchAction","target":{"@type":"EntryPoint","urlTemplate":"https:\/\/xn--bliejsiebie-rqc.com.pl\/?s={search_term_string}"},"query-input":{"@type":"PropertyValueSpecification","valueRequired":true,"valueName":"search_term_string"}}],"inLanguage":"en-US"},{"@type":"Organization","@id":"https:\/\/xn--bliejsiebie-rqc.com.pl\/#organization","name":"Bli\u017cej Siebie Terapie Naturalne","url":"https:\/\/xn--bliejsiebie-rqc.com.pl\/","logo":{"@type":"ImageObject","inLanguage":"en-US","@id":"https:\/\/xn--bliejsiebie-rqc.com.pl\/#\/schema\/logo\/image\/","url":"https:\/\/xn--bliejsiebie-rqc.com.pl\/wp-content\/uploads\/2025\/10\/logo.png","contentUrl":"https:\/\/xn--bliejsiebie-rqc.com.pl\/wp-content\/uploads\/2025\/10\/logo.png","width":857,"height":877,"caption":"Bli\u017cej Siebie Terapie Naturalne"},"image":{"@id":"https:\/\/xn--bliejsiebie-rqc.com.pl\/#\/schema\/logo\/image\/"},"sameAs":["https:\/\/www.facebook.com\/profile.php?id=100091002167848"]}]}},"_links":{"self":[{"href":"https:\/\/xn--bliejsiebie-rqc.com.pl\/index.php?rest_route=\/wp\/v2\/pages\/98","targetHints":{"allow":["GET"]}}],"collection":[{"href":"https:\/\/xn--bliejsiebie-rqc.com.pl\/index.php?rest_route=\/wp\/v2\/pages"}],"about":[{"href":"https:\/\/xn--bliejsiebie-rqc.com.pl\/index.php?rest_route=\/wp\/v2\/types\/page"}],"author":[{"embeddable":true,"href":"https:\/\/xn--bliejsiebie-rqc.com.pl\/index.php?rest_route=\/wp\/v2\/users\/1"}],"replies":[{"embeddable":true,"href":"https:\/\/xn--bliejsiebie-rqc.com.pl\/index.php?rest_route=%2Fwp%2Fv2%2Fcomments&post=98"}],"version-history":[{"count":3,"href":"https:\/\/xn--bliejsiebie-rqc.com.pl\/index.php?rest_route=\/wp\/v2\/pages\/98\/revisions"}],"predecessor-version":[{"id":252,"href":"https:\/\/xn--bliejsiebie-rqc.com.pl\/index.php?rest_route=\/wp\/v2\/pages\/98\/revisions\/252"}],"wp:attachment":[{"href":"https:\/\/xn--bliejsiebie-rqc.com.pl\/index.php?rest_route=%2Fwp%2Fv2%2Fmedia&parent=98"}],"curies":[{"name":"wp","href":"https:\/\/api.w.org\/{rel}","templated":true}]}}