{"id":96,"date":"2025-10-14T15:35:48","date_gmt":"2025-10-14T13:35:48","guid":{"rendered":"https:\/\/xn--bliejsiebie-rqc.com.pl\/?page_id=96"},"modified":"2025-11-18T15:41:45","modified_gmt":"2025-11-18T14:41:45","slug":"zespol","status":"publish","type":"page","link":"https:\/\/xn--bliejsiebie-rqc.com.pl\/?page_id=96","title":{"rendered":"Zesp\u00f3\u0142"},"content":{"rendered":"\n<p class=\"has-text-align-center\">\u201eOsoba to p\u0142ynny proces, nie sta\u0142y i statyczny byt; p\u0142yn\u0105ca rzeka zmian, nie blok z solidnego<br>materia\u0142u; stale zmieniaj\u0105ca si\u0119 konstelacja mo\u017cliwo\u015bci, a nie ustalona ilo\u015bci cech.\u201d<\/p>\n\n\n\n<p class=\"has-text-align-center\">CARL ROGERS<\/p>\n\n\n\n<div class=\"wp-block-group has-global-padding is-layout-constrained wp-block-group-is-layout-constrained\">\n<figure class=\"wp-block-gallery has-nested-images columns-default is-cropped wp-block-gallery-1 is-layout-flex wp-block-gallery-is-layout-flex\">\n<figure class=\"wp-block-image size-full\"><img loading=\"lazy\" decoding=\"async\" width=\"960\" height=\"958\" data-id=\"451\" src=\"https:\/\/xn--bliejsiebie-rqc.com.pl\/wp-content\/uploads\/2025\/10\/logo-1.png\" alt=\"\" class=\"wp-image-451\" srcset=\"https:\/\/xn--bliejsiebie-rqc.com.pl\/wp-content\/uploads\/2025\/10\/logo-1.png 960w, https:\/\/xn--bliejsiebie-rqc.com.pl\/wp-content\/uploads\/2025\/10\/logo-1-300x300.png 300w, https:\/\/xn--bliejsiebie-rqc.com.pl\/wp-content\/uploads\/2025\/10\/logo-1-150x150.png 150w, https:\/\/xn--bliejsiebie-rqc.com.pl\/wp-content\/uploads\/2025\/10\/logo-1-768x766.png 768w\" sizes=\"auto, (max-width: 960px) 100vw, 960px\" \/><\/figure>\n\n\n\n<figure class=\"wp-block-image size-large\"><a href=\"https:\/\/bli\u017cejsiebie.com.pl\/?page_id=293\"><img loading=\"lazy\" decoding=\"async\" width=\"960\" height=\"958\" data-id=\"294\" src=\"https:\/\/xn--bliejsiebie-rqc.com.pl\/wp-content\/uploads\/2025\/10\/Justyna-Szlufik-Kislak.jpg\" alt=\"\" class=\"wp-image-294\" srcset=\"https:\/\/xn--bliejsiebie-rqc.com.pl\/wp-content\/uploads\/2025\/10\/Justyna-Szlufik-Kislak.jpg 960w, https:\/\/xn--bliejsiebie-rqc.com.pl\/wp-content\/uploads\/2025\/10\/Justyna-Szlufik-Kislak-300x300.jpg 300w, https:\/\/xn--bliejsiebie-rqc.com.pl\/wp-content\/uploads\/2025\/10\/Justyna-Szlufik-Kislak-150x150.jpg 150w, https:\/\/xn--bliejsiebie-rqc.com.pl\/wp-content\/uploads\/2025\/10\/Justyna-Szlufik-Kislak-768x766.jpg 768w\" sizes=\"auto, (max-width: 960px) 100vw, 960px\" \/><\/a><\/figure>\n\n\n\n<figure class=\"wp-block-image size-full\"><a href=\"https:\/\/bli\u017cejsiebie.com.pl\/?page_id=267\"><img loading=\"lazy\" decoding=\"async\" width=\"533\" height=\"533\" data-id=\"268\" src=\"https:\/\/xn--bliejsiebie-rqc.com.pl\/wp-content\/uploads\/2025\/10\/Alzhela-Ulianova-Gil.jpg\" alt=\"\" class=\"wp-image-268\" srcset=\"https:\/\/xn--bliejsiebie-rqc.com.pl\/wp-content\/uploads\/2025\/10\/Alzhela-Ulianova-Gil.jpg 533w, https:\/\/xn--bliejsiebie-rqc.com.pl\/wp-content\/uploads\/2025\/10\/Alzhela-Ulianova-Gil-300x300.jpg 300w, https:\/\/xn--bliejsiebie-rqc.com.pl\/wp-content\/uploads\/2025\/10\/Alzhela-Ulianova-Gil-150x150.jpg 150w\" sizes=\"auto, (max-width: 533px) 100vw, 533px\" \/><\/a><\/figure>\n\n\n\n<figure class=\"wp-block-image size-large\"><a href=\"https:\/\/bli\u017cejsiebie.com.pl\/?page_id=275\"><img loading=\"lazy\" decoding=\"async\" width=\"726\" height=\"1024\" data-id=\"276\" src=\"https:\/\/xn--bliejsiebie-rqc.com.pl\/wp-content\/uploads\/2025\/10\/Ewa-Dziewiecka-726x1024.jpg\" alt=\"\" class=\"wp-image-276\" srcset=\"https:\/\/xn--bliejsiebie-rqc.com.pl\/wp-content\/uploads\/2025\/10\/Ewa-Dziewiecka-726x1024.jpg 726w, https:\/\/xn--bliejsiebie-rqc.com.pl\/wp-content\/uploads\/2025\/10\/Ewa-Dziewiecka-213x300.jpg 213w, https:\/\/xn--bliejsiebie-rqc.com.pl\/wp-content\/uploads\/2025\/10\/Ewa-Dziewiecka-768x1083.jpg 768w, https:\/\/xn--bliejsiebie-rqc.com.pl\/wp-content\/uploads\/2025\/10\/Ewa-Dziewiecka-1089x1536.jpg 1089w, https:\/\/xn--bliejsiebie-rqc.com.pl\/wp-content\/uploads\/2025\/10\/Ewa-Dziewiecka.jpg 1372w\" sizes=\"auto, (max-width: 726px) 100vw, 726px\" \/><\/a><\/figure>\n\n\n\n<figure class=\"wp-block-image size-large\"><a href=\"https:\/\/bli\u017cejsiebie.com.pl\/?page_id=278\"><img loading=\"lazy\" decoding=\"async\" width=\"851\" height=\"1024\" data-id=\"279\" src=\"https:\/\/xn--bliejsiebie-rqc.com.pl\/wp-content\/uploads\/2025\/10\/Justyna-Katra-1-851x1024.jpg\" alt=\"\" class=\"wp-image-279\" srcset=\"https:\/\/xn--bliejsiebie-rqc.com.pl\/wp-content\/uploads\/2025\/10\/Justyna-Katra-1-851x1024.jpg 851w, https:\/\/xn--bliejsiebie-rqc.com.pl\/wp-content\/uploads\/2025\/10\/Justyna-Katra-1-249x300.jpg 249w, https:\/\/xn--bliejsiebie-rqc.com.pl\/wp-content\/uploads\/2025\/10\/Justyna-Katra-1-768x924.jpg 768w, https:\/\/xn--bliejsiebie-rqc.com.pl\/wp-content\/uploads\/2025\/10\/Justyna-Katra-1-1277x1536.jpg 1277w, https:\/\/xn--bliejsiebie-rqc.com.pl\/wp-content\/uploads\/2025\/10\/Justyna-Katra-1.jpg 1563w\" sizes=\"auto, (max-width: 851px) 100vw, 851px\" \/><\/a><\/figure>\n\n\n\n<figure class=\"wp-block-image size-large\"><a href=\"https:\/\/bli\u017cejsiebie.com.pl\/?page_id=271\"><img loading=\"lazy\" decoding=\"async\" width=\"987\" height=\"1024\" data-id=\"272\" src=\"https:\/\/xn--bliejsiebie-rqc.com.pl\/wp-content\/uploads\/2025\/10\/Dorota-Drogosz-987x1024.jpg\" alt=\"\" class=\"wp-image-272\" srcset=\"https:\/\/xn--bliejsiebie-rqc.com.pl\/wp-content\/uploads\/2025\/10\/Dorota-Drogosz-987x1024.jpg 987w, https:\/\/xn--bliejsiebie-rqc.com.pl\/wp-content\/uploads\/2025\/10\/Dorota-Drogosz-289x300.jpg 289w, https:\/\/xn--bliejsiebie-rqc.com.pl\/wp-content\/uploads\/2025\/10\/Dorota-Drogosz-768x797.jpg 768w, https:\/\/xn--bliejsiebie-rqc.com.pl\/wp-content\/uploads\/2025\/10\/Dorota-Drogosz-1480x1536.jpg 1480w, https:\/\/xn--bliejsiebie-rqc.com.pl\/wp-content\/uploads\/2025\/10\/Dorota-Drogosz.jpg 1542w\" sizes=\"auto, (max-width: 987px) 100vw, 987px\" \/><\/a><\/figure>\n\n\n\n<figure class=\"wp-block-image size-large\"><a href=\"https:\/\/bli\u017cejsiebie.com.pl\/?page_id=303\"><img loading=\"lazy\" decoding=\"async\" width=\"684\" height=\"1024\" data-id=\"304\" src=\"https:\/\/xn--bliejsiebie-rqc.com.pl\/wp-content\/uploads\/2025\/10\/Przemek-Pakula-684x1024.jpg\" alt=\"\" class=\"wp-image-304\" srcset=\"https:\/\/xn--bliejsiebie-rqc.com.pl\/wp-content\/uploads\/2025\/10\/Przemek-Pakula-684x1024.jpg 684w, https:\/\/xn--bliejsiebie-rqc.com.pl\/wp-content\/uploads\/2025\/10\/Przemek-Pakula-200x300.jpg 200w, https:\/\/xn--bliejsiebie-rqc.com.pl\/wp-content\/uploads\/2025\/10\/Przemek-Pakula-768x1151.jpg 768w, https:\/\/xn--bliejsiebie-rqc.com.pl\/wp-content\/uploads\/2025\/10\/Przemek-Pakula-1025x1536.jpg 1025w, https:\/\/xn--bliejsiebie-rqc.com.pl\/wp-content\/uploads\/2025\/10\/Przemek-Pakula.jpg 1367w\" sizes=\"auto, (max-width: 684px) 100vw, 684px\" \/><\/a><\/figure>\n\n\n\n<figure class=\"wp-block-image size-large\"><a href=\"https:\/\/bli\u017cejsiebie.com.pl\/?page_id=296\"><img loading=\"lazy\" decoding=\"async\" width=\"1024\" height=\"683\" data-id=\"297\" src=\"https:\/\/xn--bliejsiebie-rqc.com.pl\/wp-content\/uploads\/2025\/10\/Nicolas-Blachon-1-1024x683.jpeg\" alt=\"\" class=\"wp-image-297\" srcset=\"https:\/\/xn--bliejsiebie-rqc.com.pl\/wp-content\/uploads\/2025\/10\/Nicolas-Blachon-1-1024x683.jpeg 1024w, https:\/\/xn--bliejsiebie-rqc.com.pl\/wp-content\/uploads\/2025\/10\/Nicolas-Blachon-1-300x200.jpeg 300w, https:\/\/xn--bliejsiebie-rqc.com.pl\/wp-content\/uploads\/2025\/10\/Nicolas-Blachon-1-768x512.jpeg 768w, https:\/\/xn--bliejsiebie-rqc.com.pl\/wp-content\/uploads\/2025\/10\/Nicolas-Blachon-1-1536x1024.jpeg 1536w, https:\/\/xn--bliejsiebie-rqc.com.pl\/wp-content\/uploads\/2025\/10\/Nicolas-Blachon-1-2048x1365.jpeg 2048w\" sizes=\"auto, (max-width: 1024px) 100vw, 1024px\" \/><\/a><\/figure>\n<\/figure>\n<\/div>\n\n\n\n<p><\/p>\n","protected":false},"excerpt":{"rendered":"<p>\u201eOsoba to p\u0142ynny proces, nie sta\u0142y i statyczny byt; p\u0142yn\u0105ca rzeka zmian, nie blok z solidnegomateria\u0142u; stale zmieniaj\u0105ca si\u0119 konstelacja mo\u017cliwo\u015bci, a nie ustalona ilo\u015bci cech.\u201d CARL ROGERS<\/p>\n","protected":false},"author":1,"featured_media":0,"parent":0,"menu_order":0,"comment_status":"closed","ping_status":"closed","template":"","meta":{"footnotes":""},"class_list":["post-96","page","type-page","status-publish","hentry"],"yoast_head":"<!-- This site is optimized with the Yoast SEO plugin v27.0 - https:\/\/yoast.com\/product\/yoast-seo-wordpress\/ -->\n<title>Zesp\u00f3\u0142 - Bli\u017cej Siebie Terapie Naturalne<\/title>\n<meta name=\"robots\" content=\"index, follow, max-snippet:-1, max-image-preview:large, max-video-preview:-1\" \/>\n<link rel=\"canonical\" href=\"https:\/\/xn--bliejsiebie-rqc.com.pl\/?page_id=96\" \/>\n<meta property=\"og:locale\" content=\"en_US\" \/>\n<meta property=\"og:type\" content=\"article\" \/>\n<meta property=\"og:title\" content=\"Zesp\u00f3\u0142 - Bli\u017cej Siebie Terapie Naturalne\" \/>\n<meta property=\"og:description\" content=\"\u201eOsoba to p\u0142ynny proces, nie sta\u0142y i statyczny byt; p\u0142yn\u0105ca rzeka zmian, nie blok z solidnegomateria\u0142u; stale zmieniaj\u0105ca si\u0119 konstelacja mo\u017cliwo\u015bci, a nie ustalona ilo\u015bci cech.\u201d CARL ROGERS\" \/>\n<meta property=\"og:url\" content=\"https:\/\/xn--bliejsiebie-rqc.com.pl\/?page_id=96\" \/>\n<meta property=\"og:site_name\" content=\"Bli\u017cej Siebie Terapie Naturalne\" \/>\n<meta property=\"article:publisher\" content=\"https:\/\/www.facebook.com\/profile.php?id=100091002167848\" \/>\n<meta property=\"article:modified_time\" content=\"2025-11-18T14:41:45+00:00\" \/>\n<meta property=\"og:image\" content=\"https:\/\/xn--bliejsiebie-rqc.com.pl\/wp-content\/uploads\/2025\/10\/logo-1.png\" \/>\n\t<meta property=\"og:image:width\" content=\"960\" \/>\n\t<meta property=\"og:image:height\" content=\"958\" \/>\n\t<meta property=\"og:image:type\" content=\"image\/png\" \/>\n<meta name=\"twitter:card\" content=\"summary_large_image\" \/>\n<meta name=\"twitter:label1\" content=\"Est. reading time\" \/>\n\t<meta name=\"twitter:data1\" content=\"2 minutes\" \/>\n<script type=\"application\/ld+json\" class=\"yoast-schema-graph\">{\"@context\":\"https:\/\/schema.org\",\"@graph\":[{\"@type\":\"WebPage\",\"@id\":\"https:\/\/xn--bliejsiebie-rqc.com.pl\/?page_id=96\",\"url\":\"https:\/\/xn--bliejsiebie-rqc.com.pl\/?page_id=96\",\"name\":\"Zesp\u00f3\u0142 - Bli\u017cej Siebie Terapie Naturalne\",\"isPartOf\":{\"@id\":\"https:\/\/xn--bliejsiebie-rqc.com.pl\/#website\"},\"primaryImageOfPage\":{\"@id\":\"https:\/\/xn--bliejsiebie-rqc.com.pl\/?page_id=96#primaryimage\"},\"image\":{\"@id\":\"https:\/\/xn--bliejsiebie-rqc.com.pl\/?page_id=96#primaryimage\"},\"thumbnailUrl\":\"https:\/\/xn--bliejsiebie-rqc.com.pl\/wp-content\/uploads\/2025\/10\/logo-1.png\",\"datePublished\":\"2025-10-14T13:35:48+00:00\",\"dateModified\":\"2025-11-18T14:41:45+00:00\",\"breadcrumb\":{\"@id\":\"https:\/\/xn--bliejsiebie-rqc.com.pl\/?page_id=96#breadcrumb\"},\"inLanguage\":\"en-US\",\"potentialAction\":[{\"@type\":\"ReadAction\",\"target\":[\"https:\/\/xn--bliejsiebie-rqc.com.pl\/?page_id=96\"]}]},{\"@type\":\"ImageObject\",\"inLanguage\":\"en-US\",\"@id\":\"https:\/\/xn--bliejsiebie-rqc.com.pl\/?page_id=96#primaryimage\",\"url\":\"https:\/\/xn--bliejsiebie-rqc.com.pl\/wp-content\/uploads\/2025\/10\/logo-1.png\",\"contentUrl\":\"https:\/\/xn--bliejsiebie-rqc.com.pl\/wp-content\/uploads\/2025\/10\/logo-1.png\",\"width\":960,\"height\":958},{\"@type\":\"BreadcrumbList\",\"@id\":\"https:\/\/xn--bliejsiebie-rqc.com.pl\/?page_id=96#breadcrumb\",\"itemListElement\":[{\"@type\":\"ListItem\",\"position\":1,\"name\":\"Strona g\u0142\u00f3wna\",\"item\":\"https:\/\/xn--bliejsiebie-rqc.com.pl\/\"},{\"@type\":\"ListItem\",\"position\":2,\"name\":\"Zesp\u00f3\u0142\"}]},{\"@type\":\"WebSite\",\"@id\":\"https:\/\/xn--bliejsiebie-rqc.com.pl\/#website\",\"url\":\"https:\/\/xn--bliejsiebie-rqc.com.pl\/\",\"name\":\"Bli\u017cej Siebie Terapie Naturalne\",\"description\":\"\",\"publisher\":{\"@id\":\"https:\/\/xn--bliejsiebie-rqc.com.pl\/#organization\"},\"potentialAction\":[{\"@type\":\"SearchAction\",\"target\":{\"@type\":\"EntryPoint\",\"urlTemplate\":\"https:\/\/xn--bliejsiebie-rqc.com.pl\/?s={search_term_string}\"},\"query-input\":{\"@type\":\"PropertyValueSpecification\",\"valueRequired\":true,\"valueName\":\"search_term_string\"}}],\"inLanguage\":\"en-US\"},{\"@type\":\"Organization\",\"@id\":\"https:\/\/xn--bliejsiebie-rqc.com.pl\/#organization\",\"name\":\"Bli\u017cej Siebie Terapie Naturalne\",\"url\":\"https:\/\/xn--bliejsiebie-rqc.com.pl\/\",\"logo\":{\"@type\":\"ImageObject\",\"inLanguage\":\"en-US\",\"@id\":\"https:\/\/xn--bliejsiebie-rqc.com.pl\/#\/schema\/logo\/image\/\",\"url\":\"https:\/\/xn--bliejsiebie-rqc.com.pl\/wp-content\/uploads\/2025\/10\/logo.png\",\"contentUrl\":\"https:\/\/xn--bliejsiebie-rqc.com.pl\/wp-content\/uploads\/2025\/10\/logo.png\",\"width\":857,\"height\":877,\"caption\":\"Bli\u017cej Siebie Terapie Naturalne\"},\"image\":{\"@id\":\"https:\/\/xn--bliejsiebie-rqc.com.pl\/#\/schema\/logo\/image\/\"},\"sameAs\":[\"https:\/\/www.facebook.com\/profile.php?id=100091002167848\"]}]}<\/script>\n<!-- \/ Yoast SEO plugin. -->","yoast_head_json":{"title":"Zesp\u00f3\u0142 - Bli\u017cej Siebie Terapie Naturalne","robots":{"index":"index","follow":"follow","max-snippet":"max-snippet:-1","max-image-preview":"max-image-preview:large","max-video-preview":"max-video-preview:-1"},"canonical":"https:\/\/xn--bliejsiebie-rqc.com.pl\/?page_id=96","og_locale":"en_US","og_type":"article","og_title":"Zesp\u00f3\u0142 - Bli\u017cej Siebie Terapie Naturalne","og_description":"\u201eOsoba to p\u0142ynny proces, nie sta\u0142y i statyczny byt; p\u0142yn\u0105ca rzeka zmian, nie blok z solidnegomateria\u0142u; stale zmieniaj\u0105ca si\u0119 konstelacja mo\u017cliwo\u015bci, a nie ustalona ilo\u015bci cech.\u201d CARL ROGERS","og_url":"https:\/\/xn--bliejsiebie-rqc.com.pl\/?page_id=96","og_site_name":"Bli\u017cej Siebie Terapie Naturalne","article_publisher":"https:\/\/www.facebook.com\/profile.php?id=100091002167848","article_modified_time":"2025-11-18T14:41:45+00:00","og_image":[{"width":960,"height":958,"url":"https:\/\/xn--bliejsiebie-rqc.com.pl\/wp-content\/uploads\/2025\/10\/logo-1.png","type":"image\/png"}],"twitter_card":"summary_large_image","twitter_misc":{"Est. reading time":"2 minutes"},"schema":{"@context":"https:\/\/schema.org","@graph":[{"@type":"WebPage","@id":"https:\/\/xn--bliejsiebie-rqc.com.pl\/?page_id=96","url":"https:\/\/xn--bliejsiebie-rqc.com.pl\/?page_id=96","name":"Zesp\u00f3\u0142 - Bli\u017cej Siebie Terapie Naturalne","isPartOf":{"@id":"https:\/\/xn--bliejsiebie-rqc.com.pl\/#website"},"primaryImageOfPage":{"@id":"https:\/\/xn--bliejsiebie-rqc.com.pl\/?page_id=96#primaryimage"},"image":{"@id":"https:\/\/xn--bliejsiebie-rqc.com.pl\/?page_id=96#primaryimage"},"thumbnailUrl":"https:\/\/xn--bliejsiebie-rqc.com.pl\/wp-content\/uploads\/2025\/10\/logo-1.png","datePublished":"2025-10-14T13:35:48+00:00","dateModified":"2025-11-18T14:41:45+00:00","breadcrumb":{"@id":"https:\/\/xn--bliejsiebie-rqc.com.pl\/?page_id=96#breadcrumb"},"inLanguage":"en-US","potentialAction":[{"@type":"ReadAction","target":["https:\/\/xn--bliejsiebie-rqc.com.pl\/?page_id=96"]}]},{"@type":"ImageObject","inLanguage":"en-US","@id":"https:\/\/xn--bliejsiebie-rqc.com.pl\/?page_id=96#primaryimage","url":"https:\/\/xn--bliejsiebie-rqc.com.pl\/wp-content\/uploads\/2025\/10\/logo-1.png","contentUrl":"https:\/\/xn--bliejsiebie-rqc.com.pl\/wp-content\/uploads\/2025\/10\/logo-1.png","width":960,"height":958},{"@type":"BreadcrumbList","@id":"https:\/\/xn--bliejsiebie-rqc.com.pl\/?page_id=96#breadcrumb","itemListElement":[{"@type":"ListItem","position":1,"name":"Strona g\u0142\u00f3wna","item":"https:\/\/xn--bliejsiebie-rqc.com.pl\/"},{"@type":"ListItem","position":2,"name":"Zesp\u00f3\u0142"}]},{"@type":"WebSite","@id":"https:\/\/xn--bliejsiebie-rqc.com.pl\/#website","url":"https:\/\/xn--bliejsiebie-rqc.com.pl\/","name":"Bli\u017cej Siebie Terapie Naturalne","description":"","publisher":{"@id":"https:\/\/xn--bliejsiebie-rqc.com.pl\/#organization"},"potentialAction":[{"@type":"SearchAction","target":{"@type":"EntryPoint","urlTemplate":"https:\/\/xn--bliejsiebie-rqc.com.pl\/?s={search_term_string}"},"query-input":{"@type":"PropertyValueSpecification","valueRequired":true,"valueName":"search_term_string"}}],"inLanguage":"en-US"},{"@type":"Organization","@id":"https:\/\/xn--bliejsiebie-rqc.com.pl\/#organization","name":"Bli\u017cej Siebie Terapie Naturalne","url":"https:\/\/xn--bliejsiebie-rqc.com.pl\/","logo":{"@type":"ImageObject","inLanguage":"en-US","@id":"https:\/\/xn--bliejsiebie-rqc.com.pl\/#\/schema\/logo\/image\/","url":"https:\/\/xn--bliejsiebie-rqc.com.pl\/wp-content\/uploads\/2025\/10\/logo.png","contentUrl":"https:\/\/xn--bliejsiebie-rqc.com.pl\/wp-content\/uploads\/2025\/10\/logo.png","width":857,"height":877,"caption":"Bli\u017cej Siebie Terapie Naturalne"},"image":{"@id":"https:\/\/xn--bliejsiebie-rqc.com.pl\/#\/schema\/logo\/image\/"},"sameAs":["https:\/\/www.facebook.com\/profile.php?id=100091002167848"]}]}},"_links":{"self":[{"href":"https:\/\/xn--bliejsiebie-rqc.com.pl\/index.php?rest_route=\/wp\/v2\/pages\/96","targetHints":{"allow":["GET"]}}],"collection":[{"href":"https:\/\/xn--bliejsiebie-rqc.com.pl\/index.php?rest_route=\/wp\/v2\/pages"}],"about":[{"href":"https:\/\/xn--bliejsiebie-rqc.com.pl\/index.php?rest_route=\/wp\/v2\/types\/page"}],"author":[{"embeddable":true,"href":"https:\/\/xn--bliejsiebie-rqc.com.pl\/index.php?rest_route=\/wp\/v2\/users\/1"}],"replies":[{"embeddable":true,"href":"https:\/\/xn--bliejsiebie-rqc.com.pl\/index.php?rest_route=%2Fwp%2Fv2%2Fcomments&post=96"}],"version-history":[{"count":44,"href":"https:\/\/xn--bliejsiebie-rqc.com.pl\/index.php?rest_route=\/wp\/v2\/pages\/96\/revisions"}],"predecessor-version":[{"id":511,"href":"https:\/\/xn--bliejsiebie-rqc.com.pl\/index.php?rest_route=\/wp\/v2\/pages\/96\/revisions\/511"}],"wp:attachment":[{"href":"https:\/\/xn--bliejsiebie-rqc.com.pl\/index.php?rest_route=%2Fwp%2Fv2%2Fmedia&parent=96"}],"curies":[{"name":"wp","href":"https:\/\/api.w.org\/{rel}","templated":true}]}}