{"id":94,"date":"2025-10-14T15:35:06","date_gmt":"2025-10-14T13:35:06","guid":{"rendered":"https:\/\/xn--bliejsiebie-rqc.com.pl\/?page_id=94"},"modified":"2025-11-18T15:27:48","modified_gmt":"2025-11-18T14:27:48","slug":"aktualnosci","status":"publish","type":"page","link":"https:\/\/xn--bliejsiebie-rqc.com.pl\/?page_id=94","title":{"rendered":"Aktualno\u015bci"},"content":{"rendered":"\n<p class=\"has-text-align-center has-medium-font-size\"><strong>WST\u0118P DO METODY TRE\u00ae<\/strong><\/p>\n\n\n\n<div class=\"wp-block-media-text is-stacked-on-mobile\"><figure class=\"wp-block-media-text__media\"><img loading=\"lazy\" decoding=\"async\" width=\"1024\" height=\"391\" src=\"https:\/\/xn--bliejsiebie-rqc.com.pl\/wp-content\/uploads\/2025\/10\/Wstep-do-Metody-TRE-kopia-1024x391.png\" alt=\"\" class=\"wp-image-467 size-full\" srcset=\"https:\/\/xn--bliejsiebie-rqc.com.pl\/wp-content\/uploads\/2025\/10\/Wstep-do-Metody-TRE-kopia-1024x391.png 1024w, https:\/\/xn--bliejsiebie-rqc.com.pl\/wp-content\/uploads\/2025\/10\/Wstep-do-Metody-TRE-kopia-300x115.png 300w, https:\/\/xn--bliejsiebie-rqc.com.pl\/wp-content\/uploads\/2025\/10\/Wstep-do-Metody-TRE-kopia-768x294.png 768w, https:\/\/xn--bliejsiebie-rqc.com.pl\/wp-content\/uploads\/2025\/10\/Wstep-do-Metody-TRE-kopia-1536x587.png 1536w, https:\/\/xn--bliejsiebie-rqc.com.pl\/wp-content\/uploads\/2025\/10\/Wstep-do-Metody-TRE-kopia-2048x783.png 2048w\" sizes=\"auto, (max-width: 1024px) 100vw, 1024px\" \/><\/figure><div class=\"wp-block-media-text__content\">\n<p>Czujesz w ciele wszechobecne napi\u0119cie, zm\u0119czenie, stres i ci\u0105gn\u0105ce si\u0119 noce z powodu braku snu?<br>A mo\u017ce Twoja g\u0142owa notorycznie podsy\u0142a Ci obrazy z przesz\u0142ych zdarze\u0144 albo tworzy wyimaginowane historie na przysz\u0142o\u015b\u0107 i jeste\u015b tym ju\u017c maksymalnie zm\u0119czona\/y?<\/p>\n<\/div><\/div>\n\n\n\n<p>\ud83d\udc8e Zapraszam Ci\u0119 na 3-godzinny warsztat wprowadzaj\u0105cy do metody TRE\u00ae (Tension &amp; Trauma Releasing Exercises)<\/p>\n\n\n\n<p>\ud83d\udca1 Co to jest TRE\u00ae?<br>TRE\u00ae to metoda stworzona przez dr. Davida Berceliego, oparta na neurogennych dr\u017ceniach \u2013 naturalnym mechanizmie roz\u0142adowywania napi\u0119cia, kt\u00f3re jest konsekwencj\u0105 prze\u017cytych traum i stresu. To delikatna, ale bardzo skuteczna praktyka, w kt\u00f3rej nie musisz analizowa\u0107, opowiada\u0107 czy wraca\u0107 pami\u0119ci\u0105 do trudnych do\u015bwiadcze\u0144.<\/p>\n\n\n\n<p>Wystarczy, \u017ce pozwolisz swojemu cia\u0142u dzia\u0142a\u0107, a ono naprawd\u0119 wie, jak dokona\u0107 zmian.<br>Przy systematycznym korzystaniu z metody masz szans\u0119 powrotu i \u017cycia w \u015bwiecie rzeczywistym, regulowa\u0107 autonomiczny uk\u0142ad nerwowy, w pe\u0142ni czu\u0107 swoje cia\u0142o i emocje, poszerza\u0107 sw\u00f3j wewn\u0119trzny emocjonalny kontener, a co za tym idzie- reagowa\u0107 adekwatnie do sytuacji w kt\u00f3rej w\u0142a\u015bnie uczestniczysz, podejmowa\u0107 najlepsze dla siebie decyzje, przesypia\u0107 ca\u0142\u0105 noc i regenerowa\u0107 si\u0119 w pe\u0142ni, pozby\u0107 si\u0119 dolegliwo\u015bci kr\u0119gos\u0142upa, uelastyczni\u0107 cia\u0142o i umy\u0142, zwi\u0119kszy\u0107 swoj\u0105 \u017cywotno\u015b\u0107 czyli zasoby energii w ciele.<\/p>\n\n\n\n<p>\ud83e\uddd8\u200d\u2640\ufe0f Jak wygl\u0105da warsztat?<br>W przeciwie\u0144stwie do klasycznej sesji TRE\u00ae, warsztat wprowadzaj\u0105cy to przestrze\u0144 edukacyjno-praktyczna. Tu nie tylko do\u015bwiadczysz metody, ale tak\u017ce:<\/p>\n\n\n\n<p>\ud83d\udd38zrozumiesz, jak i dlaczego dzia\u0142a,<br>\ud83d\udd38nauczysz si\u0119 podstaw autoregulacji,<br>\ud83d\udd38poznasz proste techniki, kt\u00f3re mo\u017cesz stosowa\u0107 samodzielnie w domu.<\/p>\n\n\n\n<p>Przez trzy godziny krok po kroku przeprowadz\u0119 Ci\u0119 przez:<br>\ud83d\udd39 cz\u0119\u015b\u0107 teoretyczn\u0105 \u2013 wst\u0119p do metody TRE\u00ae, jej \u017ar\u00f3d\u0142a, cel i dzia\u0142anie,<br>\ud83d\udd39 proste \u0107wiczenia przygotowuj\u0105ce cia\u0142o do wibracji (uziemienie, aktywacja mi\u0119\u015bni),<br>\ud83d\udd39 sesj\u0119 TRE\u00ae \u2013 do\u015bwiadczanie mimowolnych dr\u017ce\u0144<br>\ud83d\udd39integracj\u0119 i refleksj\u0119 \u2013 co zauwa\u017cy\u0142e\u015b\/a\u015b w sobie, jak kontynuowa\u0107 praktyk\u0119.<\/p>\n\n\n\n<p>\ud83c\udf3f Dla kogo?<br>Ten warsztat jest idealny, je\u015bli:<br>jeste\u015b zestresowana\/y, zm\u0119czona\/y, czujesz \u201eza du\u017co\u201d,<br>chcesz rozlu\u017ani\u0107 cia\u0142o w naturalny spos\u00f3b,<br>nie masz do\u015bwiadczenia w TRE\u00ae, ale jeste\u015b ciekawa\/y,<br>potrzebujesz praktyki, kt\u00f3ra nie wymaga \u201em\u00f3wienia o problemach\u201d.<\/p>\n\n\n\n<p>\ud83e\uddfa Co zabra\u0107?<\/p>\n\n\n\n<p>Wygodne ubranie do \u0107wicze\u0144, karimat\u0119 (je\u015bli nie masz, daj zna\u0107 to zorganizuj\u0119), koc, ma\u0142\u0105 poduszk\u0119. Otwarto\u015b\u0107 i gotowo\u015b\u0107, by zadba\u0107 o siebie.<br>Przyda Ci si\u0119 te\u017c wod\u0119 do picia.<\/p>\n\n\n\n<p>\u274c Przeciwwskazania<br>Zaburzenia ci\u015bnienia krwi i pracy serca (arytmia, rozrusznik), z\u0142amania ko\u015bci, nadwyr\u0119\u017cenia i skr\u0119cenia staw\u00f3w, stany pooperacyjne, hypo\/hiperglikemia, padaczka, ci\u0105\u017ca, psychozy, g\u0142\u0119boka depresja, schizofrenia.<\/p>\n\n\n\n<p>\ud83d\udc69\u200d\ud83d\udcbc Kim jestem:<br>Na co dzie\u0144 pracuj\u0119 jako certyfikowana TRE\u00ae Providerka prowadz\u0105c sesje indywidualne, grupowe i dla par;<br>terapeutka psychosomatyczna i manualna (masa\u017ce zdrowotne i relaksacyjne), facylitatorka technik oddechowych.<br>Praktykuj\u0119 metod\u0119 Access Bars.<br>Prowadz\u0119 konsultacje i mentoring.<\/p>\n\n\n\n<p>\ud83d\udccd Szczeg\u00f3\u0142y organizacyjne:<br>\ud83d\udcc5 Data: 15 listopada 2025 ( organizowany cyklicznie, w celu ustalenia terminu prosz\u0119 o kontakt)<br>\u23f0 Godziny: 16.00-18.00<br>\ud83d\udccd Miejsce: Bli\u017cej Siebie, Kielce Gen. T. Ko\u015bciuszki 11 p. III<br>\ud83d\udcb0 Honorarium: 300 z\u0142<br>\ud83d\udcdd Zapisy: mailowo- kontakt@dorotadrogosz.pl.<br>tel. 883305677,<br>przez whatsaap lub messenger<\/p>\n\n\n\n<p>Miejsce rezerwuje wp\u0142ata zaliczki 100 z\u0142 na konto:<br>82 1140 2004 0000 3602 7649 9615.<br>Zwrotna przy rezygnacji nie p\u00f3\u017aniej ni\u017c 48 h przed warsztatami.<br>Pozosta\u0142a cz\u0119\u015b\u0107 do wyregulowania przed spotkaniem.<br>P\u0142atno\u015b\u0107 mo\u017ce by\u0107 tak\u017ce &#8220;na telefon&#8221;.<\/p>\n\n\n\n<p>Liczba miejsc &#8211; 12<br>Zaj\u0119cia odb\u0119d\u0105 si\u0119 przy minimalnej grupie 5 os\u00f3b<\/p>\n\n\n\n<p>\ud83d\udcac Na zako\u0144czenie<br>TRE\u00ae to co\u015b wi\u0119cej ni\u017c technika. To spos\u00f3b, by zn\u00f3w poczu\u0107 si\u0119 sob\u0105 \u2013 w ciele, w kontakcie ze sob\u0105, spokojnie. Je\u015bli jeste\u015b gotowa\/y da\u0107 sobie t\u0119 szans\u0119 \u2013 zapraszam z ca\u0142ego serca.<\/p>\n\n\n\n<p class=\"has-text-align-center has-medium-font-size\"><strong>M\u0119ska Lo\u017ca<\/strong><\/p>\n\n\n\n<div class=\"wp-block-media-text is-stacked-on-mobile\" style=\"grid-template-columns:24% auto\"><figure class=\"wp-block-media-text__media\"><img loading=\"lazy\" decoding=\"async\" width=\"684\" height=\"1024\" src=\"https:\/\/xn--bliejsiebie-rqc.com.pl\/wp-content\/uploads\/2025\/10\/Meska-Loza-684x1024.png\" alt=\"\" class=\"wp-image-333 size-full\" srcset=\"https:\/\/xn--bliejsiebie-rqc.com.pl\/wp-content\/uploads\/2025\/10\/Meska-Loza-684x1024.png 684w, https:\/\/xn--bliejsiebie-rqc.com.pl\/wp-content\/uploads\/2025\/10\/Meska-Loza-200x300.png 200w, https:\/\/xn--bliejsiebie-rqc.com.pl\/wp-content\/uploads\/2025\/10\/Meska-Loza-768x1151.png 768w, https:\/\/xn--bliejsiebie-rqc.com.pl\/wp-content\/uploads\/2025\/10\/Meska-Loza-1025x1536.png 1025w, https:\/\/xn--bliejsiebie-rqc.com.pl\/wp-content\/uploads\/2025\/10\/Meska-Loza.png 1367w\" sizes=\"auto, (max-width: 684px) 100vw, 684px\" \/><\/figure><div class=\"wp-block-media-text__content\">\n<p><\/p>\n\n\n\n<p>Serdecznie zapraszamy na M\u0119sk\u0105 Lo\u017c\u0119, kt\u00f3ra odb\u0119dzie si\u0119 w naszej przestrzeni Bli\u017cej Siebie.<br>Zapraszamy Pan\u00f3w na warsztat.<\/p>\n\n\n\n<p>M\u0119ska Lo\u017ca to przestrze\u0144, w kt\u00f3rej b\u0119dziemy odkrywa\u0107 siebie, poznawa\u0107 siebie, do\u015bwiadcza\u0107 siebie w m\u0119skim gronie. Poprzez r\u00f3\u017cne metody takie jak Totalna Biologi\u0119, Ustawienia Systemowe i Intencji, TRE, oddech biodynamiczny albo przez normaln\u0105 rozmow\u0119. Bez alkoholu oraz innych u\u017cywek b\u0119dziesz m\u00f3g\u0142 zobaczy\u0107 siebie, poczu\u0107 siebie lub po prostu odpocz\u0105\u0107, nabra\u0107 si\u0142y energii na nowe wyzwania, kt\u00f3re czekaj\u0105 na zewn\u0105trz. Zaj\u0119cia b\u0119d\u0105 odbywa\u0107 si\u0119 w kameralnym gronie, gdzie obowi\u0105zuje dyskrecja i dobra zabawa.<\/p>\n<\/div><\/div>\n\n\n\n<p>Na spotkaniu:<br>\u2022 przyjrzymy si\u0119, czym jest z\u0142o\u015b\u0107 i jakie pe\u0142ni funkcje,<br>\u2022 przepracujemy blokady i l\u0119ki zwi\u0105zane z wyra\u017caniem trudnych emocji,<br>\u2022 nauczymy si\u0119 praktycznych narz\u0119dzi do zarz\u0105dzania napi\u0119ciem i konfliktem,<br>\u2022 wsp\u00f3lnie stworzymy bezpieczn\u0105 przestrze\u0144 do dzielenia si\u0119 do\u015bwiadczeniami.<\/p>\n\n\n\n<p>\ud83d\uddd3 Kiedy i gdzie:<br>Lo\u017ca M\u0119ska odbywa si\u0119 cyklicznie w naszej przestrzeni Bli\u017cej Siebie.<\/p>\n\n\n\n<p>Kto mo\u017ce wzi\u0105\u0107 udzia\u0142?<\/p>\n\n\n\n<p>Zapraszamy wszystkich m\u0119\u017cczyzn \u2014 bez wzgl\u0119du na dotychczasowe do\u015bwiadczenia, wiek czy spos\u00f3b radzenia sobie z emocjami.<\/p>\n\n\n\n<p>To przestrze\u0144 stworzona po to, by\u015b poczu\u0142 si\u0119 zrozumiany i m\u00f3g\u0142 zobaczy\u0107, \u017ce nie jeste\u015b z tym sam.<\/p>\n\n\n\n<p>\ud83d\udc49 Zapraszam te\u017c do obejrzenia filmu, kt\u00f3ry \u015bwietnie wprowadza w temat:<\/p>\n\n\n\n<figure class=\"wp-block-embed is-type-video is-provider-youtube wp-block-embed-youtube wp-embed-aspect-16-9 wp-has-aspect-ratio\"><div class=\"wp-block-embed__wrapper\">\n<iframe loading=\"lazy\" title=\"M\u0119ska Lo\u017ca po co mi to przecie\u017c lepiej si\u0119 napi\u0107, i\u015b\u0107 do pracy, pobiega\u0107  ....\" width=\"500\" height=\"281\" src=\"https:\/\/www.youtube.com\/embed\/NucNJvcidLo?feature=oembed\" frameborder=\"0\" allow=\"accelerometer; autoplay; clipboard-write; encrypted-media; gyroscope; picture-in-picture; web-share\" referrerpolicy=\"strict-origin-when-cross-origin\" allowfullscreen><\/iframe>\n<\/div><\/figure>\n\n\n\n<p>Do zobaczenia w Bli\u017cej Siebie \u2728<br>Szczeg\u00f3\u0142y w linku \u2b07\ufe0f<\/p>\n\n\n\n<p><a href=\"http:\/\/www.przemekpakula.pl\/warsztaty\/news\/1\">http:\/\/www.przemekpakula.pl\/warsztaty\/news\/1<\/a><\/p>\n\n\n\n<p><\/p>\n\n\n\n<p class=\"has-text-align-center\"><strong>Warsztat Ustawie\u0144 Systemowych i Intencji<\/strong><\/p>\n\n\n\n<figure class=\"wp-block-image size-large is-resized\"><img loading=\"lazy\" decoding=\"async\" width=\"1024\" height=\"1024\" src=\"https:\/\/xn--bliejsiebie-rqc.com.pl\/wp-content\/uploads\/2025\/10\/Warsztat-Ustawien-Systemowych-i-Intencjii-1024x1024.jpg\" alt=\"\" class=\"wp-image-417\" style=\"width:277px;height:auto\" srcset=\"https:\/\/xn--bliejsiebie-rqc.com.pl\/wp-content\/uploads\/2025\/10\/Warsztat-Ustawien-Systemowych-i-Intencjii-1024x1024.jpg 1024w, https:\/\/xn--bliejsiebie-rqc.com.pl\/wp-content\/uploads\/2025\/10\/Warsztat-Ustawien-Systemowych-i-Intencjii-300x300.jpg 300w, https:\/\/xn--bliejsiebie-rqc.com.pl\/wp-content\/uploads\/2025\/10\/Warsztat-Ustawien-Systemowych-i-Intencjii-150x150.jpg 150w, https:\/\/xn--bliejsiebie-rqc.com.pl\/wp-content\/uploads\/2025\/10\/Warsztat-Ustawien-Systemowych-i-Intencjii-768x768.jpg 768w, https:\/\/xn--bliejsiebie-rqc.com.pl\/wp-content\/uploads\/2025\/10\/Warsztat-Ustawien-Systemowych-i-Intencjii-1536x1536.jpg 1536w, https:\/\/xn--bliejsiebie-rqc.com.pl\/wp-content\/uploads\/2025\/10\/Warsztat-Ustawien-Systemowych-i-Intencjii.jpg 1920w\" sizes=\"auto, (max-width: 1024px) 100vw, 1024px\" \/><\/figure>\n\n\n\n<p>Warsztat odbywa si\u0119 cyklicznie.<br>Zapraszamy do \u015bledzenia termin\u00f3w i kontaktu!<\/p>\n\n\n\n<p>Wszystkie niezb\u0119dne informacje w linku \u2b07\ufe0f<\/p>\n\n\n\n<p><a href=\"https:\/\/www.przemekpakula.pl\/warsztaty\/news\/2\">https:\/\/www.przemekpakula.pl\/warsztaty\/news\/2<\/a><\/p>\n","protected":false},"excerpt":{"rendered":"<p>WST\u0118P DO METODY TRE\u00ae Czujesz w ciele wszechobecne napi\u0119cie, zm\u0119czenie, stres i ci\u0105gn\u0105ce si\u0119 noce z powodu braku snu?A mo\u017ce Twoja g\u0142owa notorycznie podsy\u0142a Ci obrazy z przesz\u0142ych zdarze\u0144 albo tworzy wyimaginowane historie na przysz\u0142o\u015b\u0107 i jeste\u015b tym ju\u017c maksymalnie zm\u0119czona\/y? \ud83d\udc8e Zapraszam Ci\u0119 na 3-godzinny warsztat wprowadzaj\u0105cy do metody TRE\u00ae (Tension &amp; Trauma Releasing [&hellip;]<\/p>\n","protected":false},"author":1,"featured_media":0,"parent":0,"menu_order":0,"comment_status":"closed","ping_status":"closed","template":"","meta":{"footnotes":""},"class_list":["post-94","page","type-page","status-publish","hentry"],"yoast_head":"<!-- This site is optimized with the Yoast SEO plugin v27.0 - https:\/\/yoast.com\/product\/yoast-seo-wordpress\/ -->\n<title>Aktualno\u015bci - Bli\u017cej Siebie Terapie Naturalne<\/title>\n<meta name=\"robots\" content=\"index, follow, max-snippet:-1, max-image-preview:large, max-video-preview:-1\" \/>\n<link rel=\"canonical\" href=\"https:\/\/xn--bliejsiebie-rqc.com.pl\/?page_id=94\" \/>\n<meta property=\"og:locale\" content=\"en_US\" \/>\n<meta property=\"og:type\" content=\"article\" \/>\n<meta property=\"og:title\" content=\"Aktualno\u015bci - Bli\u017cej Siebie Terapie Naturalne\" \/>\n<meta property=\"og:description\" content=\"WST\u0118P DO METODY TRE\u00ae Czujesz w ciele wszechobecne napi\u0119cie, zm\u0119czenie, stres i ci\u0105gn\u0105ce si\u0119 noce z powodu braku snu?A mo\u017ce Twoja g\u0142owa notorycznie podsy\u0142a Ci obrazy z przesz\u0142ych zdarze\u0144 albo tworzy wyimaginowane historie na przysz\u0142o\u015b\u0107 i jeste\u015b tym ju\u017c maksymalnie zm\u0119czona\/y? \ud83d\udc8e Zapraszam Ci\u0119 na 3-godzinny warsztat wprowadzaj\u0105cy do metody TRE\u00ae (Tension &amp; Trauma Releasing [&hellip;]\" \/>\n<meta property=\"og:url\" content=\"https:\/\/xn--bliejsiebie-rqc.com.pl\/?page_id=94\" \/>\n<meta property=\"og:site_name\" content=\"Bli\u017cej Siebie Terapie Naturalne\" \/>\n<meta property=\"article:publisher\" content=\"https:\/\/www.facebook.com\/profile.php?id=100091002167848\" \/>\n<meta property=\"article:modified_time\" content=\"2025-11-18T14:27:48+00:00\" \/>\n<meta property=\"og:image\" content=\"https:\/\/xn--bliejsiebie-rqc.com.pl\/wp-content\/uploads\/2025\/10\/Wstep-do-Metody-TRE-kopia.png\" \/>\n\t<meta property=\"og:image:width\" content=\"2132\" \/>\n\t<meta property=\"og:image:height\" content=\"815\" \/>\n\t<meta property=\"og:image:type\" content=\"image\/png\" \/>\n<meta name=\"twitter:card\" content=\"summary_large_image\" \/>\n<meta name=\"twitter:label1\" content=\"Est. reading time\" \/>\n\t<meta name=\"twitter:data1\" content=\"6 minutes\" \/>\n<script type=\"application\/ld+json\" class=\"yoast-schema-graph\">{\"@context\":\"https:\/\/schema.org\",\"@graph\":[{\"@type\":\"WebPage\",\"@id\":\"https:\/\/xn--bliejsiebie-rqc.com.pl\/?page_id=94\",\"url\":\"https:\/\/xn--bliejsiebie-rqc.com.pl\/?page_id=94\",\"name\":\"Aktualno\u015bci - Bli\u017cej Siebie Terapie Naturalne\",\"isPartOf\":{\"@id\":\"https:\/\/xn--bliejsiebie-rqc.com.pl\/#website\"},\"primaryImageOfPage\":{\"@id\":\"https:\/\/xn--bliejsiebie-rqc.com.pl\/?page_id=94#primaryimage\"},\"image\":{\"@id\":\"https:\/\/xn--bliejsiebie-rqc.com.pl\/?page_id=94#primaryimage\"},\"thumbnailUrl\":\"https:\/\/xn--bliejsiebie-rqc.com.pl\/wp-content\/uploads\/2025\/10\/Wstep-do-Metody-TRE-kopia-1024x391.png\",\"datePublished\":\"2025-10-14T13:35:06+00:00\",\"dateModified\":\"2025-11-18T14:27:48+00:00\",\"breadcrumb\":{\"@id\":\"https:\/\/xn--bliejsiebie-rqc.com.pl\/?page_id=94#breadcrumb\"},\"inLanguage\":\"en-US\",\"potentialAction\":[{\"@type\":\"ReadAction\",\"target\":[\"https:\/\/xn--bliejsiebie-rqc.com.pl\/?page_id=94\"]}]},{\"@type\":\"ImageObject\",\"inLanguage\":\"en-US\",\"@id\":\"https:\/\/xn--bliejsiebie-rqc.com.pl\/?page_id=94#primaryimage\",\"url\":\"https:\/\/xn--bliejsiebie-rqc.com.pl\/wp-content\/uploads\/2025\/10\/Wstep-do-Metody-TRE-kopia.png\",\"contentUrl\":\"https:\/\/xn--bliejsiebie-rqc.com.pl\/wp-content\/uploads\/2025\/10\/Wstep-do-Metody-TRE-kopia.png\",\"width\":2132,\"height\":815},{\"@type\":\"BreadcrumbList\",\"@id\":\"https:\/\/xn--bliejsiebie-rqc.com.pl\/?page_id=94#breadcrumb\",\"itemListElement\":[{\"@type\":\"ListItem\",\"position\":1,\"name\":\"Strona g\u0142\u00f3wna\",\"item\":\"https:\/\/xn--bliejsiebie-rqc.com.pl\/\"},{\"@type\":\"ListItem\",\"position\":2,\"name\":\"Aktualno\u015bci\"}]},{\"@type\":\"WebSite\",\"@id\":\"https:\/\/xn--bliejsiebie-rqc.com.pl\/#website\",\"url\":\"https:\/\/xn--bliejsiebie-rqc.com.pl\/\",\"name\":\"Bli\u017cej Siebie Terapie Naturalne\",\"description\":\"\",\"publisher\":{\"@id\":\"https:\/\/xn--bliejsiebie-rqc.com.pl\/#organization\"},\"potentialAction\":[{\"@type\":\"SearchAction\",\"target\":{\"@type\":\"EntryPoint\",\"urlTemplate\":\"https:\/\/xn--bliejsiebie-rqc.com.pl\/?s={search_term_string}\"},\"query-input\":{\"@type\":\"PropertyValueSpecification\",\"valueRequired\":true,\"valueName\":\"search_term_string\"}}],\"inLanguage\":\"en-US\"},{\"@type\":\"Organization\",\"@id\":\"https:\/\/xn--bliejsiebie-rqc.com.pl\/#organization\",\"name\":\"Bli\u017cej Siebie Terapie Naturalne\",\"url\":\"https:\/\/xn--bliejsiebie-rqc.com.pl\/\",\"logo\":{\"@type\":\"ImageObject\",\"inLanguage\":\"en-US\",\"@id\":\"https:\/\/xn--bliejsiebie-rqc.com.pl\/#\/schema\/logo\/image\/\",\"url\":\"https:\/\/xn--bliejsiebie-rqc.com.pl\/wp-content\/uploads\/2025\/10\/logo.png\",\"contentUrl\":\"https:\/\/xn--bliejsiebie-rqc.com.pl\/wp-content\/uploads\/2025\/10\/logo.png\",\"width\":857,\"height\":877,\"caption\":\"Bli\u017cej Siebie Terapie Naturalne\"},\"image\":{\"@id\":\"https:\/\/xn--bliejsiebie-rqc.com.pl\/#\/schema\/logo\/image\/\"},\"sameAs\":[\"https:\/\/www.facebook.com\/profile.php?id=100091002167848\"]}]}<\/script>\n<!-- \/ Yoast SEO plugin. -->","yoast_head_json":{"title":"Aktualno\u015bci - Bli\u017cej Siebie Terapie Naturalne","robots":{"index":"index","follow":"follow","max-snippet":"max-snippet:-1","max-image-preview":"max-image-preview:large","max-video-preview":"max-video-preview:-1"},"canonical":"https:\/\/xn--bliejsiebie-rqc.com.pl\/?page_id=94","og_locale":"en_US","og_type":"article","og_title":"Aktualno\u015bci - Bli\u017cej Siebie Terapie Naturalne","og_description":"WST\u0118P DO METODY TRE\u00ae Czujesz w ciele wszechobecne napi\u0119cie, zm\u0119czenie, stres i ci\u0105gn\u0105ce si\u0119 noce z powodu braku snu?A mo\u017ce Twoja g\u0142owa notorycznie podsy\u0142a Ci obrazy z przesz\u0142ych zdarze\u0144 albo tworzy wyimaginowane historie na przysz\u0142o\u015b\u0107 i jeste\u015b tym ju\u017c maksymalnie zm\u0119czona\/y? \ud83d\udc8e Zapraszam Ci\u0119 na 3-godzinny warsztat wprowadzaj\u0105cy do metody TRE\u00ae (Tension &amp; Trauma Releasing [&hellip;]","og_url":"https:\/\/xn--bliejsiebie-rqc.com.pl\/?page_id=94","og_site_name":"Bli\u017cej Siebie Terapie Naturalne","article_publisher":"https:\/\/www.facebook.com\/profile.php?id=100091002167848","article_modified_time":"2025-11-18T14:27:48+00:00","og_image":[{"width":2132,"height":815,"url":"https:\/\/xn--bliejsiebie-rqc.com.pl\/wp-content\/uploads\/2025\/10\/Wstep-do-Metody-TRE-kopia.png","type":"image\/png"}],"twitter_card":"summary_large_image","twitter_misc":{"Est. reading time":"6 minutes"},"schema":{"@context":"https:\/\/schema.org","@graph":[{"@type":"WebPage","@id":"https:\/\/xn--bliejsiebie-rqc.com.pl\/?page_id=94","url":"https:\/\/xn--bliejsiebie-rqc.com.pl\/?page_id=94","name":"Aktualno\u015bci - Bli\u017cej Siebie Terapie Naturalne","isPartOf":{"@id":"https:\/\/xn--bliejsiebie-rqc.com.pl\/#website"},"primaryImageOfPage":{"@id":"https:\/\/xn--bliejsiebie-rqc.com.pl\/?page_id=94#primaryimage"},"image":{"@id":"https:\/\/xn--bliejsiebie-rqc.com.pl\/?page_id=94#primaryimage"},"thumbnailUrl":"https:\/\/xn--bliejsiebie-rqc.com.pl\/wp-content\/uploads\/2025\/10\/Wstep-do-Metody-TRE-kopia-1024x391.png","datePublished":"2025-10-14T13:35:06+00:00","dateModified":"2025-11-18T14:27:48+00:00","breadcrumb":{"@id":"https:\/\/xn--bliejsiebie-rqc.com.pl\/?page_id=94#breadcrumb"},"inLanguage":"en-US","potentialAction":[{"@type":"ReadAction","target":["https:\/\/xn--bliejsiebie-rqc.com.pl\/?page_id=94"]}]},{"@type":"ImageObject","inLanguage":"en-US","@id":"https:\/\/xn--bliejsiebie-rqc.com.pl\/?page_id=94#primaryimage","url":"https:\/\/xn--bliejsiebie-rqc.com.pl\/wp-content\/uploads\/2025\/10\/Wstep-do-Metody-TRE-kopia.png","contentUrl":"https:\/\/xn--bliejsiebie-rqc.com.pl\/wp-content\/uploads\/2025\/10\/Wstep-do-Metody-TRE-kopia.png","width":2132,"height":815},{"@type":"BreadcrumbList","@id":"https:\/\/xn--bliejsiebie-rqc.com.pl\/?page_id=94#breadcrumb","itemListElement":[{"@type":"ListItem","position":1,"name":"Strona g\u0142\u00f3wna","item":"https:\/\/xn--bliejsiebie-rqc.com.pl\/"},{"@type":"ListItem","position":2,"name":"Aktualno\u015bci"}]},{"@type":"WebSite","@id":"https:\/\/xn--bliejsiebie-rqc.com.pl\/#website","url":"https:\/\/xn--bliejsiebie-rqc.com.pl\/","name":"Bli\u017cej Siebie Terapie Naturalne","description":"","publisher":{"@id":"https:\/\/xn--bliejsiebie-rqc.com.pl\/#organization"},"potentialAction":[{"@type":"SearchAction","target":{"@type":"EntryPoint","urlTemplate":"https:\/\/xn--bliejsiebie-rqc.com.pl\/?s={search_term_string}"},"query-input":{"@type":"PropertyValueSpecification","valueRequired":true,"valueName":"search_term_string"}}],"inLanguage":"en-US"},{"@type":"Organization","@id":"https:\/\/xn--bliejsiebie-rqc.com.pl\/#organization","name":"Bli\u017cej Siebie Terapie Naturalne","url":"https:\/\/xn--bliejsiebie-rqc.com.pl\/","logo":{"@type":"ImageObject","inLanguage":"en-US","@id":"https:\/\/xn--bliejsiebie-rqc.com.pl\/#\/schema\/logo\/image\/","url":"https:\/\/xn--bliejsiebie-rqc.com.pl\/wp-content\/uploads\/2025\/10\/logo.png","contentUrl":"https:\/\/xn--bliejsiebie-rqc.com.pl\/wp-content\/uploads\/2025\/10\/logo.png","width":857,"height":877,"caption":"Bli\u017cej Siebie Terapie Naturalne"},"image":{"@id":"https:\/\/xn--bliejsiebie-rqc.com.pl\/#\/schema\/logo\/image\/"},"sameAs":["https:\/\/www.facebook.com\/profile.php?id=100091002167848"]}]}},"_links":{"self":[{"href":"https:\/\/xn--bliejsiebie-rqc.com.pl\/index.php?rest_route=\/wp\/v2\/pages\/94","targetHints":{"allow":["GET"]}}],"collection":[{"href":"https:\/\/xn--bliejsiebie-rqc.com.pl\/index.php?rest_route=\/wp\/v2\/pages"}],"about":[{"href":"https:\/\/xn--bliejsiebie-rqc.com.pl\/index.php?rest_route=\/wp\/v2\/types\/page"}],"author":[{"embeddable":true,"href":"https:\/\/xn--bliejsiebie-rqc.com.pl\/index.php?rest_route=\/wp\/v2\/users\/1"}],"replies":[{"embeddable":true,"href":"https:\/\/xn--bliejsiebie-rqc.com.pl\/index.php?rest_route=%2Fwp%2Fv2%2Fcomments&post=94"}],"version-history":[{"count":7,"href":"https:\/\/xn--bliejsiebie-rqc.com.pl\/index.php?rest_route=\/wp\/v2\/pages\/94\/revisions"}],"predecessor-version":[{"id":468,"href":"https:\/\/xn--bliejsiebie-rqc.com.pl\/index.php?rest_route=\/wp\/v2\/pages\/94\/revisions\/468"}],"wp:attachment":[{"href":"https:\/\/xn--bliejsiebie-rqc.com.pl\/index.php?rest_route=%2Fwp%2Fv2%2Fmedia&parent=94"}],"curies":[{"name":"wp","href":"https:\/\/api.w.org\/{rel}","templated":true}]}}