{"id":303,"date":"2025-10-25T10:24:40","date_gmt":"2025-10-25T08:24:40","guid":{"rendered":"https:\/\/xn--bliejsiebie-rqc.com.pl\/?page_id=303"},"modified":"2025-11-18T15:38:54","modified_gmt":"2025-11-18T14:38:54","slug":"przemek-pakula","status":"publish","type":"page","link":"https:\/\/xn--bliejsiebie-rqc.com.pl\/?page_id=303","title":{"rendered":"Przemek Paku\u0142a"},"content":{"rendered":"\n<div class=\"wp-block-media-text is-stacked-on-mobile\" style=\"grid-template-columns:29% auto\"><figure class=\"wp-block-media-text__media\"><img loading=\"lazy\" decoding=\"async\" width=\"684\" height=\"1024\" src=\"https:\/\/xn--bliejsiebie-rqc.com.pl\/wp-content\/uploads\/2025\/10\/Przemek-Pakula-684x1024.jpg\" alt=\"\" class=\"wp-image-304 size-full\" srcset=\"https:\/\/xn--bliejsiebie-rqc.com.pl\/wp-content\/uploads\/2025\/10\/Przemek-Pakula-684x1024.jpg 684w, https:\/\/xn--bliejsiebie-rqc.com.pl\/wp-content\/uploads\/2025\/10\/Przemek-Pakula-200x300.jpg 200w, https:\/\/xn--bliejsiebie-rqc.com.pl\/wp-content\/uploads\/2025\/10\/Przemek-Pakula-768x1151.jpg 768w, https:\/\/xn--bliejsiebie-rqc.com.pl\/wp-content\/uploads\/2025\/10\/Przemek-Pakula-1025x1536.jpg 1025w, https:\/\/xn--bliejsiebie-rqc.com.pl\/wp-content\/uploads\/2025\/10\/Przemek-Pakula.jpg 1367w\" sizes=\"auto, (max-width: 684px) 100vw, 684px\" \/><\/figure><div class=\"wp-block-media-text__content\">\n<p>Z zawodu jestem Naturopat\u0105 wi\u0119c w swojej pracy oraz moim \u017cyciu praktykuje holistyczne podej\u015bcie do wszystkich aspekt\u00f3w naszego istnienia.&nbsp;<\/p>\n\n\n\n<p>W trakcie mojej podr\u00f3\u017cy, zwanej \u017cyciem, metodami, kt\u00f3rymi pracuj\u0119 i s\u0105 najbli\u017csze memu sercu, poniewa\u017c sam je na sobie praktykowa\u0142em i praktykuj\u0119, s\u0105:<\/p>\n\n\n\n<p>&#8211; Totalna Biologia,<br>&#8211; Ustawienia Systemowe i Intencji,<br>&#8211; Zio\u0142olecznictwo.<\/p>\n<\/div><\/div>\n\n\n\n<p>Prac\u0119 naturoterapeuty \u0142\u0105cz\u0119 z prac\u0105 z cia\u0142em poprzez:<br>&#8211; TRE,<br>&#8211; metod\u0119 Feldenkraisa,<br>&#8211; \u0107wiczenia oddechowe Qigong,<br>&#8211; oddech biodynamiczny.<\/p>\n\n\n\n<p>Cudownym wype\u0142nieniem mojego \u017cycia oraz mojego warsztatu pracy jest:<br>&#8211; medytacja,<br>&#8211; wizualizacja<\/p>\n\n\n\n<p>W celu um\u00f3wienia sesji zapraszam do kontaktu.&nbsp;<\/p>\n\n\n\n<p><strong>Kontakt:<\/strong> 504-180-984<br>kontakt@przemekpakula.pl<br><a href=\"http:\/\/www.przemekpakula.pl\/\" target=\"_blank\" rel=\"noreferrer noopener\"><strong>www.przemekpakula.pl<\/strong><\/a><\/p>\n\n\n\n<p><strong>Cennik:<\/strong><br>Ustawiania indywidualne 450 ( czas od godziny do dw\u00f3ch )&nbsp;<br>Ustawiania na figurkach 300<br>Konsultacja 200 z\u0142.&nbsp;<br>Totalna Biologia 300 ( 2h )<\/p>\n","protected":false},"excerpt":{"rendered":"<p>Z zawodu jestem Naturopat\u0105 wi\u0119c w swojej pracy oraz moim \u017cyciu praktykuje holistyczne podej\u015bcie do wszystkich aspekt\u00f3w naszego istnienia.&nbsp; W trakcie mojej podr\u00f3\u017cy, zwanej \u017cyciem, metodami, kt\u00f3rymi pracuj\u0119 i s\u0105 najbli\u017csze memu sercu, poniewa\u017c sam je na sobie praktykowa\u0142em i praktykuj\u0119, s\u0105: &#8211; Totalna Biologia,&#8211; Ustawienia Systemowe i Intencji,&#8211; Zio\u0142olecznictwo. Prac\u0119 naturoterapeuty \u0142\u0105cz\u0119 z prac\u0105 [&hellip;]<\/p>\n","protected":false},"author":1,"featured_media":0,"parent":0,"menu_order":0,"comment_status":"closed","ping_status":"closed","template":"","meta":{"footnotes":""},"class_list":["post-303","page","type-page","status-publish","hentry"],"yoast_head":"<!-- This site is optimized with the Yoast SEO plugin v27.0 - https:\/\/yoast.com\/product\/yoast-seo-wordpress\/ -->\n<title>Przemek Paku\u0142a - Bli\u017cej Siebie Terapie Naturalne<\/title>\n<meta name=\"robots\" content=\"index, follow, max-snippet:-1, max-image-preview:large, max-video-preview:-1\" \/>\n<link rel=\"canonical\" href=\"https:\/\/xn--bliejsiebie-rqc.com.pl\/?page_id=303\" \/>\n<meta property=\"og:locale\" content=\"en_US\" \/>\n<meta property=\"og:type\" content=\"article\" \/>\n<meta property=\"og:title\" content=\"Przemek Paku\u0142a - Bli\u017cej Siebie Terapie Naturalne\" \/>\n<meta property=\"og:description\" content=\"Z zawodu jestem Naturopat\u0105 wi\u0119c w swojej pracy oraz moim \u017cyciu praktykuje holistyczne podej\u015bcie do wszystkich aspekt\u00f3w naszego istnienia.&nbsp; W trakcie mojej podr\u00f3\u017cy, zwanej \u017cyciem, metodami, kt\u00f3rymi pracuj\u0119 i s\u0105 najbli\u017csze memu sercu, poniewa\u017c sam je na sobie praktykowa\u0142em i praktykuj\u0119, s\u0105: &#8211; Totalna Biologia,&#8211; Ustawienia Systemowe i Intencji,&#8211; Zio\u0142olecznictwo. Prac\u0119 naturoterapeuty \u0142\u0105cz\u0119 z prac\u0105 [&hellip;]\" \/>\n<meta property=\"og:url\" content=\"https:\/\/xn--bliejsiebie-rqc.com.pl\/?page_id=303\" \/>\n<meta property=\"og:site_name\" content=\"Bli\u017cej Siebie Terapie Naturalne\" \/>\n<meta property=\"article:publisher\" content=\"https:\/\/www.facebook.com\/profile.php?id=100091002167848\" \/>\n<meta property=\"article:modified_time\" content=\"2025-11-18T14:38:54+00:00\" \/>\n<meta property=\"og:image\" content=\"https:\/\/xn--bliejsiebie-rqc.com.pl\/wp-content\/uploads\/2025\/10\/Przemek-Pakula.jpg\" \/>\n\t<meta property=\"og:image:width\" content=\"1367\" \/>\n\t<meta property=\"og:image:height\" content=\"2048\" \/>\n\t<meta property=\"og:image:type\" content=\"image\/jpeg\" \/>\n<meta name=\"twitter:card\" content=\"summary_large_image\" \/>\n<meta name=\"twitter:label1\" content=\"Est. reading time\" \/>\n\t<meta name=\"twitter:data1\" content=\"1 minute\" \/>\n<script type=\"application\/ld+json\" class=\"yoast-schema-graph\">{\"@context\":\"https:\/\/schema.org\",\"@graph\":[{\"@type\":\"WebPage\",\"@id\":\"https:\/\/xn--bliejsiebie-rqc.com.pl\/?page_id=303\",\"url\":\"https:\/\/xn--bliejsiebie-rqc.com.pl\/?page_id=303\",\"name\":\"Przemek Paku\u0142a - Bli\u017cej Siebie Terapie Naturalne\",\"isPartOf\":{\"@id\":\"https:\/\/xn--bliejsiebie-rqc.com.pl\/#website\"},\"primaryImageOfPage\":{\"@id\":\"https:\/\/xn--bliejsiebie-rqc.com.pl\/?page_id=303#primaryimage\"},\"image\":{\"@id\":\"https:\/\/xn--bliejsiebie-rqc.com.pl\/?page_id=303#primaryimage\"},\"thumbnailUrl\":\"https:\/\/xn--bliejsiebie-rqc.com.pl\/wp-content\/uploads\/2025\/10\/Przemek-Pakula-684x1024.jpg\",\"datePublished\":\"2025-10-25T08:24:40+00:00\",\"dateModified\":\"2025-11-18T14:38:54+00:00\",\"breadcrumb\":{\"@id\":\"https:\/\/xn--bliejsiebie-rqc.com.pl\/?page_id=303#breadcrumb\"},\"inLanguage\":\"en-US\",\"potentialAction\":[{\"@type\":\"ReadAction\",\"target\":[\"https:\/\/xn--bliejsiebie-rqc.com.pl\/?page_id=303\"]}]},{\"@type\":\"ImageObject\",\"inLanguage\":\"en-US\",\"@id\":\"https:\/\/xn--bliejsiebie-rqc.com.pl\/?page_id=303#primaryimage\",\"url\":\"https:\/\/xn--bliejsiebie-rqc.com.pl\/wp-content\/uploads\/2025\/10\/Przemek-Pakula.jpg\",\"contentUrl\":\"https:\/\/xn--bliejsiebie-rqc.com.pl\/wp-content\/uploads\/2025\/10\/Przemek-Pakula.jpg\",\"width\":1367,\"height\":2048},{\"@type\":\"BreadcrumbList\",\"@id\":\"https:\/\/xn--bliejsiebie-rqc.com.pl\/?page_id=303#breadcrumb\",\"itemListElement\":[{\"@type\":\"ListItem\",\"position\":1,\"name\":\"Strona g\u0142\u00f3wna\",\"item\":\"https:\/\/xn--bliejsiebie-rqc.com.pl\/\"},{\"@type\":\"ListItem\",\"position\":2,\"name\":\"Przemek Paku\u0142a\"}]},{\"@type\":\"WebSite\",\"@id\":\"https:\/\/xn--bliejsiebie-rqc.com.pl\/#website\",\"url\":\"https:\/\/xn--bliejsiebie-rqc.com.pl\/\",\"name\":\"Bli\u017cej Siebie Terapie Naturalne\",\"description\":\"\",\"publisher\":{\"@id\":\"https:\/\/xn--bliejsiebie-rqc.com.pl\/#organization\"},\"potentialAction\":[{\"@type\":\"SearchAction\",\"target\":{\"@type\":\"EntryPoint\",\"urlTemplate\":\"https:\/\/xn--bliejsiebie-rqc.com.pl\/?s={search_term_string}\"},\"query-input\":{\"@type\":\"PropertyValueSpecification\",\"valueRequired\":true,\"valueName\":\"search_term_string\"}}],\"inLanguage\":\"en-US\"},{\"@type\":\"Organization\",\"@id\":\"https:\/\/xn--bliejsiebie-rqc.com.pl\/#organization\",\"name\":\"Bli\u017cej Siebie Terapie Naturalne\",\"url\":\"https:\/\/xn--bliejsiebie-rqc.com.pl\/\",\"logo\":{\"@type\":\"ImageObject\",\"inLanguage\":\"en-US\",\"@id\":\"https:\/\/xn--bliejsiebie-rqc.com.pl\/#\/schema\/logo\/image\/\",\"url\":\"https:\/\/xn--bliejsiebie-rqc.com.pl\/wp-content\/uploads\/2025\/10\/logo.png\",\"contentUrl\":\"https:\/\/xn--bliejsiebie-rqc.com.pl\/wp-content\/uploads\/2025\/10\/logo.png\",\"width\":857,\"height\":877,\"caption\":\"Bli\u017cej Siebie Terapie Naturalne\"},\"image\":{\"@id\":\"https:\/\/xn--bliejsiebie-rqc.com.pl\/#\/schema\/logo\/image\/\"},\"sameAs\":[\"https:\/\/www.facebook.com\/profile.php?id=100091002167848\"]}]}<\/script>\n<!-- \/ Yoast SEO plugin. -->","yoast_head_json":{"title":"Przemek Paku\u0142a - Bli\u017cej Siebie Terapie Naturalne","robots":{"index":"index","follow":"follow","max-snippet":"max-snippet:-1","max-image-preview":"max-image-preview:large","max-video-preview":"max-video-preview:-1"},"canonical":"https:\/\/xn--bliejsiebie-rqc.com.pl\/?page_id=303","og_locale":"en_US","og_type":"article","og_title":"Przemek Paku\u0142a - Bli\u017cej Siebie Terapie Naturalne","og_description":"Z zawodu jestem Naturopat\u0105 wi\u0119c w swojej pracy oraz moim \u017cyciu praktykuje holistyczne podej\u015bcie do wszystkich aspekt\u00f3w naszego istnienia.&nbsp; W trakcie mojej podr\u00f3\u017cy, zwanej \u017cyciem, metodami, kt\u00f3rymi pracuj\u0119 i s\u0105 najbli\u017csze memu sercu, poniewa\u017c sam je na sobie praktykowa\u0142em i praktykuj\u0119, s\u0105: &#8211; Totalna Biologia,&#8211; Ustawienia Systemowe i Intencji,&#8211; Zio\u0142olecznictwo. Prac\u0119 naturoterapeuty \u0142\u0105cz\u0119 z prac\u0105 [&hellip;]","og_url":"https:\/\/xn--bliejsiebie-rqc.com.pl\/?page_id=303","og_site_name":"Bli\u017cej Siebie Terapie Naturalne","article_publisher":"https:\/\/www.facebook.com\/profile.php?id=100091002167848","article_modified_time":"2025-11-18T14:38:54+00:00","og_image":[{"width":1367,"height":2048,"url":"https:\/\/xn--bliejsiebie-rqc.com.pl\/wp-content\/uploads\/2025\/10\/Przemek-Pakula.jpg","type":"image\/jpeg"}],"twitter_card":"summary_large_image","twitter_misc":{"Est. reading time":"1 minute"},"schema":{"@context":"https:\/\/schema.org","@graph":[{"@type":"WebPage","@id":"https:\/\/xn--bliejsiebie-rqc.com.pl\/?page_id=303","url":"https:\/\/xn--bliejsiebie-rqc.com.pl\/?page_id=303","name":"Przemek Paku\u0142a - Bli\u017cej Siebie Terapie Naturalne","isPartOf":{"@id":"https:\/\/xn--bliejsiebie-rqc.com.pl\/#website"},"primaryImageOfPage":{"@id":"https:\/\/xn--bliejsiebie-rqc.com.pl\/?page_id=303#primaryimage"},"image":{"@id":"https:\/\/xn--bliejsiebie-rqc.com.pl\/?page_id=303#primaryimage"},"thumbnailUrl":"https:\/\/xn--bliejsiebie-rqc.com.pl\/wp-content\/uploads\/2025\/10\/Przemek-Pakula-684x1024.jpg","datePublished":"2025-10-25T08:24:40+00:00","dateModified":"2025-11-18T14:38:54+00:00","breadcrumb":{"@id":"https:\/\/xn--bliejsiebie-rqc.com.pl\/?page_id=303#breadcrumb"},"inLanguage":"en-US","potentialAction":[{"@type":"ReadAction","target":["https:\/\/xn--bliejsiebie-rqc.com.pl\/?page_id=303"]}]},{"@type":"ImageObject","inLanguage":"en-US","@id":"https:\/\/xn--bliejsiebie-rqc.com.pl\/?page_id=303#primaryimage","url":"https:\/\/xn--bliejsiebie-rqc.com.pl\/wp-content\/uploads\/2025\/10\/Przemek-Pakula.jpg","contentUrl":"https:\/\/xn--bliejsiebie-rqc.com.pl\/wp-content\/uploads\/2025\/10\/Przemek-Pakula.jpg","width":1367,"height":2048},{"@type":"BreadcrumbList","@id":"https:\/\/xn--bliejsiebie-rqc.com.pl\/?page_id=303#breadcrumb","itemListElement":[{"@type":"ListItem","position":1,"name":"Strona g\u0142\u00f3wna","item":"https:\/\/xn--bliejsiebie-rqc.com.pl\/"},{"@type":"ListItem","position":2,"name":"Przemek Paku\u0142a"}]},{"@type":"WebSite","@id":"https:\/\/xn--bliejsiebie-rqc.com.pl\/#website","url":"https:\/\/xn--bliejsiebie-rqc.com.pl\/","name":"Bli\u017cej Siebie Terapie Naturalne","description":"","publisher":{"@id":"https:\/\/xn--bliejsiebie-rqc.com.pl\/#organization"},"potentialAction":[{"@type":"SearchAction","target":{"@type":"EntryPoint","urlTemplate":"https:\/\/xn--bliejsiebie-rqc.com.pl\/?s={search_term_string}"},"query-input":{"@type":"PropertyValueSpecification","valueRequired":true,"valueName":"search_term_string"}}],"inLanguage":"en-US"},{"@type":"Organization","@id":"https:\/\/xn--bliejsiebie-rqc.com.pl\/#organization","name":"Bli\u017cej Siebie Terapie Naturalne","url":"https:\/\/xn--bliejsiebie-rqc.com.pl\/","logo":{"@type":"ImageObject","inLanguage":"en-US","@id":"https:\/\/xn--bliejsiebie-rqc.com.pl\/#\/schema\/logo\/image\/","url":"https:\/\/xn--bliejsiebie-rqc.com.pl\/wp-content\/uploads\/2025\/10\/logo.png","contentUrl":"https:\/\/xn--bliejsiebie-rqc.com.pl\/wp-content\/uploads\/2025\/10\/logo.png","width":857,"height":877,"caption":"Bli\u017cej Siebie Terapie Naturalne"},"image":{"@id":"https:\/\/xn--bliejsiebie-rqc.com.pl\/#\/schema\/logo\/image\/"},"sameAs":["https:\/\/www.facebook.com\/profile.php?id=100091002167848"]}]}},"_links":{"self":[{"href":"https:\/\/xn--bliejsiebie-rqc.com.pl\/index.php?rest_route=\/wp\/v2\/pages\/303","targetHints":{"allow":["GET"]}}],"collection":[{"href":"https:\/\/xn--bliejsiebie-rqc.com.pl\/index.php?rest_route=\/wp\/v2\/pages"}],"about":[{"href":"https:\/\/xn--bliejsiebie-rqc.com.pl\/index.php?rest_route=\/wp\/v2\/types\/page"}],"author":[{"embeddable":true,"href":"https:\/\/xn--bliejsiebie-rqc.com.pl\/index.php?rest_route=\/wp\/v2\/users\/1"}],"replies":[{"embeddable":true,"href":"https:\/\/xn--bliejsiebie-rqc.com.pl\/index.php?rest_route=%2Fwp%2Fv2%2Fcomments&post=303"}],"version-history":[{"count":3,"href":"https:\/\/xn--bliejsiebie-rqc.com.pl\/index.php?rest_route=\/wp\/v2\/pages\/303\/revisions"}],"predecessor-version":[{"id":530,"href":"https:\/\/xn--bliejsiebie-rqc.com.pl\/index.php?rest_route=\/wp\/v2\/pages\/303\/revisions\/530"}],"wp:attachment":[{"href":"https:\/\/xn--bliejsiebie-rqc.com.pl\/index.php?rest_route=%2Fwp%2Fv2%2Fmedia&parent=303"}],"curies":[{"name":"wp","href":"https:\/\/api.w.org\/{rel}","templated":true}]}}