{"id":296,"date":"2025-10-25T10:21:10","date_gmt":"2025-10-25T08:21:10","guid":{"rendered":"https:\/\/xn--bliejsiebie-rqc.com.pl\/?page_id=296"},"modified":"2025-11-18T15:35:48","modified_gmt":"2025-11-18T14:35:48","slug":"nicolas-blachon","status":"publish","type":"page","link":"https:\/\/xn--bliejsiebie-rqc.com.pl\/?page_id=296","title":{"rendered":"Nicolas Blachon"},"content":{"rendered":"\n<div class=\"wp-block-media-text is-stacked-on-mobile\"><figure class=\"wp-block-media-text__media\"><img loading=\"lazy\" decoding=\"async\" width=\"1024\" height=\"683\" src=\"https:\/\/xn--bliejsiebie-rqc.com.pl\/wp-content\/uploads\/2025\/10\/Nicolas-Blachon-1-1024x683.jpeg\" alt=\"\" class=\"wp-image-297 size-full\" srcset=\"https:\/\/xn--bliejsiebie-rqc.com.pl\/wp-content\/uploads\/2025\/10\/Nicolas-Blachon-1-1024x683.jpeg 1024w, https:\/\/xn--bliejsiebie-rqc.com.pl\/wp-content\/uploads\/2025\/10\/Nicolas-Blachon-1-300x200.jpeg 300w, https:\/\/xn--bliejsiebie-rqc.com.pl\/wp-content\/uploads\/2025\/10\/Nicolas-Blachon-1-768x512.jpeg 768w, https:\/\/xn--bliejsiebie-rqc.com.pl\/wp-content\/uploads\/2025\/10\/Nicolas-Blachon-1-1536x1024.jpeg 1536w, https:\/\/xn--bliejsiebie-rqc.com.pl\/wp-content\/uploads\/2025\/10\/Nicolas-Blachon-1-2048x1365.jpeg 2048w\" sizes=\"auto, (max-width: 1024px) 100vw, 1024px\" \/><\/figure><div class=\"wp-block-media-text__content\">\n<p>\ud83d\udc4b&nbsp;Nazywam si\u0119 Nicolas, jestem francuskim bioenergoterapeut\u0105 i od wrze\u015bnia 2025 roku przyjmuj\u0119 pacjent\u00f3w w Kielcach.<br>Ju\u017c jako nastolatek s\u0142ysza\u0142em, \u017ce moje d\u0142onie przynosz\u0105 ulg\u0119 i spok\u00f3j. To naturalne zdolno\u015bci, kt\u00f3re towarzyszy\u0142y mi przez ca\u0142e \u017cycie. Wszystko przyspieszy\u0142o, gdy sam do\u015bwiadczy\u0142em trudno\u015bci zdrowotnych \u2014 to w\u0142a\u015bnie dzi\u0119ki pracy energetycznej i holistycznemu podej\u015bciu odzyska\u0142em r\u00f3wnowag\u0119 i si\u0142\u0119. Ta transformacja sta\u0142a si\u0119 pocz\u0105tkiem mojej drogi zawodowej.<\/p>\n<\/div><\/div>\n\n\n\n<p>Od kilku lat towarzysz\u0119 osobom w r\u00f3\u017cnym wieku \u2014 dzieciom, doros\u0142ym i seniorom \u2014 pomagaj\u0105c im odnale\u017a\u0107 spok\u00f3j wewn\u0119trzny, poczucie sensu i energi\u0119 \u017cyciow\u0105. Specjalizuj\u0119 si\u0119 szczeg\u00f3lnie w pracy z emocjami, stresem, l\u0119kiem, a tak\u017ce w okresach wa\u017cnych zmian \u017cyciowych (przeprowadzki, zmiany pracy, rozstania, \u017ca\u0142oba\u2026).<\/p>\n\n\n\n<div class=\"wp-block-media-text is-stacked-on-mobile\" style=\"grid-template-columns:36% auto\"><figure class=\"wp-block-media-text__media\"><img loading=\"lazy\" decoding=\"async\" width=\"683\" height=\"1024\" src=\"https:\/\/xn--bliejsiebie-rqc.com.pl\/wp-content\/uploads\/2025\/10\/Nicolas-Blachon-2-683x1024.jpeg\" alt=\"\" class=\"wp-image-298 size-full\" srcset=\"https:\/\/xn--bliejsiebie-rqc.com.pl\/wp-content\/uploads\/2025\/10\/Nicolas-Blachon-2-683x1024.jpeg 683w, https:\/\/xn--bliejsiebie-rqc.com.pl\/wp-content\/uploads\/2025\/10\/Nicolas-Blachon-2-200x300.jpeg 200w, https:\/\/xn--bliejsiebie-rqc.com.pl\/wp-content\/uploads\/2025\/10\/Nicolas-Blachon-2-768x1152.jpeg 768w, https:\/\/xn--bliejsiebie-rqc.com.pl\/wp-content\/uploads\/2025\/10\/Nicolas-Blachon-2.jpeg 864w\" sizes=\"auto, (max-width: 683px) 100vw, 683px\" \/><\/figure><div class=\"wp-block-media-text__content\">\n<p>\ud83e\uddf0&nbsp;Techniki i podej\u015bcia stosowane podczas sesji<\/p>\n\n\n\n<p>\ud83d\udd39&nbsp;Bioenergoterapia \/ Magnetyzm<\/p>\n\n\n\n<p>Przekazywanie energii w celu przywr\u00f3cenia r\u00f3wnowagi cia\u0142a, umys\u0142u i emocji.<\/p>\n\n\n\n<p>\ud83d\udd39&nbsp;Praca z energi\u0105 \u017cyciow\u0105<\/p>\n\n\n\n<p>Holistyczne techniki inspirowane tradycjami taoistycznymi, energetyk\u0105 zachodni\u0105 i medycyn\u0105 chi\u0144sk\u0105.<\/p>\n\n\n\n<p>\ud83d\udd39&nbsp;Qi Gong i praca z ruchem<\/p>\n\n\n\n<p>Delikatna aktywacja przep\u0142ywu energii poprzez \u015bwiadomy ruch, uwa\u017cno\u015b\u0107 i oddech.<\/p>\n\n\n\n<p>\ud83d\udd39&nbsp;Techniki uwalniania emocjonalnego<\/p>\n\n\n\n<p>Wsparcie w redukcji stresu, l\u0119ku, napi\u0119\u0107 oraz pracy z emocjonalnymi blokadami.<\/p>\n\n\n\n<p>\ud83d\udd39&nbsp;Praca z cia\u0142em i oddechem<\/p>\n\n\n\n<p><\/p>\n<\/div><\/div>\n\n\n\n<p>\u0106wiczenia oddechowe, uwa\u017cno\u015b\u0107 cia\u0142a, zakotwiczenie, samoregulacja.<\/p>\n\n\n\n<p>\ud83d\udd39&nbsp;Rysunki energetyczne i \u015bwi\u0119ta geometria<\/p>\n\n\n\n<p>Tworzenie osobistych rysunk\u00f3w wibracyjnych jako narz\u0119dzi integracji po sesji.<\/p>\n\n\n\n<p>\ud83d\udd39&nbsp;Wsparcie w okresie zmian i przej\u015b\u0107<\/p>\n\n\n\n<p>Towarzyszenie w wa\u017cnych momentach \u017cycia.<\/p>\n\n\n\n<p>\ud83c\udf00&nbsp;Ka\u017cda sesja jest dostosowana indywidualnie do potrzeb danej osoby.&nbsp;<\/p>\n\n\n\n<p>Kieruj\u0119 si\u0119 intuicj\u0105, aby dobra\u0107 najw\u0142a\u015bciwsze techniki w danym momencie.<\/p>\n\n\n\n<p>Sesj\u0119 odbywaj\u0105 si\u0119 stacjonarnie i online.&nbsp;<\/p>\n\n\n\n<p><strong>Kontakt:<\/strong> 513-628-723<br>contact@lineamundi.com<\/p>\n\n\n\n<p><a href=\"https:\/\/www.facebook.com\/profile.php?id=61580520050435\">https:\/\/www.facebook.com\/profile.php?id=61580520050435<\/a><br><a href=\"https:\/\/www.instagram.com\/lineamundi\">https:\/\/www.instagram.com\/lineamundi<\/a><\/p>\n\n\n\n<p><strong>Cennik:<\/strong><\/p>\n\n\n\n<p>Spotkania 250 z\u0142<\/p>\n","protected":false},"excerpt":{"rendered":"<p>\ud83d\udc4b&nbsp;Nazywam si\u0119 Nicolas, jestem francuskim bioenergoterapeut\u0105 i od wrze\u015bnia 2025 roku przyjmuj\u0119 pacjent\u00f3w w Kielcach.Ju\u017c jako nastolatek s\u0142ysza\u0142em, \u017ce moje d\u0142onie przynosz\u0105 ulg\u0119 i spok\u00f3j. To naturalne zdolno\u015bci, kt\u00f3re towarzyszy\u0142y mi przez ca\u0142e \u017cycie. Wszystko przyspieszy\u0142o, gdy sam do\u015bwiadczy\u0142em trudno\u015bci zdrowotnych \u2014 to w\u0142a\u015bnie dzi\u0119ki pracy energetycznej i holistycznemu podej\u015bciu odzyska\u0142em r\u00f3wnowag\u0119 i si\u0142\u0119. Ta [&hellip;]<\/p>\n","protected":false},"author":1,"featured_media":0,"parent":0,"menu_order":0,"comment_status":"closed","ping_status":"closed","template":"","meta":{"footnotes":""},"class_list":["post-296","page","type-page","status-publish","hentry"],"yoast_head":"<!-- This site is optimized with the Yoast SEO plugin v27.0 - https:\/\/yoast.com\/product\/yoast-seo-wordpress\/ -->\n<title>Nicolas Blachon - Bli\u017cej Siebie Terapie Naturalne<\/title>\n<meta name=\"robots\" content=\"index, follow, max-snippet:-1, max-image-preview:large, max-video-preview:-1\" \/>\n<link rel=\"canonical\" href=\"https:\/\/xn--bliejsiebie-rqc.com.pl\/?page_id=296\" \/>\n<meta property=\"og:locale\" content=\"en_US\" \/>\n<meta property=\"og:type\" content=\"article\" \/>\n<meta property=\"og:title\" content=\"Nicolas Blachon - Bli\u017cej Siebie Terapie Naturalne\" \/>\n<meta property=\"og:description\" content=\"\ud83d\udc4b&nbsp;Nazywam si\u0119 Nicolas, jestem francuskim bioenergoterapeut\u0105 i od wrze\u015bnia 2025 roku przyjmuj\u0119 pacjent\u00f3w w Kielcach.Ju\u017c jako nastolatek s\u0142ysza\u0142em, \u017ce moje d\u0142onie przynosz\u0105 ulg\u0119 i spok\u00f3j. To naturalne zdolno\u015bci, kt\u00f3re towarzyszy\u0142y mi przez ca\u0142e \u017cycie. Wszystko przyspieszy\u0142o, gdy sam do\u015bwiadczy\u0142em trudno\u015bci zdrowotnych \u2014 to w\u0142a\u015bnie dzi\u0119ki pracy energetycznej i holistycznemu podej\u015bciu odzyska\u0142em r\u00f3wnowag\u0119 i si\u0142\u0119. Ta [&hellip;]\" \/>\n<meta property=\"og:url\" content=\"https:\/\/xn--bliejsiebie-rqc.com.pl\/?page_id=296\" \/>\n<meta property=\"og:site_name\" content=\"Bli\u017cej Siebie Terapie Naturalne\" \/>\n<meta property=\"article:publisher\" content=\"https:\/\/www.facebook.com\/profile.php?id=100091002167848\" \/>\n<meta property=\"article:modified_time\" content=\"2025-11-18T14:35:48+00:00\" \/>\n<meta property=\"og:image\" content=\"https:\/\/xn--bliejsiebie-rqc.com.pl\/wp-content\/uploads\/2025\/10\/Nicolas-Blachon-1-scaled.jpeg\" \/>\n\t<meta property=\"og:image:width\" content=\"2560\" \/>\n\t<meta property=\"og:image:height\" content=\"1707\" \/>\n\t<meta property=\"og:image:type\" content=\"image\/jpeg\" \/>\n<meta name=\"twitter:card\" content=\"summary_large_image\" \/>\n<meta name=\"twitter:label1\" content=\"Est. reading time\" \/>\n\t<meta name=\"twitter:data1\" content=\"2 minutes\" \/>\n<script type=\"application\/ld+json\" class=\"yoast-schema-graph\">{\"@context\":\"https:\/\/schema.org\",\"@graph\":[{\"@type\":\"WebPage\",\"@id\":\"https:\/\/xn--bliejsiebie-rqc.com.pl\/?page_id=296\",\"url\":\"https:\/\/xn--bliejsiebie-rqc.com.pl\/?page_id=296\",\"name\":\"Nicolas Blachon - Bli\u017cej Siebie Terapie Naturalne\",\"isPartOf\":{\"@id\":\"https:\/\/xn--bliejsiebie-rqc.com.pl\/#website\"},\"primaryImageOfPage\":{\"@id\":\"https:\/\/xn--bliejsiebie-rqc.com.pl\/?page_id=296#primaryimage\"},\"image\":{\"@id\":\"https:\/\/xn--bliejsiebie-rqc.com.pl\/?page_id=296#primaryimage\"},\"thumbnailUrl\":\"https:\/\/xn--bliejsiebie-rqc.com.pl\/wp-content\/uploads\/2025\/10\/Nicolas-Blachon-1-1024x683.jpeg\",\"datePublished\":\"2025-10-25T08:21:10+00:00\",\"dateModified\":\"2025-11-18T14:35:48+00:00\",\"breadcrumb\":{\"@id\":\"https:\/\/xn--bliejsiebie-rqc.com.pl\/?page_id=296#breadcrumb\"},\"inLanguage\":\"en-US\",\"potentialAction\":[{\"@type\":\"ReadAction\",\"target\":[\"https:\/\/xn--bliejsiebie-rqc.com.pl\/?page_id=296\"]}]},{\"@type\":\"ImageObject\",\"inLanguage\":\"en-US\",\"@id\":\"https:\/\/xn--bliejsiebie-rqc.com.pl\/?page_id=296#primaryimage\",\"url\":\"https:\/\/xn--bliejsiebie-rqc.com.pl\/wp-content\/uploads\/2025\/10\/Nicolas-Blachon-1-scaled.jpeg\",\"contentUrl\":\"https:\/\/xn--bliejsiebie-rqc.com.pl\/wp-content\/uploads\/2025\/10\/Nicolas-Blachon-1-scaled.jpeg\",\"width\":2560,\"height\":1707},{\"@type\":\"BreadcrumbList\",\"@id\":\"https:\/\/xn--bliejsiebie-rqc.com.pl\/?page_id=296#breadcrumb\",\"itemListElement\":[{\"@type\":\"ListItem\",\"position\":1,\"name\":\"Strona g\u0142\u00f3wna\",\"item\":\"https:\/\/xn--bliejsiebie-rqc.com.pl\/\"},{\"@type\":\"ListItem\",\"position\":2,\"name\":\"Nicolas Blachon\"}]},{\"@type\":\"WebSite\",\"@id\":\"https:\/\/xn--bliejsiebie-rqc.com.pl\/#website\",\"url\":\"https:\/\/xn--bliejsiebie-rqc.com.pl\/\",\"name\":\"Bli\u017cej Siebie Terapie Naturalne\",\"description\":\"\",\"publisher\":{\"@id\":\"https:\/\/xn--bliejsiebie-rqc.com.pl\/#organization\"},\"potentialAction\":[{\"@type\":\"SearchAction\",\"target\":{\"@type\":\"EntryPoint\",\"urlTemplate\":\"https:\/\/xn--bliejsiebie-rqc.com.pl\/?s={search_term_string}\"},\"query-input\":{\"@type\":\"PropertyValueSpecification\",\"valueRequired\":true,\"valueName\":\"search_term_string\"}}],\"inLanguage\":\"en-US\"},{\"@type\":\"Organization\",\"@id\":\"https:\/\/xn--bliejsiebie-rqc.com.pl\/#organization\",\"name\":\"Bli\u017cej Siebie Terapie Naturalne\",\"url\":\"https:\/\/xn--bliejsiebie-rqc.com.pl\/\",\"logo\":{\"@type\":\"ImageObject\",\"inLanguage\":\"en-US\",\"@id\":\"https:\/\/xn--bliejsiebie-rqc.com.pl\/#\/schema\/logo\/image\/\",\"url\":\"https:\/\/xn--bliejsiebie-rqc.com.pl\/wp-content\/uploads\/2025\/10\/logo.png\",\"contentUrl\":\"https:\/\/xn--bliejsiebie-rqc.com.pl\/wp-content\/uploads\/2025\/10\/logo.png\",\"width\":857,\"height\":877,\"caption\":\"Bli\u017cej Siebie Terapie Naturalne\"},\"image\":{\"@id\":\"https:\/\/xn--bliejsiebie-rqc.com.pl\/#\/schema\/logo\/image\/\"},\"sameAs\":[\"https:\/\/www.facebook.com\/profile.php?id=100091002167848\"]}]}<\/script>\n<!-- \/ Yoast SEO plugin. -->","yoast_head_json":{"title":"Nicolas Blachon - Bli\u017cej Siebie Terapie Naturalne","robots":{"index":"index","follow":"follow","max-snippet":"max-snippet:-1","max-image-preview":"max-image-preview:large","max-video-preview":"max-video-preview:-1"},"canonical":"https:\/\/xn--bliejsiebie-rqc.com.pl\/?page_id=296","og_locale":"en_US","og_type":"article","og_title":"Nicolas Blachon - Bli\u017cej Siebie Terapie Naturalne","og_description":"\ud83d\udc4b&nbsp;Nazywam si\u0119 Nicolas, jestem francuskim bioenergoterapeut\u0105 i od wrze\u015bnia 2025 roku przyjmuj\u0119 pacjent\u00f3w w Kielcach.Ju\u017c jako nastolatek s\u0142ysza\u0142em, \u017ce moje d\u0142onie przynosz\u0105 ulg\u0119 i spok\u00f3j. To naturalne zdolno\u015bci, kt\u00f3re towarzyszy\u0142y mi przez ca\u0142e \u017cycie. Wszystko przyspieszy\u0142o, gdy sam do\u015bwiadczy\u0142em trudno\u015bci zdrowotnych \u2014 to w\u0142a\u015bnie dzi\u0119ki pracy energetycznej i holistycznemu podej\u015bciu odzyska\u0142em r\u00f3wnowag\u0119 i si\u0142\u0119. Ta [&hellip;]","og_url":"https:\/\/xn--bliejsiebie-rqc.com.pl\/?page_id=296","og_site_name":"Bli\u017cej Siebie Terapie Naturalne","article_publisher":"https:\/\/www.facebook.com\/profile.php?id=100091002167848","article_modified_time":"2025-11-18T14:35:48+00:00","og_image":[{"width":2560,"height":1707,"url":"https:\/\/xn--bliejsiebie-rqc.com.pl\/wp-content\/uploads\/2025\/10\/Nicolas-Blachon-1-scaled.jpeg","type":"image\/jpeg"}],"twitter_card":"summary_large_image","twitter_misc":{"Est. reading time":"2 minutes"},"schema":{"@context":"https:\/\/schema.org","@graph":[{"@type":"WebPage","@id":"https:\/\/xn--bliejsiebie-rqc.com.pl\/?page_id=296","url":"https:\/\/xn--bliejsiebie-rqc.com.pl\/?page_id=296","name":"Nicolas Blachon - Bli\u017cej Siebie Terapie Naturalne","isPartOf":{"@id":"https:\/\/xn--bliejsiebie-rqc.com.pl\/#website"},"primaryImageOfPage":{"@id":"https:\/\/xn--bliejsiebie-rqc.com.pl\/?page_id=296#primaryimage"},"image":{"@id":"https:\/\/xn--bliejsiebie-rqc.com.pl\/?page_id=296#primaryimage"},"thumbnailUrl":"https:\/\/xn--bliejsiebie-rqc.com.pl\/wp-content\/uploads\/2025\/10\/Nicolas-Blachon-1-1024x683.jpeg","datePublished":"2025-10-25T08:21:10+00:00","dateModified":"2025-11-18T14:35:48+00:00","breadcrumb":{"@id":"https:\/\/xn--bliejsiebie-rqc.com.pl\/?page_id=296#breadcrumb"},"inLanguage":"en-US","potentialAction":[{"@type":"ReadAction","target":["https:\/\/xn--bliejsiebie-rqc.com.pl\/?page_id=296"]}]},{"@type":"ImageObject","inLanguage":"en-US","@id":"https:\/\/xn--bliejsiebie-rqc.com.pl\/?page_id=296#primaryimage","url":"https:\/\/xn--bliejsiebie-rqc.com.pl\/wp-content\/uploads\/2025\/10\/Nicolas-Blachon-1-scaled.jpeg","contentUrl":"https:\/\/xn--bliejsiebie-rqc.com.pl\/wp-content\/uploads\/2025\/10\/Nicolas-Blachon-1-scaled.jpeg","width":2560,"height":1707},{"@type":"BreadcrumbList","@id":"https:\/\/xn--bliejsiebie-rqc.com.pl\/?page_id=296#breadcrumb","itemListElement":[{"@type":"ListItem","position":1,"name":"Strona g\u0142\u00f3wna","item":"https:\/\/xn--bliejsiebie-rqc.com.pl\/"},{"@type":"ListItem","position":2,"name":"Nicolas Blachon"}]},{"@type":"WebSite","@id":"https:\/\/xn--bliejsiebie-rqc.com.pl\/#website","url":"https:\/\/xn--bliejsiebie-rqc.com.pl\/","name":"Bli\u017cej Siebie Terapie Naturalne","description":"","publisher":{"@id":"https:\/\/xn--bliejsiebie-rqc.com.pl\/#organization"},"potentialAction":[{"@type":"SearchAction","target":{"@type":"EntryPoint","urlTemplate":"https:\/\/xn--bliejsiebie-rqc.com.pl\/?s={search_term_string}"},"query-input":{"@type":"PropertyValueSpecification","valueRequired":true,"valueName":"search_term_string"}}],"inLanguage":"en-US"},{"@type":"Organization","@id":"https:\/\/xn--bliejsiebie-rqc.com.pl\/#organization","name":"Bli\u017cej Siebie Terapie Naturalne","url":"https:\/\/xn--bliejsiebie-rqc.com.pl\/","logo":{"@type":"ImageObject","inLanguage":"en-US","@id":"https:\/\/xn--bliejsiebie-rqc.com.pl\/#\/schema\/logo\/image\/","url":"https:\/\/xn--bliejsiebie-rqc.com.pl\/wp-content\/uploads\/2025\/10\/logo.png","contentUrl":"https:\/\/xn--bliejsiebie-rqc.com.pl\/wp-content\/uploads\/2025\/10\/logo.png","width":857,"height":877,"caption":"Bli\u017cej Siebie Terapie Naturalne"},"image":{"@id":"https:\/\/xn--bliejsiebie-rqc.com.pl\/#\/schema\/logo\/image\/"},"sameAs":["https:\/\/www.facebook.com\/profile.php?id=100091002167848"]}]}},"_links":{"self":[{"href":"https:\/\/xn--bliejsiebie-rqc.com.pl\/index.php?rest_route=\/wp\/v2\/pages\/296","targetHints":{"allow":["GET"]}}],"collection":[{"href":"https:\/\/xn--bliejsiebie-rqc.com.pl\/index.php?rest_route=\/wp\/v2\/pages"}],"about":[{"href":"https:\/\/xn--bliejsiebie-rqc.com.pl\/index.php?rest_route=\/wp\/v2\/types\/page"}],"author":[{"embeddable":true,"href":"https:\/\/xn--bliejsiebie-rqc.com.pl\/index.php?rest_route=\/wp\/v2\/users\/1"}],"replies":[{"embeddable":true,"href":"https:\/\/xn--bliejsiebie-rqc.com.pl\/index.php?rest_route=%2Fwp%2Fv2%2Fcomments&post=296"}],"version-history":[{"count":4,"href":"https:\/\/xn--bliejsiebie-rqc.com.pl\/index.php?rest_route=\/wp\/v2\/pages\/296\/revisions"}],"predecessor-version":[{"id":393,"href":"https:\/\/xn--bliejsiebie-rqc.com.pl\/index.php?rest_route=\/wp\/v2\/pages\/296\/revisions\/393"}],"wp:attachment":[{"href":"https:\/\/xn--bliejsiebie-rqc.com.pl\/index.php?rest_route=%2Fwp%2Fv2%2Fmedia&parent=296"}],"curies":[{"name":"wp","href":"https:\/\/api.w.org\/{rel}","templated":true}]}}