{"id":275,"date":"2025-10-25T10:03:47","date_gmt":"2025-10-25T08:03:47","guid":{"rendered":"https:\/\/xn--bliejsiebie-rqc.com.pl\/?page_id=275"},"modified":"2025-11-18T15:35:10","modified_gmt":"2025-11-18T14:35:10","slug":"ewa-dziewiecka","status":"publish","type":"page","link":"https:\/\/xn--bliejsiebie-rqc.com.pl\/?page_id=275","title":{"rendered":"Ewa Dziewie\u0328cka"},"content":{"rendered":"\n<div class=\"wp-block-media-text is-stacked-on-mobile\" style=\"grid-template-columns:38% auto\"><figure class=\"wp-block-media-text__media\"><img loading=\"lazy\" decoding=\"async\" width=\"726\" height=\"1024\" src=\"https:\/\/xn--bliejsiebie-rqc.com.pl\/wp-content\/uploads\/2025\/10\/Ewa-Dziewiecka-726x1024.jpg\" alt=\"\" class=\"wp-image-276 size-full\" srcset=\"https:\/\/xn--bliejsiebie-rqc.com.pl\/wp-content\/uploads\/2025\/10\/Ewa-Dziewiecka-726x1024.jpg 726w, https:\/\/xn--bliejsiebie-rqc.com.pl\/wp-content\/uploads\/2025\/10\/Ewa-Dziewiecka-213x300.jpg 213w, https:\/\/xn--bliejsiebie-rqc.com.pl\/wp-content\/uploads\/2025\/10\/Ewa-Dziewiecka-768x1083.jpg 768w, https:\/\/xn--bliejsiebie-rqc.com.pl\/wp-content\/uploads\/2025\/10\/Ewa-Dziewiecka-1089x1536.jpg 1089w, https:\/\/xn--bliejsiebie-rqc.com.pl\/wp-content\/uploads\/2025\/10\/Ewa-Dziewiecka.jpg 1372w\" sizes=\"auto, (max-width: 726px) 100vw, 726px\" \/><\/figure><div class=\"wp-block-media-text__content\">\n<p>O mnie<br>Ma\u0142e szcz\u0119\u015bcia<br>Siedz\u0119 i robi\u0119 na drutach sweter, wplatam we\u0144 te ma\u0142e zdarzenia,<br>obrazy,<br>muzyk\u0119,<br>kolory,<br>czasami zapl\u0105cze si\u0119 jaka\u015b \u0142za i salwa \u015bmiechu,<br>to znowu morskie, b\u0142\u0119kitne ba\u0142wany.<br>Na r\u0119kawach du\u017co pysznych makaron\u00f3w, na dekolcie czarna, mocna kawa.<br>Siedz\u0119 tak i si\u0119 u\u015bmiecham,<br>bo wielkie wszystko sk\u0142ada si\u0119 z ma\u0142ego.<br>Naucz si\u0119 dostrzega\u0107, celebrowa\u0107 to ma\u0142e,<br>a wielkie stworzy si\u0119 niby z niczego\u2026.<br>Sweter zak\u0142adam i wci\u0105\u017c si\u0119 \u015bmiej\u0119, \u017cycz\u0105c sobie powodzenia!<br>(Tekst Mariola MaWa)<\/p>\n<\/div><\/div>\n\n\n\n<p>Rozw\u00f3j osobisty \u2013 na to stawiam ju\u017c od wielu lat, Empatia \u2013 pomaga mi lepiej zrozumie\u0107 problemy innych ludzi, &nbsp;<\/p>\n\n\n\n<p><strong>Hipnoterapia<\/strong> \u2013 okaza\u0142a si\u0119 moj\u0105 pasj\u0105<\/p>\n\n\n\n<p>Pracuj\u0105c z pacjentami dziel\u0119 si\u0119 z nimi moj\u0105 wiedz\u0105, do\u015bwiadczeniem i tym, co mnie inspiruje. Od 20 lat bior\u0119 udzia\u0142 w warsztatach i szkoleniach zwi\u0105zanych z rozwojem osobistym. Ukoronowaniem tego czasu by\u0142o uko\u0144czenie Akademii Hipnoterapii na poziomie mistrzowskim oraz szkole\u0144 w zakresie prowadzenia terapii koherencji i rekonsolidacji pami\u0119ci, zaburze\u0144 dysocjacyjnych.<\/p>\n\n\n\n<p>W hipnozie fascynuje mnie, z jak\u0105 skuteczno\u015bci\u0105 mo\u017cemy neutralizowa\u0107 l\u0119ki, strach, traumy, aby \u015bwiadomie osi\u0105ga\u0107 cele, uwolni\u0107 si\u0119 od na\u0142og\u00f3w i \u017cy\u0107 w harmonii i poczuciu spe\u0142nienia, radzi\u0107 sobie z problemami, kt\u00f3re \u017cycie przynosi.<br>Towarzyszenie klientom w ich pi\u0119knych procesach zmiany za ka\u017cdym razem wywo\u0142uje u mnie przekonanie, \u017ce wybra\u0142am w\u0142a\u015bciw\u0105 drog\u0119.&nbsp;<\/p>\n\n\n\n<p>Zapraszam.<\/p>\n\n\n\n<p><strong>Kontakt:<\/strong> 516-070-161<br>hipnoterapiaewad@gmail.com&nbsp;<\/p>\n\n\n\n<p><strong>Cennik:<\/strong><br>Sesja hipterapii 2,5-3 h &nbsp;650&nbsp;z\u0142<\/p>\n","protected":false},"excerpt":{"rendered":"<p>O mnieMa\u0142e szcz\u0119\u015bciaSiedz\u0119 i robi\u0119 na drutach sweter, wplatam we\u0144 te ma\u0142e zdarzenia,obrazy,muzyk\u0119,kolory,czasami zapl\u0105cze si\u0119 jaka\u015b \u0142za i salwa \u015bmiechu,to znowu morskie, b\u0142\u0119kitne ba\u0142wany.Na r\u0119kawach du\u017co pysznych makaron\u00f3w, na dekolcie czarna, mocna kawa.Siedz\u0119 tak i si\u0119 u\u015bmiecham,bo wielkie wszystko sk\u0142ada si\u0119 z ma\u0142ego.Naucz si\u0119 dostrzega\u0107, celebrowa\u0107 to ma\u0142e,a wielkie stworzy si\u0119 niby z niczego\u2026.Sweter zak\u0142adam [&hellip;]<\/p>\n","protected":false},"author":1,"featured_media":0,"parent":0,"menu_order":0,"comment_status":"closed","ping_status":"closed","template":"","meta":{"footnotes":""},"class_list":["post-275","page","type-page","status-publish","hentry"],"yoast_head":"<!-- This site is optimized with the Yoast SEO plugin v27.0 - https:\/\/yoast.com\/product\/yoast-seo-wordpress\/ -->\n<title>Ewa Dziewie\u0328cka - Bli\u017cej Siebie Terapie Naturalne<\/title>\n<meta name=\"robots\" content=\"index, follow, max-snippet:-1, max-image-preview:large, max-video-preview:-1\" \/>\n<link rel=\"canonical\" href=\"https:\/\/xn--bliejsiebie-rqc.com.pl\/?page_id=275\" \/>\n<meta property=\"og:locale\" content=\"en_US\" \/>\n<meta property=\"og:type\" content=\"article\" \/>\n<meta property=\"og:title\" content=\"Ewa Dziewie\u0328cka - Bli\u017cej Siebie Terapie Naturalne\" \/>\n<meta property=\"og:description\" content=\"O mnieMa\u0142e szcz\u0119\u015bciaSiedz\u0119 i robi\u0119 na drutach sweter, wplatam we\u0144 te ma\u0142e zdarzenia,obrazy,muzyk\u0119,kolory,czasami zapl\u0105cze si\u0119 jaka\u015b \u0142za i salwa \u015bmiechu,to znowu morskie, b\u0142\u0119kitne ba\u0142wany.Na r\u0119kawach du\u017co pysznych makaron\u00f3w, na dekolcie czarna, mocna kawa.Siedz\u0119 tak i si\u0119 u\u015bmiecham,bo wielkie wszystko sk\u0142ada si\u0119 z ma\u0142ego.Naucz si\u0119 dostrzega\u0107, celebrowa\u0107 to ma\u0142e,a wielkie stworzy si\u0119 niby z niczego\u2026.Sweter zak\u0142adam [&hellip;]\" \/>\n<meta property=\"og:url\" content=\"https:\/\/xn--bliejsiebie-rqc.com.pl\/?page_id=275\" \/>\n<meta property=\"og:site_name\" content=\"Bli\u017cej Siebie Terapie Naturalne\" \/>\n<meta property=\"article:publisher\" content=\"https:\/\/www.facebook.com\/profile.php?id=100091002167848\" \/>\n<meta property=\"article:modified_time\" content=\"2025-11-18T14:35:10+00:00\" \/>\n<meta property=\"og:image\" content=\"https:\/\/xn--bliejsiebie-rqc.com.pl\/wp-content\/uploads\/2025\/10\/Ewa-Dziewiecka.jpg\" \/>\n\t<meta property=\"og:image:width\" content=\"1372\" \/>\n\t<meta property=\"og:image:height\" content=\"1935\" \/>\n\t<meta property=\"og:image:type\" content=\"image\/jpeg\" \/>\n<meta name=\"twitter:card\" content=\"summary_large_image\" \/>\n<meta name=\"twitter:label1\" content=\"Est. reading time\" \/>\n\t<meta name=\"twitter:data1\" content=\"2 minutes\" \/>\n<script type=\"application\/ld+json\" class=\"yoast-schema-graph\">{\"@context\":\"https:\/\/schema.org\",\"@graph\":[{\"@type\":\"WebPage\",\"@id\":\"https:\/\/xn--bliejsiebie-rqc.com.pl\/?page_id=275\",\"url\":\"https:\/\/xn--bliejsiebie-rqc.com.pl\/?page_id=275\",\"name\":\"Ewa Dziewie\u0328cka - Bli\u017cej Siebie Terapie Naturalne\",\"isPartOf\":{\"@id\":\"https:\/\/xn--bliejsiebie-rqc.com.pl\/#website\"},\"primaryImageOfPage\":{\"@id\":\"https:\/\/xn--bliejsiebie-rqc.com.pl\/?page_id=275#primaryimage\"},\"image\":{\"@id\":\"https:\/\/xn--bliejsiebie-rqc.com.pl\/?page_id=275#primaryimage\"},\"thumbnailUrl\":\"https:\/\/xn--bliejsiebie-rqc.com.pl\/wp-content\/uploads\/2025\/10\/Ewa-Dziewiecka-726x1024.jpg\",\"datePublished\":\"2025-10-25T08:03:47+00:00\",\"dateModified\":\"2025-11-18T14:35:10+00:00\",\"breadcrumb\":{\"@id\":\"https:\/\/xn--bliejsiebie-rqc.com.pl\/?page_id=275#breadcrumb\"},\"inLanguage\":\"en-US\",\"potentialAction\":[{\"@type\":\"ReadAction\",\"target\":[\"https:\/\/xn--bliejsiebie-rqc.com.pl\/?page_id=275\"]}]},{\"@type\":\"ImageObject\",\"inLanguage\":\"en-US\",\"@id\":\"https:\/\/xn--bliejsiebie-rqc.com.pl\/?page_id=275#primaryimage\",\"url\":\"https:\/\/xn--bliejsiebie-rqc.com.pl\/wp-content\/uploads\/2025\/10\/Ewa-Dziewiecka.jpg\",\"contentUrl\":\"https:\/\/xn--bliejsiebie-rqc.com.pl\/wp-content\/uploads\/2025\/10\/Ewa-Dziewiecka.jpg\",\"width\":1372,\"height\":1935},{\"@type\":\"BreadcrumbList\",\"@id\":\"https:\/\/xn--bliejsiebie-rqc.com.pl\/?page_id=275#breadcrumb\",\"itemListElement\":[{\"@type\":\"ListItem\",\"position\":1,\"name\":\"Strona g\u0142\u00f3wna\",\"item\":\"https:\/\/xn--bliejsiebie-rqc.com.pl\/\"},{\"@type\":\"ListItem\",\"position\":2,\"name\":\"Ewa Dziewie\u0328cka\"}]},{\"@type\":\"WebSite\",\"@id\":\"https:\/\/xn--bliejsiebie-rqc.com.pl\/#website\",\"url\":\"https:\/\/xn--bliejsiebie-rqc.com.pl\/\",\"name\":\"Bli\u017cej Siebie Terapie Naturalne\",\"description\":\"\",\"publisher\":{\"@id\":\"https:\/\/xn--bliejsiebie-rqc.com.pl\/#organization\"},\"potentialAction\":[{\"@type\":\"SearchAction\",\"target\":{\"@type\":\"EntryPoint\",\"urlTemplate\":\"https:\/\/xn--bliejsiebie-rqc.com.pl\/?s={search_term_string}\"},\"query-input\":{\"@type\":\"PropertyValueSpecification\",\"valueRequired\":true,\"valueName\":\"search_term_string\"}}],\"inLanguage\":\"en-US\"},{\"@type\":\"Organization\",\"@id\":\"https:\/\/xn--bliejsiebie-rqc.com.pl\/#organization\",\"name\":\"Bli\u017cej Siebie Terapie Naturalne\",\"url\":\"https:\/\/xn--bliejsiebie-rqc.com.pl\/\",\"logo\":{\"@type\":\"ImageObject\",\"inLanguage\":\"en-US\",\"@id\":\"https:\/\/xn--bliejsiebie-rqc.com.pl\/#\/schema\/logo\/image\/\",\"url\":\"https:\/\/xn--bliejsiebie-rqc.com.pl\/wp-content\/uploads\/2025\/10\/logo.png\",\"contentUrl\":\"https:\/\/xn--bliejsiebie-rqc.com.pl\/wp-content\/uploads\/2025\/10\/logo.png\",\"width\":857,\"height\":877,\"caption\":\"Bli\u017cej Siebie Terapie Naturalne\"},\"image\":{\"@id\":\"https:\/\/xn--bliejsiebie-rqc.com.pl\/#\/schema\/logo\/image\/\"},\"sameAs\":[\"https:\/\/www.facebook.com\/profile.php?id=100091002167848\"]}]}<\/script>\n<!-- \/ Yoast SEO plugin. -->","yoast_head_json":{"title":"Ewa Dziewie\u0328cka - Bli\u017cej Siebie Terapie Naturalne","robots":{"index":"index","follow":"follow","max-snippet":"max-snippet:-1","max-image-preview":"max-image-preview:large","max-video-preview":"max-video-preview:-1"},"canonical":"https:\/\/xn--bliejsiebie-rqc.com.pl\/?page_id=275","og_locale":"en_US","og_type":"article","og_title":"Ewa Dziewie\u0328cka - Bli\u017cej Siebie Terapie Naturalne","og_description":"O mnieMa\u0142e szcz\u0119\u015bciaSiedz\u0119 i robi\u0119 na drutach sweter, wplatam we\u0144 te ma\u0142e zdarzenia,obrazy,muzyk\u0119,kolory,czasami zapl\u0105cze si\u0119 jaka\u015b \u0142za i salwa \u015bmiechu,to znowu morskie, b\u0142\u0119kitne ba\u0142wany.Na r\u0119kawach du\u017co pysznych makaron\u00f3w, na dekolcie czarna, mocna kawa.Siedz\u0119 tak i si\u0119 u\u015bmiecham,bo wielkie wszystko sk\u0142ada si\u0119 z ma\u0142ego.Naucz si\u0119 dostrzega\u0107, celebrowa\u0107 to ma\u0142e,a wielkie stworzy si\u0119 niby z niczego\u2026.Sweter zak\u0142adam [&hellip;]","og_url":"https:\/\/xn--bliejsiebie-rqc.com.pl\/?page_id=275","og_site_name":"Bli\u017cej Siebie Terapie Naturalne","article_publisher":"https:\/\/www.facebook.com\/profile.php?id=100091002167848","article_modified_time":"2025-11-18T14:35:10+00:00","og_image":[{"width":1372,"height":1935,"url":"https:\/\/xn--bliejsiebie-rqc.com.pl\/wp-content\/uploads\/2025\/10\/Ewa-Dziewiecka.jpg","type":"image\/jpeg"}],"twitter_card":"summary_large_image","twitter_misc":{"Est. reading time":"2 minutes"},"schema":{"@context":"https:\/\/schema.org","@graph":[{"@type":"WebPage","@id":"https:\/\/xn--bliejsiebie-rqc.com.pl\/?page_id=275","url":"https:\/\/xn--bliejsiebie-rqc.com.pl\/?page_id=275","name":"Ewa Dziewie\u0328cka - Bli\u017cej Siebie Terapie Naturalne","isPartOf":{"@id":"https:\/\/xn--bliejsiebie-rqc.com.pl\/#website"},"primaryImageOfPage":{"@id":"https:\/\/xn--bliejsiebie-rqc.com.pl\/?page_id=275#primaryimage"},"image":{"@id":"https:\/\/xn--bliejsiebie-rqc.com.pl\/?page_id=275#primaryimage"},"thumbnailUrl":"https:\/\/xn--bliejsiebie-rqc.com.pl\/wp-content\/uploads\/2025\/10\/Ewa-Dziewiecka-726x1024.jpg","datePublished":"2025-10-25T08:03:47+00:00","dateModified":"2025-11-18T14:35:10+00:00","breadcrumb":{"@id":"https:\/\/xn--bliejsiebie-rqc.com.pl\/?page_id=275#breadcrumb"},"inLanguage":"en-US","potentialAction":[{"@type":"ReadAction","target":["https:\/\/xn--bliejsiebie-rqc.com.pl\/?page_id=275"]}]},{"@type":"ImageObject","inLanguage":"en-US","@id":"https:\/\/xn--bliejsiebie-rqc.com.pl\/?page_id=275#primaryimage","url":"https:\/\/xn--bliejsiebie-rqc.com.pl\/wp-content\/uploads\/2025\/10\/Ewa-Dziewiecka.jpg","contentUrl":"https:\/\/xn--bliejsiebie-rqc.com.pl\/wp-content\/uploads\/2025\/10\/Ewa-Dziewiecka.jpg","width":1372,"height":1935},{"@type":"BreadcrumbList","@id":"https:\/\/xn--bliejsiebie-rqc.com.pl\/?page_id=275#breadcrumb","itemListElement":[{"@type":"ListItem","position":1,"name":"Strona g\u0142\u00f3wna","item":"https:\/\/xn--bliejsiebie-rqc.com.pl\/"},{"@type":"ListItem","position":2,"name":"Ewa Dziewie\u0328cka"}]},{"@type":"WebSite","@id":"https:\/\/xn--bliejsiebie-rqc.com.pl\/#website","url":"https:\/\/xn--bliejsiebie-rqc.com.pl\/","name":"Bli\u017cej Siebie Terapie Naturalne","description":"","publisher":{"@id":"https:\/\/xn--bliejsiebie-rqc.com.pl\/#organization"},"potentialAction":[{"@type":"SearchAction","target":{"@type":"EntryPoint","urlTemplate":"https:\/\/xn--bliejsiebie-rqc.com.pl\/?s={search_term_string}"},"query-input":{"@type":"PropertyValueSpecification","valueRequired":true,"valueName":"search_term_string"}}],"inLanguage":"en-US"},{"@type":"Organization","@id":"https:\/\/xn--bliejsiebie-rqc.com.pl\/#organization","name":"Bli\u017cej Siebie Terapie Naturalne","url":"https:\/\/xn--bliejsiebie-rqc.com.pl\/","logo":{"@type":"ImageObject","inLanguage":"en-US","@id":"https:\/\/xn--bliejsiebie-rqc.com.pl\/#\/schema\/logo\/image\/","url":"https:\/\/xn--bliejsiebie-rqc.com.pl\/wp-content\/uploads\/2025\/10\/logo.png","contentUrl":"https:\/\/xn--bliejsiebie-rqc.com.pl\/wp-content\/uploads\/2025\/10\/logo.png","width":857,"height":877,"caption":"Bli\u017cej Siebie Terapie Naturalne"},"image":{"@id":"https:\/\/xn--bliejsiebie-rqc.com.pl\/#\/schema\/logo\/image\/"},"sameAs":["https:\/\/www.facebook.com\/profile.php?id=100091002167848"]}]}},"_links":{"self":[{"href":"https:\/\/xn--bliejsiebie-rqc.com.pl\/index.php?rest_route=\/wp\/v2\/pages\/275","targetHints":{"allow":["GET"]}}],"collection":[{"href":"https:\/\/xn--bliejsiebie-rqc.com.pl\/index.php?rest_route=\/wp\/v2\/pages"}],"about":[{"href":"https:\/\/xn--bliejsiebie-rqc.com.pl\/index.php?rest_route=\/wp\/v2\/types\/page"}],"author":[{"embeddable":true,"href":"https:\/\/xn--bliejsiebie-rqc.com.pl\/index.php?rest_route=\/wp\/v2\/users\/1"}],"replies":[{"embeddable":true,"href":"https:\/\/xn--bliejsiebie-rqc.com.pl\/index.php?rest_route=%2Fwp%2Fv2%2Fcomments&post=275"}],"version-history":[{"count":3,"href":"https:\/\/xn--bliejsiebie-rqc.com.pl\/index.php?rest_route=\/wp\/v2\/pages\/275\/revisions"}],"predecessor-version":[{"id":387,"href":"https:\/\/xn--bliejsiebie-rqc.com.pl\/index.php?rest_route=\/wp\/v2\/pages\/275\/revisions\/387"}],"wp:attachment":[{"href":"https:\/\/xn--bliejsiebie-rqc.com.pl\/index.php?rest_route=%2Fwp%2Fv2%2Fmedia&parent=275"}],"curies":[{"name":"wp","href":"https:\/\/api.w.org\/{rel}","templated":true}]}}