{"id":271,"date":"2025-10-25T10:00:38","date_gmt":"2025-10-25T08:00:38","guid":{"rendered":"https:\/\/xn--bliejsiebie-rqc.com.pl\/?page_id=271"},"modified":"2025-11-18T15:32:44","modified_gmt":"2025-11-18T14:32:44","slug":"dorota-drogosz","status":"publish","type":"page","link":"https:\/\/xn--bliejsiebie-rqc.com.pl\/?page_id=271","title":{"rendered":"Dorota Drogosz"},"content":{"rendered":"\n<div class=\"wp-block-media-text is-stacked-on-mobile\" style=\"grid-template-columns:29% auto\"><figure class=\"wp-block-media-text__media\"><img loading=\"lazy\" decoding=\"async\" width=\"987\" height=\"1024\" src=\"https:\/\/xn--bliejsiebie-rqc.com.pl\/wp-content\/uploads\/2025\/10\/Dorota-Drogosz-987x1024.jpg\" alt=\"\" class=\"wp-image-272 size-full\" srcset=\"https:\/\/xn--bliejsiebie-rqc.com.pl\/wp-content\/uploads\/2025\/10\/Dorota-Drogosz-987x1024.jpg 987w, https:\/\/xn--bliejsiebie-rqc.com.pl\/wp-content\/uploads\/2025\/10\/Dorota-Drogosz-289x300.jpg 289w, https:\/\/xn--bliejsiebie-rqc.com.pl\/wp-content\/uploads\/2025\/10\/Dorota-Drogosz-768x797.jpg 768w, https:\/\/xn--bliejsiebie-rqc.com.pl\/wp-content\/uploads\/2025\/10\/Dorota-Drogosz-1480x1536.jpg 1480w, https:\/\/xn--bliejsiebie-rqc.com.pl\/wp-content\/uploads\/2025\/10\/Dorota-Drogosz.jpg 1542w\" sizes=\"auto, (max-width: 987px) 100vw, 987px\" \/><\/figure><div class=\"wp-block-media-text__content\">\n<p>Nazywam si\u0119 Dorota Drogosz i jestem certyfikowan\u0105 TRE\u00ae\ufe0f Providerk\u0105, terapeutk\u0105 psychosomatyczn\u0105, manualn\u0105 i naturoterapeutk\u0105.<br>Wspieram osoby doros\u0142e, kt\u00f3re zmagaj\u0105 si\u0119 ze skutkami prze\u017cytych traum i stresu, tak\u017ce PTSD. <br>Uwa\u017cam, \u017ce ka\u017cdy cz\u0142owiek stanowi integraln\u0105 ca\u0142o\u015b\u0107.\u00a0<\/p>\n<\/div><\/div>\n\n\n\n<p><br>Dlatego w mojej pracy \u0142\u0105cz\u0119 r\u00f3\u017cne sposoby wsparcia na poziomie \u00a0fizycznym, psychicznym, emocjonalnym i duchowym.<br>Jestem przekonana, \u017ce cia\u0142o ma mo\u017cliwo\u015bci samoleczenia je\u015bli nie jest ono trwale zdeformowane przez chorob\u0119 i stosowane przeze mnie poni\u017csze metody s\u0105 w stanie to dzia\u0142anie uruchomi\u0107:<br>metoda TRE\u00ae\ufe0f, techniki oddechowe, \u0107wiczenia na nerw b\u0142\u0119dny na podstawie Teorii Poliwagalnej Stephena Porgesa, masa\u017ce.<br>Prowadz\u0119 sesje indywidualne, grupowe i pracuj\u0119 warsztatowo, tak\u017ce grupy wsparcia. \u00a0Mo\u017cna skorzysta\u0107 u mnie z konsultacji, aby dobra\u0107 najlepsz\u0105 dla swoich potrzeb metod\u0119.\u00a0<br>Tworz\u0119 remedia stosuj\u0105c wiedz\u0119 zielarsk\u0105 i krioterapeutyczn\u0105.\u00a0<br>Wspieram osoby z r\u00f3\u017cnymi \u00a0problemami zdrowotnymi stawiaj\u0105c im ba\u0144ki ogniowe i pr\u00f3\u017cniowe. \u00a0 \u00a0 \u00a0 \u00a0 \u00a0 \u00a0 \u00a0 \u00a0 \u00a0 \u00a0 \u00a0 \u00a0 \u00a0 \u00a0 \u00a0 \u00a0 \u00a0 \u00a0 \u00a0 \u00a0 \u00a0 \u00a0 \u00a0 \u00a0 \u00a0 \u00a0 \u00a0 \u00a0 \u00a0 \u00a0 \u00a0 \u00a0 \u00a0<br>Powszechnie ma\u0142o kto wykorzystuje spektrum mo\u017cliwo\u015bci, jakie daje ten rodzaj terapii, czego ucz\u0119 na szkoleniach ze stawiania baniek.<\/p>\n\n\n\n<p><strong>Kontakt:<\/strong> 883-305-677<br>kontakt@dorotadrogosz.pl<\/p>\n\n\n\n<p><strong>Cennik:&nbsp;<\/strong><br>Sesja indywidualna TRE\u00ae\ufe0f: pierwsza sesja 240 z\u0142\/1,5h, ka\u017cda kolejna to 200 z\u0142<br>Pakiet 3 pierwszych sesji indywidualnych TRE\u00ae\ufe0f: 560 z\u0142 (pierwsza sesja 1,5h, dwie kolejne&nbsp;po 1h)&nbsp;<br>Grupowa sesja TRE\u00ae\ufe0f: pierwsza sesja 130 z\u0142, ka\u017cda kolejna 100 z\u0142&nbsp;<br>TRE\u00ae\ufe0f dla dw\u00f3ch bliskich sobie os\u00f3b: pierwsza sesja 400 z\u0142\/1,5h, kolejne 320 z\u0142\/1h&nbsp;<br>Sesja oddechowa: 150 z\u0142\/ 45min; pakiet 10 sesji 1300z\u0142&nbsp;<br>Sesje indywidualne, na kt\u00f3rych pracujemy na podstawie teorii poliwagalnej: 200z\u0142\/1h<br>Access Bars: 280z\u0142\/ 1,5h, pakiet 5 sesji 1200 z\u0142&nbsp;<br>Masa\u017c terapeutyczny: 170z\u0142\/ 50 min&nbsp;<br>Masa\u017c relaksacyjny: 200z\u0142\/ 1h<br>Konsultacje: 200 z\u0142\/ 1-1,15h (tak\u017ce on line)&nbsp;<br>Mentoring: 200z\u0142\/ 1h (tak\u017ce on line), 4 spotkania 700 z\u0142<\/p>\n\n\n\n<p><a href=\"https:\/\/www.facebook.com\/TreProviderDorotaDrogosz\" target=\"_blank\" rel=\"noreferrer noopener\">https:\/\/www.facebook.com\/TreProviderDorotaDrogosz<\/a><\/p>\n","protected":false},"excerpt":{"rendered":"<p>Nazywam si\u0119 Dorota Drogosz i jestem certyfikowan\u0105 TRE\u00ae\ufe0f Providerk\u0105, terapeutk\u0105 psychosomatyczn\u0105, manualn\u0105 i naturoterapeutk\u0105.Wspieram osoby doros\u0142e, kt\u00f3re zmagaj\u0105 si\u0119 ze skutkami prze\u017cytych traum i stresu, tak\u017ce PTSD. Uwa\u017cam, \u017ce ka\u017cdy cz\u0142owiek stanowi integraln\u0105 ca\u0142o\u015b\u0107.\u00a0 Dlatego w mojej pracy \u0142\u0105cz\u0119 r\u00f3\u017cne sposoby wsparcia na poziomie \u00a0fizycznym, psychicznym, emocjonalnym i duchowym.Jestem przekonana, \u017ce cia\u0142o ma mo\u017cliwo\u015bci samoleczenia [&hellip;]<\/p>\n","protected":false},"author":1,"featured_media":0,"parent":0,"menu_order":0,"comment_status":"closed","ping_status":"closed","template":"","meta":{"footnotes":""},"class_list":["post-271","page","type-page","status-publish","hentry"],"yoast_head":"<!-- This site is optimized with the Yoast SEO plugin v27.0 - https:\/\/yoast.com\/product\/yoast-seo-wordpress\/ -->\n<title>Dorota Drogosz - Bli\u017cej Siebie Terapie Naturalne<\/title>\n<meta name=\"robots\" content=\"index, follow, max-snippet:-1, max-image-preview:large, max-video-preview:-1\" \/>\n<link rel=\"canonical\" href=\"https:\/\/xn--bliejsiebie-rqc.com.pl\/?page_id=271\" \/>\n<meta property=\"og:locale\" content=\"en_US\" \/>\n<meta property=\"og:type\" content=\"article\" \/>\n<meta property=\"og:title\" content=\"Dorota Drogosz - Bli\u017cej Siebie Terapie Naturalne\" \/>\n<meta property=\"og:description\" content=\"Nazywam si\u0119 Dorota Drogosz i jestem certyfikowan\u0105 TRE\u00ae\ufe0f Providerk\u0105, terapeutk\u0105 psychosomatyczn\u0105, manualn\u0105 i naturoterapeutk\u0105.Wspieram osoby doros\u0142e, kt\u00f3re zmagaj\u0105 si\u0119 ze skutkami prze\u017cytych traum i stresu, tak\u017ce PTSD. Uwa\u017cam, \u017ce ka\u017cdy cz\u0142owiek stanowi integraln\u0105 ca\u0142o\u015b\u0107.\u00a0 Dlatego w mojej pracy \u0142\u0105cz\u0119 r\u00f3\u017cne sposoby wsparcia na poziomie \u00a0fizycznym, psychicznym, emocjonalnym i duchowym.Jestem przekonana, \u017ce cia\u0142o ma mo\u017cliwo\u015bci samoleczenia [&hellip;]\" \/>\n<meta property=\"og:url\" content=\"https:\/\/xn--bliejsiebie-rqc.com.pl\/?page_id=271\" \/>\n<meta property=\"og:site_name\" content=\"Bli\u017cej Siebie Terapie Naturalne\" \/>\n<meta property=\"article:publisher\" content=\"https:\/\/www.facebook.com\/profile.php?id=100091002167848\" \/>\n<meta property=\"article:modified_time\" content=\"2025-11-18T14:32:44+00:00\" \/>\n<meta property=\"og:image\" content=\"https:\/\/xn--bliejsiebie-rqc.com.pl\/wp-content\/uploads\/2025\/10\/Dorota-Drogosz.jpg\" \/>\n\t<meta property=\"og:image:width\" content=\"1542\" \/>\n\t<meta property=\"og:image:height\" content=\"1600\" \/>\n\t<meta property=\"og:image:type\" content=\"image\/jpeg\" \/>\n<meta name=\"twitter:card\" content=\"summary_large_image\" \/>\n<meta name=\"twitter:label1\" content=\"Est. reading time\" \/>\n\t<meta name=\"twitter:data1\" content=\"2 minutes\" \/>\n<script type=\"application\/ld+json\" class=\"yoast-schema-graph\">{\"@context\":\"https:\/\/schema.org\",\"@graph\":[{\"@type\":\"WebPage\",\"@id\":\"https:\/\/xn--bliejsiebie-rqc.com.pl\/?page_id=271\",\"url\":\"https:\/\/xn--bliejsiebie-rqc.com.pl\/?page_id=271\",\"name\":\"Dorota Drogosz - Bli\u017cej Siebie Terapie Naturalne\",\"isPartOf\":{\"@id\":\"https:\/\/xn--bliejsiebie-rqc.com.pl\/#website\"},\"primaryImageOfPage\":{\"@id\":\"https:\/\/xn--bliejsiebie-rqc.com.pl\/?page_id=271#primaryimage\"},\"image\":{\"@id\":\"https:\/\/xn--bliejsiebie-rqc.com.pl\/?page_id=271#primaryimage\"},\"thumbnailUrl\":\"https:\/\/xn--bliejsiebie-rqc.com.pl\/wp-content\/uploads\/2025\/10\/Dorota-Drogosz-987x1024.jpg\",\"datePublished\":\"2025-10-25T08:00:38+00:00\",\"dateModified\":\"2025-11-18T14:32:44+00:00\",\"breadcrumb\":{\"@id\":\"https:\/\/xn--bliejsiebie-rqc.com.pl\/?page_id=271#breadcrumb\"},\"inLanguage\":\"en-US\",\"potentialAction\":[{\"@type\":\"ReadAction\",\"target\":[\"https:\/\/xn--bliejsiebie-rqc.com.pl\/?page_id=271\"]}]},{\"@type\":\"ImageObject\",\"inLanguage\":\"en-US\",\"@id\":\"https:\/\/xn--bliejsiebie-rqc.com.pl\/?page_id=271#primaryimage\",\"url\":\"https:\/\/xn--bliejsiebie-rqc.com.pl\/wp-content\/uploads\/2025\/10\/Dorota-Drogosz.jpg\",\"contentUrl\":\"https:\/\/xn--bliejsiebie-rqc.com.pl\/wp-content\/uploads\/2025\/10\/Dorota-Drogosz.jpg\",\"width\":1542,\"height\":1600},{\"@type\":\"BreadcrumbList\",\"@id\":\"https:\/\/xn--bliejsiebie-rqc.com.pl\/?page_id=271#breadcrumb\",\"itemListElement\":[{\"@type\":\"ListItem\",\"position\":1,\"name\":\"Strona g\u0142\u00f3wna\",\"item\":\"https:\/\/xn--bliejsiebie-rqc.com.pl\/\"},{\"@type\":\"ListItem\",\"position\":2,\"name\":\"Dorota Drogosz\"}]},{\"@type\":\"WebSite\",\"@id\":\"https:\/\/xn--bliejsiebie-rqc.com.pl\/#website\",\"url\":\"https:\/\/xn--bliejsiebie-rqc.com.pl\/\",\"name\":\"Bli\u017cej Siebie Terapie Naturalne\",\"description\":\"\",\"publisher\":{\"@id\":\"https:\/\/xn--bliejsiebie-rqc.com.pl\/#organization\"},\"potentialAction\":[{\"@type\":\"SearchAction\",\"target\":{\"@type\":\"EntryPoint\",\"urlTemplate\":\"https:\/\/xn--bliejsiebie-rqc.com.pl\/?s={search_term_string}\"},\"query-input\":{\"@type\":\"PropertyValueSpecification\",\"valueRequired\":true,\"valueName\":\"search_term_string\"}}],\"inLanguage\":\"en-US\"},{\"@type\":\"Organization\",\"@id\":\"https:\/\/xn--bliejsiebie-rqc.com.pl\/#organization\",\"name\":\"Bli\u017cej Siebie Terapie Naturalne\",\"url\":\"https:\/\/xn--bliejsiebie-rqc.com.pl\/\",\"logo\":{\"@type\":\"ImageObject\",\"inLanguage\":\"en-US\",\"@id\":\"https:\/\/xn--bliejsiebie-rqc.com.pl\/#\/schema\/logo\/image\/\",\"url\":\"https:\/\/xn--bliejsiebie-rqc.com.pl\/wp-content\/uploads\/2025\/10\/logo.png\",\"contentUrl\":\"https:\/\/xn--bliejsiebie-rqc.com.pl\/wp-content\/uploads\/2025\/10\/logo.png\",\"width\":857,\"height\":877,\"caption\":\"Bli\u017cej Siebie Terapie Naturalne\"},\"image\":{\"@id\":\"https:\/\/xn--bliejsiebie-rqc.com.pl\/#\/schema\/logo\/image\/\"},\"sameAs\":[\"https:\/\/www.facebook.com\/profile.php?id=100091002167848\"]}]}<\/script>\n<!-- \/ Yoast SEO plugin. -->","yoast_head_json":{"title":"Dorota Drogosz - Bli\u017cej Siebie Terapie Naturalne","robots":{"index":"index","follow":"follow","max-snippet":"max-snippet:-1","max-image-preview":"max-image-preview:large","max-video-preview":"max-video-preview:-1"},"canonical":"https:\/\/xn--bliejsiebie-rqc.com.pl\/?page_id=271","og_locale":"en_US","og_type":"article","og_title":"Dorota Drogosz - Bli\u017cej Siebie Terapie Naturalne","og_description":"Nazywam si\u0119 Dorota Drogosz i jestem certyfikowan\u0105 TRE\u00ae\ufe0f Providerk\u0105, terapeutk\u0105 psychosomatyczn\u0105, manualn\u0105 i naturoterapeutk\u0105.Wspieram osoby doros\u0142e, kt\u00f3re zmagaj\u0105 si\u0119 ze skutkami prze\u017cytych traum i stresu, tak\u017ce PTSD. Uwa\u017cam, \u017ce ka\u017cdy cz\u0142owiek stanowi integraln\u0105 ca\u0142o\u015b\u0107.\u00a0 Dlatego w mojej pracy \u0142\u0105cz\u0119 r\u00f3\u017cne sposoby wsparcia na poziomie \u00a0fizycznym, psychicznym, emocjonalnym i duchowym.Jestem przekonana, \u017ce cia\u0142o ma mo\u017cliwo\u015bci samoleczenia [&hellip;]","og_url":"https:\/\/xn--bliejsiebie-rqc.com.pl\/?page_id=271","og_site_name":"Bli\u017cej Siebie Terapie Naturalne","article_publisher":"https:\/\/www.facebook.com\/profile.php?id=100091002167848","article_modified_time":"2025-11-18T14:32:44+00:00","og_image":[{"width":1542,"height":1600,"url":"https:\/\/xn--bliejsiebie-rqc.com.pl\/wp-content\/uploads\/2025\/10\/Dorota-Drogosz.jpg","type":"image\/jpeg"}],"twitter_card":"summary_large_image","twitter_misc":{"Est. reading time":"2 minutes"},"schema":{"@context":"https:\/\/schema.org","@graph":[{"@type":"WebPage","@id":"https:\/\/xn--bliejsiebie-rqc.com.pl\/?page_id=271","url":"https:\/\/xn--bliejsiebie-rqc.com.pl\/?page_id=271","name":"Dorota Drogosz - Bli\u017cej Siebie Terapie Naturalne","isPartOf":{"@id":"https:\/\/xn--bliejsiebie-rqc.com.pl\/#website"},"primaryImageOfPage":{"@id":"https:\/\/xn--bliejsiebie-rqc.com.pl\/?page_id=271#primaryimage"},"image":{"@id":"https:\/\/xn--bliejsiebie-rqc.com.pl\/?page_id=271#primaryimage"},"thumbnailUrl":"https:\/\/xn--bliejsiebie-rqc.com.pl\/wp-content\/uploads\/2025\/10\/Dorota-Drogosz-987x1024.jpg","datePublished":"2025-10-25T08:00:38+00:00","dateModified":"2025-11-18T14:32:44+00:00","breadcrumb":{"@id":"https:\/\/xn--bliejsiebie-rqc.com.pl\/?page_id=271#breadcrumb"},"inLanguage":"en-US","potentialAction":[{"@type":"ReadAction","target":["https:\/\/xn--bliejsiebie-rqc.com.pl\/?page_id=271"]}]},{"@type":"ImageObject","inLanguage":"en-US","@id":"https:\/\/xn--bliejsiebie-rqc.com.pl\/?page_id=271#primaryimage","url":"https:\/\/xn--bliejsiebie-rqc.com.pl\/wp-content\/uploads\/2025\/10\/Dorota-Drogosz.jpg","contentUrl":"https:\/\/xn--bliejsiebie-rqc.com.pl\/wp-content\/uploads\/2025\/10\/Dorota-Drogosz.jpg","width":1542,"height":1600},{"@type":"BreadcrumbList","@id":"https:\/\/xn--bliejsiebie-rqc.com.pl\/?page_id=271#breadcrumb","itemListElement":[{"@type":"ListItem","position":1,"name":"Strona g\u0142\u00f3wna","item":"https:\/\/xn--bliejsiebie-rqc.com.pl\/"},{"@type":"ListItem","position":2,"name":"Dorota Drogosz"}]},{"@type":"WebSite","@id":"https:\/\/xn--bliejsiebie-rqc.com.pl\/#website","url":"https:\/\/xn--bliejsiebie-rqc.com.pl\/","name":"Bli\u017cej Siebie Terapie Naturalne","description":"","publisher":{"@id":"https:\/\/xn--bliejsiebie-rqc.com.pl\/#organization"},"potentialAction":[{"@type":"SearchAction","target":{"@type":"EntryPoint","urlTemplate":"https:\/\/xn--bliejsiebie-rqc.com.pl\/?s={search_term_string}"},"query-input":{"@type":"PropertyValueSpecification","valueRequired":true,"valueName":"search_term_string"}}],"inLanguage":"en-US"},{"@type":"Organization","@id":"https:\/\/xn--bliejsiebie-rqc.com.pl\/#organization","name":"Bli\u017cej Siebie Terapie Naturalne","url":"https:\/\/xn--bliejsiebie-rqc.com.pl\/","logo":{"@type":"ImageObject","inLanguage":"en-US","@id":"https:\/\/xn--bliejsiebie-rqc.com.pl\/#\/schema\/logo\/image\/","url":"https:\/\/xn--bliejsiebie-rqc.com.pl\/wp-content\/uploads\/2025\/10\/logo.png","contentUrl":"https:\/\/xn--bliejsiebie-rqc.com.pl\/wp-content\/uploads\/2025\/10\/logo.png","width":857,"height":877,"caption":"Bli\u017cej Siebie Terapie Naturalne"},"image":{"@id":"https:\/\/xn--bliejsiebie-rqc.com.pl\/#\/schema\/logo\/image\/"},"sameAs":["https:\/\/www.facebook.com\/profile.php?id=100091002167848"]}]}},"_links":{"self":[{"href":"https:\/\/xn--bliejsiebie-rqc.com.pl\/index.php?rest_route=\/wp\/v2\/pages\/271","targetHints":{"allow":["GET"]}}],"collection":[{"href":"https:\/\/xn--bliejsiebie-rqc.com.pl\/index.php?rest_route=\/wp\/v2\/pages"}],"about":[{"href":"https:\/\/xn--bliejsiebie-rqc.com.pl\/index.php?rest_route=\/wp\/v2\/types\/page"}],"author":[{"embeddable":true,"href":"https:\/\/xn--bliejsiebie-rqc.com.pl\/index.php?rest_route=\/wp\/v2\/users\/1"}],"replies":[{"embeddable":true,"href":"https:\/\/xn--bliejsiebie-rqc.com.pl\/index.php?rest_route=%2Fwp%2Fv2%2Fcomments&post=271"}],"version-history":[{"count":5,"href":"https:\/\/xn--bliejsiebie-rqc.com.pl\/index.php?rest_route=\/wp\/v2\/pages\/271\/revisions"}],"predecessor-version":[{"id":415,"href":"https:\/\/xn--bliejsiebie-rqc.com.pl\/index.php?rest_route=\/wp\/v2\/pages\/271\/revisions\/415"}],"wp:attachment":[{"href":"https:\/\/xn--bliejsiebie-rqc.com.pl\/index.php?rest_route=%2Fwp%2Fv2%2Fmedia&parent=271"}],"curies":[{"name":"wp","href":"https:\/\/api.w.org\/{rel}","templated":true}]}}