{"id":267,"date":"2025-10-25T09:56:42","date_gmt":"2025-10-25T07:56:42","guid":{"rendered":"https:\/\/xn--bliejsiebie-rqc.com.pl\/?page_id=267"},"modified":"2025-11-18T15:29:28","modified_gmt":"2025-11-18T14:29:28","slug":"alzhela-ulianova-gil","status":"publish","type":"page","link":"https:\/\/xn--bliejsiebie-rqc.com.pl\/?page_id=267","title":{"rendered":"Alzhela Ulianova Gil"},"content":{"rendered":"\n<div class=\"wp-block-media-text is-stacked-on-mobile\" style=\"grid-template-columns:43% auto\"><figure class=\"wp-block-media-text__media\"><img loading=\"lazy\" decoding=\"async\" width=\"533\" height=\"533\" src=\"https:\/\/xn--bliejsiebie-rqc.com.pl\/wp-content\/uploads\/2025\/10\/Alzhela-Ulianova-Gil.jpg\" alt=\"\" class=\"wp-image-268 size-full\" srcset=\"https:\/\/xn--bliejsiebie-rqc.com.pl\/wp-content\/uploads\/2025\/10\/Alzhela-Ulianova-Gil.jpg 533w, https:\/\/xn--bliejsiebie-rqc.com.pl\/wp-content\/uploads\/2025\/10\/Alzhela-Ulianova-Gil-300x300.jpg 300w, https:\/\/xn--bliejsiebie-rqc.com.pl\/wp-content\/uploads\/2025\/10\/Alzhela-Ulianova-Gil-150x150.jpg 150w\" sizes=\"auto, (max-width: 533px) 100vw, 533px\" \/><\/figure><div class=\"wp-block-media-text__content\">\n<p><strong>Z wykszta\u0142cenia jestem pedagogiem, specjalist\u0105 resocjalizacji, certyfikowanym specjalist\u0105 terapii uzale\u017cnie\u0144 sponad 20-letnim do\u015bwiadczeniem wspierania ludzi w ich w\u0142asnych zmianach<\/strong>.<br>Swoj\u0105 ofert\u0119 pomocy kieruj\u0119 przede wszystkim do os\u00f3b z syndromem DDA oraz do os\u00f3b wsp\u00f3\u0142uzale\u017cnionych.<br>Du\u017c\u0105 uwag\u0119 przyk\u0142adam do jako\u015bci zbudowanej relacji, opartej na wzajemnym szacunku, szczero\u015bci i zaufania (tzw. sojusz terapeutyczny).Wsp\u00f3lnie przygl\u0105damy si\u0119 Twojej historii w poszukiwaniu mocnych stron, a tak\u017ce tego, co Ci\u0119 ogranicza.<\/p>\n<\/div><\/div>\n\n\n\n<p><br>To Ty decydujesz o tempie i zakresie w\u0142asnych zmian.<br>Moim zadaniem jest wspieranie poprawy jako\u015bci Twojego \u017cycia.<br>Je\u017celi dorasta\u0142e\u015b w rodzinie z dysfunkcj\u0105, w tym minimum w postaci nadu\u017cywania alkoholu i zauwa\u017casz, \u017ce nadal ma to negatywny wp\u0142yw na Twoje \u017cycie, to zapraszam do kontaktu.<br>Je\u017celi obecnie jeste\u015b w relacji z osob\u0105 uzale\u017cnion\u0105 i do\u015bwiadczasz poczucia stopniowej utraty wp\u0142ywu na swoje \u017cycie, to jest to dobry moment na zmian\u0119, w\u0142asn\u0105 zmian\u0119.<\/p>\n\n\n\n<p><strong>Kontakt:<\/strong> 505-372-086<br>angelikagil@wp.pl<\/p>\n\n\n\n<p><strong>Cennik:<\/strong><br>Spotkanie \u2013 200<br>On-line \u2013 200<\/p>\n","protected":false},"excerpt":{"rendered":"<p>Z wykszta\u0142cenia jestem pedagogiem, specjalist\u0105 resocjalizacji, certyfikowanym specjalist\u0105 terapii uzale\u017cnie\u0144 sponad 20-letnim do\u015bwiadczeniem wspierania ludzi w ich w\u0142asnych zmianach.Swoj\u0105 ofert\u0119 pomocy kieruj\u0119 przede wszystkim do os\u00f3b z syndromem DDA oraz do os\u00f3b wsp\u00f3\u0142uzale\u017cnionych.Du\u017c\u0105 uwag\u0119 przyk\u0142adam do jako\u015bci zbudowanej relacji, opartej na wzajemnym szacunku, szczero\u015bci i zaufania (tzw. sojusz terapeutyczny).Wsp\u00f3lnie przygl\u0105damy si\u0119 Twojej historii w poszukiwaniu [&hellip;]<\/p>\n","protected":false},"author":1,"featured_media":0,"parent":0,"menu_order":0,"comment_status":"closed","ping_status":"closed","template":"","meta":{"footnotes":""},"class_list":["post-267","page","type-page","status-publish","hentry"],"yoast_head":"<!-- This site is optimized with the Yoast SEO plugin v27.0 - https:\/\/yoast.com\/product\/yoast-seo-wordpress\/ -->\n<title>Alzhela Ulianova Gil - Bli\u017cej Siebie Terapie Naturalne<\/title>\n<meta name=\"robots\" content=\"index, follow, max-snippet:-1, max-image-preview:large, max-video-preview:-1\" \/>\n<link rel=\"canonical\" href=\"https:\/\/xn--bliejsiebie-rqc.com.pl\/?page_id=267\" \/>\n<meta property=\"og:locale\" content=\"en_US\" \/>\n<meta property=\"og:type\" content=\"article\" \/>\n<meta property=\"og:title\" content=\"Alzhela Ulianova Gil - Bli\u017cej Siebie Terapie Naturalne\" \/>\n<meta property=\"og:description\" content=\"Z wykszta\u0142cenia jestem pedagogiem, specjalist\u0105 resocjalizacji, certyfikowanym specjalist\u0105 terapii uzale\u017cnie\u0144 sponad 20-letnim do\u015bwiadczeniem wspierania ludzi w ich w\u0142asnych zmianach.Swoj\u0105 ofert\u0119 pomocy kieruj\u0119 przede wszystkim do os\u00f3b z syndromem DDA oraz do os\u00f3b wsp\u00f3\u0142uzale\u017cnionych.Du\u017c\u0105 uwag\u0119 przyk\u0142adam do jako\u015bci zbudowanej relacji, opartej na wzajemnym szacunku, szczero\u015bci i zaufania (tzw. sojusz terapeutyczny).Wsp\u00f3lnie przygl\u0105damy si\u0119 Twojej historii w poszukiwaniu [&hellip;]\" \/>\n<meta property=\"og:url\" content=\"https:\/\/xn--bliejsiebie-rqc.com.pl\/?page_id=267\" \/>\n<meta property=\"og:site_name\" content=\"Bli\u017cej Siebie Terapie Naturalne\" \/>\n<meta property=\"article:publisher\" content=\"https:\/\/www.facebook.com\/profile.php?id=100091002167848\" \/>\n<meta property=\"article:modified_time\" content=\"2025-11-18T14:29:28+00:00\" \/>\n<meta property=\"og:image\" content=\"https:\/\/xn--bliejsiebie-rqc.com.pl\/wp-content\/uploads\/2025\/10\/Alzhela-Ulianova-Gil.jpg\" \/>\n\t<meta property=\"og:image:width\" content=\"533\" \/>\n\t<meta property=\"og:image:height\" content=\"533\" \/>\n\t<meta property=\"og:image:type\" content=\"image\/jpeg\" \/>\n<meta name=\"twitter:card\" content=\"summary_large_image\" \/>\n<meta name=\"twitter:label1\" content=\"Est. reading time\" \/>\n\t<meta name=\"twitter:data1\" content=\"2 minutes\" \/>\n<script type=\"application\/ld+json\" class=\"yoast-schema-graph\">{\"@context\":\"https:\/\/schema.org\",\"@graph\":[{\"@type\":\"WebPage\",\"@id\":\"https:\/\/xn--bliejsiebie-rqc.com.pl\/?page_id=267\",\"url\":\"https:\/\/xn--bliejsiebie-rqc.com.pl\/?page_id=267\",\"name\":\"Alzhela Ulianova Gil - Bli\u017cej Siebie Terapie Naturalne\",\"isPartOf\":{\"@id\":\"https:\/\/xn--bliejsiebie-rqc.com.pl\/#website\"},\"primaryImageOfPage\":{\"@id\":\"https:\/\/xn--bliejsiebie-rqc.com.pl\/?page_id=267#primaryimage\"},\"image\":{\"@id\":\"https:\/\/xn--bliejsiebie-rqc.com.pl\/?page_id=267#primaryimage\"},\"thumbnailUrl\":\"https:\/\/xn--bliejsiebie-rqc.com.pl\/wp-content\/uploads\/2025\/10\/Alzhela-Ulianova-Gil.jpg\",\"datePublished\":\"2025-10-25T07:56:42+00:00\",\"dateModified\":\"2025-11-18T14:29:28+00:00\",\"breadcrumb\":{\"@id\":\"https:\/\/xn--bliejsiebie-rqc.com.pl\/?page_id=267#breadcrumb\"},\"inLanguage\":\"en-US\",\"potentialAction\":[{\"@type\":\"ReadAction\",\"target\":[\"https:\/\/xn--bliejsiebie-rqc.com.pl\/?page_id=267\"]}]},{\"@type\":\"ImageObject\",\"inLanguage\":\"en-US\",\"@id\":\"https:\/\/xn--bliejsiebie-rqc.com.pl\/?page_id=267#primaryimage\",\"url\":\"https:\/\/xn--bliejsiebie-rqc.com.pl\/wp-content\/uploads\/2025\/10\/Alzhela-Ulianova-Gil.jpg\",\"contentUrl\":\"https:\/\/xn--bliejsiebie-rqc.com.pl\/wp-content\/uploads\/2025\/10\/Alzhela-Ulianova-Gil.jpg\",\"width\":533,\"height\":533},{\"@type\":\"BreadcrumbList\",\"@id\":\"https:\/\/xn--bliejsiebie-rqc.com.pl\/?page_id=267#breadcrumb\",\"itemListElement\":[{\"@type\":\"ListItem\",\"position\":1,\"name\":\"Strona g\u0142\u00f3wna\",\"item\":\"https:\/\/xn--bliejsiebie-rqc.com.pl\/\"},{\"@type\":\"ListItem\",\"position\":2,\"name\":\"Alzhela Ulianova Gil\"}]},{\"@type\":\"WebSite\",\"@id\":\"https:\/\/xn--bliejsiebie-rqc.com.pl\/#website\",\"url\":\"https:\/\/xn--bliejsiebie-rqc.com.pl\/\",\"name\":\"Bli\u017cej Siebie Terapie Naturalne\",\"description\":\"\",\"publisher\":{\"@id\":\"https:\/\/xn--bliejsiebie-rqc.com.pl\/#organization\"},\"potentialAction\":[{\"@type\":\"SearchAction\",\"target\":{\"@type\":\"EntryPoint\",\"urlTemplate\":\"https:\/\/xn--bliejsiebie-rqc.com.pl\/?s={search_term_string}\"},\"query-input\":{\"@type\":\"PropertyValueSpecification\",\"valueRequired\":true,\"valueName\":\"search_term_string\"}}],\"inLanguage\":\"en-US\"},{\"@type\":\"Organization\",\"@id\":\"https:\/\/xn--bliejsiebie-rqc.com.pl\/#organization\",\"name\":\"Bli\u017cej Siebie Terapie Naturalne\",\"url\":\"https:\/\/xn--bliejsiebie-rqc.com.pl\/\",\"logo\":{\"@type\":\"ImageObject\",\"inLanguage\":\"en-US\",\"@id\":\"https:\/\/xn--bliejsiebie-rqc.com.pl\/#\/schema\/logo\/image\/\",\"url\":\"https:\/\/xn--bliejsiebie-rqc.com.pl\/wp-content\/uploads\/2025\/10\/logo.png\",\"contentUrl\":\"https:\/\/xn--bliejsiebie-rqc.com.pl\/wp-content\/uploads\/2025\/10\/logo.png\",\"width\":857,\"height\":877,\"caption\":\"Bli\u017cej Siebie Terapie Naturalne\"},\"image\":{\"@id\":\"https:\/\/xn--bliejsiebie-rqc.com.pl\/#\/schema\/logo\/image\/\"},\"sameAs\":[\"https:\/\/www.facebook.com\/profile.php?id=100091002167848\"]}]}<\/script>\n<!-- \/ Yoast SEO plugin. -->","yoast_head_json":{"title":"Alzhela Ulianova Gil - Bli\u017cej Siebie Terapie Naturalne","robots":{"index":"index","follow":"follow","max-snippet":"max-snippet:-1","max-image-preview":"max-image-preview:large","max-video-preview":"max-video-preview:-1"},"canonical":"https:\/\/xn--bliejsiebie-rqc.com.pl\/?page_id=267","og_locale":"en_US","og_type":"article","og_title":"Alzhela Ulianova Gil - Bli\u017cej Siebie Terapie Naturalne","og_description":"Z wykszta\u0142cenia jestem pedagogiem, specjalist\u0105 resocjalizacji, certyfikowanym specjalist\u0105 terapii uzale\u017cnie\u0144 sponad 20-letnim do\u015bwiadczeniem wspierania ludzi w ich w\u0142asnych zmianach.Swoj\u0105 ofert\u0119 pomocy kieruj\u0119 przede wszystkim do os\u00f3b z syndromem DDA oraz do os\u00f3b wsp\u00f3\u0142uzale\u017cnionych.Du\u017c\u0105 uwag\u0119 przyk\u0142adam do jako\u015bci zbudowanej relacji, opartej na wzajemnym szacunku, szczero\u015bci i zaufania (tzw. sojusz terapeutyczny).Wsp\u00f3lnie przygl\u0105damy si\u0119 Twojej historii w poszukiwaniu [&hellip;]","og_url":"https:\/\/xn--bliejsiebie-rqc.com.pl\/?page_id=267","og_site_name":"Bli\u017cej Siebie Terapie Naturalne","article_publisher":"https:\/\/www.facebook.com\/profile.php?id=100091002167848","article_modified_time":"2025-11-18T14:29:28+00:00","og_image":[{"width":533,"height":533,"url":"https:\/\/xn--bliejsiebie-rqc.com.pl\/wp-content\/uploads\/2025\/10\/Alzhela-Ulianova-Gil.jpg","type":"image\/jpeg"}],"twitter_card":"summary_large_image","twitter_misc":{"Est. reading time":"2 minutes"},"schema":{"@context":"https:\/\/schema.org","@graph":[{"@type":"WebPage","@id":"https:\/\/xn--bliejsiebie-rqc.com.pl\/?page_id=267","url":"https:\/\/xn--bliejsiebie-rqc.com.pl\/?page_id=267","name":"Alzhela Ulianova Gil - Bli\u017cej Siebie Terapie Naturalne","isPartOf":{"@id":"https:\/\/xn--bliejsiebie-rqc.com.pl\/#website"},"primaryImageOfPage":{"@id":"https:\/\/xn--bliejsiebie-rqc.com.pl\/?page_id=267#primaryimage"},"image":{"@id":"https:\/\/xn--bliejsiebie-rqc.com.pl\/?page_id=267#primaryimage"},"thumbnailUrl":"https:\/\/xn--bliejsiebie-rqc.com.pl\/wp-content\/uploads\/2025\/10\/Alzhela-Ulianova-Gil.jpg","datePublished":"2025-10-25T07:56:42+00:00","dateModified":"2025-11-18T14:29:28+00:00","breadcrumb":{"@id":"https:\/\/xn--bliejsiebie-rqc.com.pl\/?page_id=267#breadcrumb"},"inLanguage":"en-US","potentialAction":[{"@type":"ReadAction","target":["https:\/\/xn--bliejsiebie-rqc.com.pl\/?page_id=267"]}]},{"@type":"ImageObject","inLanguage":"en-US","@id":"https:\/\/xn--bliejsiebie-rqc.com.pl\/?page_id=267#primaryimage","url":"https:\/\/xn--bliejsiebie-rqc.com.pl\/wp-content\/uploads\/2025\/10\/Alzhela-Ulianova-Gil.jpg","contentUrl":"https:\/\/xn--bliejsiebie-rqc.com.pl\/wp-content\/uploads\/2025\/10\/Alzhela-Ulianova-Gil.jpg","width":533,"height":533},{"@type":"BreadcrumbList","@id":"https:\/\/xn--bliejsiebie-rqc.com.pl\/?page_id=267#breadcrumb","itemListElement":[{"@type":"ListItem","position":1,"name":"Strona g\u0142\u00f3wna","item":"https:\/\/xn--bliejsiebie-rqc.com.pl\/"},{"@type":"ListItem","position":2,"name":"Alzhela Ulianova Gil"}]},{"@type":"WebSite","@id":"https:\/\/xn--bliejsiebie-rqc.com.pl\/#website","url":"https:\/\/xn--bliejsiebie-rqc.com.pl\/","name":"Bli\u017cej Siebie Terapie Naturalne","description":"","publisher":{"@id":"https:\/\/xn--bliejsiebie-rqc.com.pl\/#organization"},"potentialAction":[{"@type":"SearchAction","target":{"@type":"EntryPoint","urlTemplate":"https:\/\/xn--bliejsiebie-rqc.com.pl\/?s={search_term_string}"},"query-input":{"@type":"PropertyValueSpecification","valueRequired":true,"valueName":"search_term_string"}}],"inLanguage":"en-US"},{"@type":"Organization","@id":"https:\/\/xn--bliejsiebie-rqc.com.pl\/#organization","name":"Bli\u017cej Siebie Terapie Naturalne","url":"https:\/\/xn--bliejsiebie-rqc.com.pl\/","logo":{"@type":"ImageObject","inLanguage":"en-US","@id":"https:\/\/xn--bliejsiebie-rqc.com.pl\/#\/schema\/logo\/image\/","url":"https:\/\/xn--bliejsiebie-rqc.com.pl\/wp-content\/uploads\/2025\/10\/logo.png","contentUrl":"https:\/\/xn--bliejsiebie-rqc.com.pl\/wp-content\/uploads\/2025\/10\/logo.png","width":857,"height":877,"caption":"Bli\u017cej Siebie Terapie Naturalne"},"image":{"@id":"https:\/\/xn--bliejsiebie-rqc.com.pl\/#\/schema\/logo\/image\/"},"sameAs":["https:\/\/www.facebook.com\/profile.php?id=100091002167848"]}]}},"_links":{"self":[{"href":"https:\/\/xn--bliejsiebie-rqc.com.pl\/index.php?rest_route=\/wp\/v2\/pages\/267","targetHints":{"allow":["GET"]}}],"collection":[{"href":"https:\/\/xn--bliejsiebie-rqc.com.pl\/index.php?rest_route=\/wp\/v2\/pages"}],"about":[{"href":"https:\/\/xn--bliejsiebie-rqc.com.pl\/index.php?rest_route=\/wp\/v2\/types\/page"}],"author":[{"embeddable":true,"href":"https:\/\/xn--bliejsiebie-rqc.com.pl\/index.php?rest_route=\/wp\/v2\/users\/1"}],"replies":[{"embeddable":true,"href":"https:\/\/xn--bliejsiebie-rqc.com.pl\/index.php?rest_route=%2Fwp%2Fv2%2Fcomments&post=267"}],"version-history":[{"count":5,"href":"https:\/\/xn--bliejsiebie-rqc.com.pl\/index.php?rest_route=\/wp\/v2\/pages\/267\/revisions"}],"predecessor-version":[{"id":386,"href":"https:\/\/xn--bliejsiebie-rqc.com.pl\/index.php?rest_route=\/wp\/v2\/pages\/267\/revisions\/386"}],"wp:attachment":[{"href":"https:\/\/xn--bliejsiebie-rqc.com.pl\/index.php?rest_route=%2Fwp%2Fv2%2Fmedia&parent=267"}],"curies":[{"name":"wp","href":"https:\/\/api.w.org\/{rel}","templated":true}]}}