{"id":176,"date":"2025-10-15T23:15:41","date_gmt":"2025-10-15T21:15:41","guid":{"rendered":"https:\/\/xn--bliejsiebie-rqc.com.pl\/?page_id=176"},"modified":"2025-11-18T15:41:39","modified_gmt":"2025-11-18T14:41:39","slug":"zdrowie-zwierzat","status":"publish","type":"page","link":"https:\/\/xn--bliejsiebie-rqc.com.pl\/?page_id=176","title":{"rendered":"Zdrowie Zwierza\u0328t"},"content":{"rendered":"\n<figure class=\"wp-block-image aligncenter size-large\"><img loading=\"lazy\" decoding=\"async\" width=\"1024\" height=\"314\" src=\"https:\/\/xn--bliejsiebie-rqc.com.pl\/wp-content\/uploads\/2025\/10\/zwierzeta1-1024x314.png\" alt=\"\" class=\"wp-image-242\" srcset=\"https:\/\/xn--bliejsiebie-rqc.com.pl\/wp-content\/uploads\/2025\/10\/zwierzeta1-1024x314.png 1024w, https:\/\/xn--bliejsiebie-rqc.com.pl\/wp-content\/uploads\/2025\/10\/zwierzeta1-300x92.png 300w, https:\/\/xn--bliejsiebie-rqc.com.pl\/wp-content\/uploads\/2025\/10\/zwierzeta1-768x236.png 768w, https:\/\/xn--bliejsiebie-rqc.com.pl\/wp-content\/uploads\/2025\/10\/zwierzeta1.png 1101w\" sizes=\"auto, (max-width: 1024px) 100vw, 1024px\" \/><\/figure>\n\n\n\n<p>&nbsp;QUEX ED\u00ae \u2013 nowoczesne wsparcie dla Twojego pupila&nbsp;<\/p>\n\n\n\n<p>Czy wiesz, \u017ce zwierz\u0119ta s\u0105 wyj\u0105tkowo wra\u017cliwe na energie i reaguj\u0105 na nie jeszcze subtelniej ni\u017c my, ludzie?&nbsp;<\/p>\n\n\n\n<p>Dlatego praca z urz\u0105dzeniem QUEX ED\u00ae mo\u017ce by\u0107 dla nich niezwykle skuteczna i jednocze\u015bnie \u0142agodna.<\/p>\n\n\n\n<p>&nbsp;To innowacyjny system&nbsp;biofeedbacku&nbsp;i&nbsp;biorezonansu, kt\u00f3ry analizuje i harmonizuje energi\u0119 organizmu \u2013 bezbole\u015bnie, nieinwazyjnie i ca\u0142kowicie bezpiecznie. Dzi\u0119ki specjalnemu modu\u0142owi&nbsp;Veterinary&nbsp;zosta\u0142 stworzony tak\u017ce z my\u015bl\u0105 o zwierz\u0119tach.<\/p>\n\n\n\n<p>\u2e3b<\/p>\n\n\n\n<p>&nbsp;W czym mo\u017ce pom\u00f3c Twojemu zwierzakowi?<\/p>\n\n\n\n<p>&nbsp;redukcja stresu i napi\u0119cia (np. po przeprowadzce, podr\u00f3\u017cy, zmianie otoczenia)<\/p>\n\n\n\n<p>&nbsp;\u0142agodzenie l\u0119k\u00f3w separacyjnych i nadmiernej pobudliwo\u015bci<\/p>\n\n\n\n<p>&nbsp;wsparcie w problemach behawioralnych (tak\u017ce przy agresji)<\/p>\n\n\n\n<p>&nbsp;poprawa jako\u015bci snu i regeneracji<\/p>\n\n\n\n<p>&nbsp;pomoc w rekonwalescencji po urazach i zabiegach<\/p>\n\n\n\n<p>&nbsp;wsparcie przy przewlek\u0142ych dolegliwo\u015bciach, alergiach i obni\u017conej odporno\u015bci<\/p>\n\n\n\n<p>&nbsp;harmonizacja uk\u0142adu trawiennego i problem\u00f3w jelitowych<\/p>\n\n\n\n<p>&nbsp;r\u00f3wnowa\u017cenie emocji u zwierz\u0105t adoptowanych lub po traumach<\/p>\n\n\n\n<p>Zwierz\u0119ta cz\u0119sto reaguj\u0105 szybciej ni\u017c ludzie \u2013 ich organizmy naturalnie \u201eotwieraj\u0105 si\u0119\u201d na prac\u0119 energetyczn\u0105&nbsp;<\/p>\n\n\n\n<p><\/p>\n\n\n\n<p>\u2e3b<\/p>\n\n\n\n<p>&nbsp;Jak um\u00f3wi\u0107 si\u0119 na sesj\u0119?<\/p>\n\n\n\n<p>&nbsp;Wizyta stacjonarna \u2013 w gabinecie.<\/p>\n\n\n\n<p>&nbsp;Wizyta z dojazdem \u2013 w domu, gdzie Tw\u00f3j pupil czuje si\u0119 najlepiej.<\/p>\n\n\n\n<p>&nbsp;Sesja zdalna \u2013 terapia energetyczna mo\u017cliwa tak\u017ce na odleg\u0142o\u015b\u0107.<\/p>\n\n\n\n<figure class=\"wp-block-image size-large\"><img loading=\"lazy\" decoding=\"async\" width=\"683\" height=\"1024\" src=\"https:\/\/xn--bliejsiebie-rqc.com.pl\/wp-content\/uploads\/2025\/10\/foto2-683x1024.jpg\" alt=\"\" class=\"wp-image-177\" srcset=\"https:\/\/xn--bliejsiebie-rqc.com.pl\/wp-content\/uploads\/2025\/10\/foto2-683x1024.jpg 683w, https:\/\/xn--bliejsiebie-rqc.com.pl\/wp-content\/uploads\/2025\/10\/foto2-200x300.jpg 200w, https:\/\/xn--bliejsiebie-rqc.com.pl\/wp-content\/uploads\/2025\/10\/foto2-768x1151.jpg 768w, https:\/\/xn--bliejsiebie-rqc.com.pl\/wp-content\/uploads\/2025\/10\/foto2.jpg 1024w\" sizes=\"auto, (max-width: 683px) 100vw, 683px\" \/><\/figure>\n","protected":false},"excerpt":{"rendered":"<p>&nbsp;QUEX ED\u00ae \u2013 nowoczesne wsparcie dla Twojego pupila&nbsp; Czy wiesz, \u017ce zwierz\u0119ta s\u0105 wyj\u0105tkowo wra\u017cliwe na energie i reaguj\u0105 na nie jeszcze subtelniej ni\u017c my, ludzie?&nbsp; Dlatego praca z urz\u0105dzeniem QUEX ED\u00ae mo\u017ce by\u0107 dla nich niezwykle skuteczna i jednocze\u015bnie \u0142agodna. &nbsp;To innowacyjny system&nbsp;biofeedbacku&nbsp;i&nbsp;biorezonansu, kt\u00f3ry analizuje i harmonizuje energi\u0119 organizmu \u2013 bezbole\u015bnie, nieinwazyjnie i ca\u0142kowicie [&hellip;]<\/p>\n","protected":false},"author":1,"featured_media":0,"parent":0,"menu_order":0,"comment_status":"closed","ping_status":"closed","template":"","meta":{"footnotes":""},"class_list":["post-176","page","type-page","status-publish","hentry"],"yoast_head":"<!-- This site is optimized with the Yoast SEO plugin v27.0 - https:\/\/yoast.com\/product\/yoast-seo-wordpress\/ -->\n<title>Zdrowie Zwierza\u0328t - Bli\u017cej Siebie Terapie Naturalne<\/title>\n<meta name=\"robots\" content=\"index, follow, max-snippet:-1, max-image-preview:large, max-video-preview:-1\" \/>\n<link rel=\"canonical\" href=\"https:\/\/xn--bliejsiebie-rqc.com.pl\/?page_id=176\" \/>\n<meta property=\"og:locale\" content=\"en_US\" \/>\n<meta property=\"og:type\" content=\"article\" \/>\n<meta property=\"og:title\" content=\"Zdrowie Zwierza\u0328t - Bli\u017cej Siebie Terapie Naturalne\" \/>\n<meta property=\"og:description\" content=\"&nbsp;QUEX ED\u00ae \u2013 nowoczesne wsparcie dla Twojego pupila&nbsp; Czy wiesz, \u017ce zwierz\u0119ta s\u0105 wyj\u0105tkowo wra\u017cliwe na energie i reaguj\u0105 na nie jeszcze subtelniej ni\u017c my, ludzie?&nbsp; Dlatego praca z urz\u0105dzeniem QUEX ED\u00ae mo\u017ce by\u0107 dla nich niezwykle skuteczna i jednocze\u015bnie \u0142agodna. &nbsp;To innowacyjny system&nbsp;biofeedbacku&nbsp;i&nbsp;biorezonansu, kt\u00f3ry analizuje i harmonizuje energi\u0119 organizmu \u2013 bezbole\u015bnie, nieinwazyjnie i ca\u0142kowicie [&hellip;]\" \/>\n<meta property=\"og:url\" content=\"https:\/\/xn--bliejsiebie-rqc.com.pl\/?page_id=176\" \/>\n<meta property=\"og:site_name\" content=\"Bli\u017cej Siebie Terapie Naturalne\" \/>\n<meta property=\"article:publisher\" content=\"https:\/\/www.facebook.com\/profile.php?id=100091002167848\" \/>\n<meta property=\"article:modified_time\" content=\"2025-11-18T14:41:39+00:00\" \/>\n<meta property=\"og:image\" content=\"https:\/\/xn--bliejsiebie-rqc.com.pl\/wp-content\/uploads\/2025\/10\/zwierzeta1.png\" \/>\n\t<meta property=\"og:image:width\" content=\"1101\" \/>\n\t<meta property=\"og:image:height\" content=\"338\" \/>\n\t<meta property=\"og:image:type\" content=\"image\/png\" \/>\n<meta name=\"twitter:card\" content=\"summary_large_image\" \/>\n<meta name=\"twitter:label1\" content=\"Est. reading time\" \/>\n\t<meta name=\"twitter:data1\" content=\"2 minutes\" \/>\n<script type=\"application\/ld+json\" class=\"yoast-schema-graph\">{\"@context\":\"https:\/\/schema.org\",\"@graph\":[{\"@type\":\"WebPage\",\"@id\":\"https:\/\/xn--bliejsiebie-rqc.com.pl\/?page_id=176\",\"url\":\"https:\/\/xn--bliejsiebie-rqc.com.pl\/?page_id=176\",\"name\":\"Zdrowie Zwierza\u0328t - Bli\u017cej Siebie Terapie Naturalne\",\"isPartOf\":{\"@id\":\"https:\/\/xn--bliejsiebie-rqc.com.pl\/#website\"},\"primaryImageOfPage\":{\"@id\":\"https:\/\/xn--bliejsiebie-rqc.com.pl\/?page_id=176#primaryimage\"},\"image\":{\"@id\":\"https:\/\/xn--bliejsiebie-rqc.com.pl\/?page_id=176#primaryimage\"},\"thumbnailUrl\":\"https:\/\/xn--bliejsiebie-rqc.com.pl\/wp-content\/uploads\/2025\/10\/zwierzeta1-1024x314.png\",\"datePublished\":\"2025-10-15T21:15:41+00:00\",\"dateModified\":\"2025-11-18T14:41:39+00:00\",\"breadcrumb\":{\"@id\":\"https:\/\/xn--bliejsiebie-rqc.com.pl\/?page_id=176#breadcrumb\"},\"inLanguage\":\"en-US\",\"potentialAction\":[{\"@type\":\"ReadAction\",\"target\":[\"https:\/\/xn--bliejsiebie-rqc.com.pl\/?page_id=176\"]}]},{\"@type\":\"ImageObject\",\"inLanguage\":\"en-US\",\"@id\":\"https:\/\/xn--bliejsiebie-rqc.com.pl\/?page_id=176#primaryimage\",\"url\":\"https:\/\/xn--bliejsiebie-rqc.com.pl\/wp-content\/uploads\/2025\/10\/zwierzeta1.png\",\"contentUrl\":\"https:\/\/xn--bliejsiebie-rqc.com.pl\/wp-content\/uploads\/2025\/10\/zwierzeta1.png\",\"width\":1101,\"height\":338},{\"@type\":\"BreadcrumbList\",\"@id\":\"https:\/\/xn--bliejsiebie-rqc.com.pl\/?page_id=176#breadcrumb\",\"itemListElement\":[{\"@type\":\"ListItem\",\"position\":1,\"name\":\"Strona g\u0142\u00f3wna\",\"item\":\"https:\/\/xn--bliejsiebie-rqc.com.pl\/\"},{\"@type\":\"ListItem\",\"position\":2,\"name\":\"Zdrowie Zwierza\u0328t\"}]},{\"@type\":\"WebSite\",\"@id\":\"https:\/\/xn--bliejsiebie-rqc.com.pl\/#website\",\"url\":\"https:\/\/xn--bliejsiebie-rqc.com.pl\/\",\"name\":\"Bli\u017cej Siebie Terapie Naturalne\",\"description\":\"\",\"publisher\":{\"@id\":\"https:\/\/xn--bliejsiebie-rqc.com.pl\/#organization\"},\"potentialAction\":[{\"@type\":\"SearchAction\",\"target\":{\"@type\":\"EntryPoint\",\"urlTemplate\":\"https:\/\/xn--bliejsiebie-rqc.com.pl\/?s={search_term_string}\"},\"query-input\":{\"@type\":\"PropertyValueSpecification\",\"valueRequired\":true,\"valueName\":\"search_term_string\"}}],\"inLanguage\":\"en-US\"},{\"@type\":\"Organization\",\"@id\":\"https:\/\/xn--bliejsiebie-rqc.com.pl\/#organization\",\"name\":\"Bli\u017cej Siebie Terapie Naturalne\",\"url\":\"https:\/\/xn--bliejsiebie-rqc.com.pl\/\",\"logo\":{\"@type\":\"ImageObject\",\"inLanguage\":\"en-US\",\"@id\":\"https:\/\/xn--bliejsiebie-rqc.com.pl\/#\/schema\/logo\/image\/\",\"url\":\"https:\/\/xn--bliejsiebie-rqc.com.pl\/wp-content\/uploads\/2025\/10\/logo.png\",\"contentUrl\":\"https:\/\/xn--bliejsiebie-rqc.com.pl\/wp-content\/uploads\/2025\/10\/logo.png\",\"width\":857,\"height\":877,\"caption\":\"Bli\u017cej Siebie Terapie Naturalne\"},\"image\":{\"@id\":\"https:\/\/xn--bliejsiebie-rqc.com.pl\/#\/schema\/logo\/image\/\"},\"sameAs\":[\"https:\/\/www.facebook.com\/profile.php?id=100091002167848\"]}]}<\/script>\n<!-- \/ Yoast SEO plugin. -->","yoast_head_json":{"title":"Zdrowie Zwierza\u0328t - Bli\u017cej Siebie Terapie Naturalne","robots":{"index":"index","follow":"follow","max-snippet":"max-snippet:-1","max-image-preview":"max-image-preview:large","max-video-preview":"max-video-preview:-1"},"canonical":"https:\/\/xn--bliejsiebie-rqc.com.pl\/?page_id=176","og_locale":"en_US","og_type":"article","og_title":"Zdrowie Zwierza\u0328t - Bli\u017cej Siebie Terapie Naturalne","og_description":"&nbsp;QUEX ED\u00ae \u2013 nowoczesne wsparcie dla Twojego pupila&nbsp; Czy wiesz, \u017ce zwierz\u0119ta s\u0105 wyj\u0105tkowo wra\u017cliwe na energie i reaguj\u0105 na nie jeszcze subtelniej ni\u017c my, ludzie?&nbsp; Dlatego praca z urz\u0105dzeniem QUEX ED\u00ae mo\u017ce by\u0107 dla nich niezwykle skuteczna i jednocze\u015bnie \u0142agodna. &nbsp;To innowacyjny system&nbsp;biofeedbacku&nbsp;i&nbsp;biorezonansu, kt\u00f3ry analizuje i harmonizuje energi\u0119 organizmu \u2013 bezbole\u015bnie, nieinwazyjnie i ca\u0142kowicie [&hellip;]","og_url":"https:\/\/xn--bliejsiebie-rqc.com.pl\/?page_id=176","og_site_name":"Bli\u017cej Siebie Terapie Naturalne","article_publisher":"https:\/\/www.facebook.com\/profile.php?id=100091002167848","article_modified_time":"2025-11-18T14:41:39+00:00","og_image":[{"width":1101,"height":338,"url":"https:\/\/xn--bliejsiebie-rqc.com.pl\/wp-content\/uploads\/2025\/10\/zwierzeta1.png","type":"image\/png"}],"twitter_card":"summary_large_image","twitter_misc":{"Est. reading time":"2 minutes"},"schema":{"@context":"https:\/\/schema.org","@graph":[{"@type":"WebPage","@id":"https:\/\/xn--bliejsiebie-rqc.com.pl\/?page_id=176","url":"https:\/\/xn--bliejsiebie-rqc.com.pl\/?page_id=176","name":"Zdrowie Zwierza\u0328t - Bli\u017cej Siebie Terapie Naturalne","isPartOf":{"@id":"https:\/\/xn--bliejsiebie-rqc.com.pl\/#website"},"primaryImageOfPage":{"@id":"https:\/\/xn--bliejsiebie-rqc.com.pl\/?page_id=176#primaryimage"},"image":{"@id":"https:\/\/xn--bliejsiebie-rqc.com.pl\/?page_id=176#primaryimage"},"thumbnailUrl":"https:\/\/xn--bliejsiebie-rqc.com.pl\/wp-content\/uploads\/2025\/10\/zwierzeta1-1024x314.png","datePublished":"2025-10-15T21:15:41+00:00","dateModified":"2025-11-18T14:41:39+00:00","breadcrumb":{"@id":"https:\/\/xn--bliejsiebie-rqc.com.pl\/?page_id=176#breadcrumb"},"inLanguage":"en-US","potentialAction":[{"@type":"ReadAction","target":["https:\/\/xn--bliejsiebie-rqc.com.pl\/?page_id=176"]}]},{"@type":"ImageObject","inLanguage":"en-US","@id":"https:\/\/xn--bliejsiebie-rqc.com.pl\/?page_id=176#primaryimage","url":"https:\/\/xn--bliejsiebie-rqc.com.pl\/wp-content\/uploads\/2025\/10\/zwierzeta1.png","contentUrl":"https:\/\/xn--bliejsiebie-rqc.com.pl\/wp-content\/uploads\/2025\/10\/zwierzeta1.png","width":1101,"height":338},{"@type":"BreadcrumbList","@id":"https:\/\/xn--bliejsiebie-rqc.com.pl\/?page_id=176#breadcrumb","itemListElement":[{"@type":"ListItem","position":1,"name":"Strona g\u0142\u00f3wna","item":"https:\/\/xn--bliejsiebie-rqc.com.pl\/"},{"@type":"ListItem","position":2,"name":"Zdrowie Zwierza\u0328t"}]},{"@type":"WebSite","@id":"https:\/\/xn--bliejsiebie-rqc.com.pl\/#website","url":"https:\/\/xn--bliejsiebie-rqc.com.pl\/","name":"Bli\u017cej Siebie Terapie Naturalne","description":"","publisher":{"@id":"https:\/\/xn--bliejsiebie-rqc.com.pl\/#organization"},"potentialAction":[{"@type":"SearchAction","target":{"@type":"EntryPoint","urlTemplate":"https:\/\/xn--bliejsiebie-rqc.com.pl\/?s={search_term_string}"},"query-input":{"@type":"PropertyValueSpecification","valueRequired":true,"valueName":"search_term_string"}}],"inLanguage":"en-US"},{"@type":"Organization","@id":"https:\/\/xn--bliejsiebie-rqc.com.pl\/#organization","name":"Bli\u017cej Siebie Terapie Naturalne","url":"https:\/\/xn--bliejsiebie-rqc.com.pl\/","logo":{"@type":"ImageObject","inLanguage":"en-US","@id":"https:\/\/xn--bliejsiebie-rqc.com.pl\/#\/schema\/logo\/image\/","url":"https:\/\/xn--bliejsiebie-rqc.com.pl\/wp-content\/uploads\/2025\/10\/logo.png","contentUrl":"https:\/\/xn--bliejsiebie-rqc.com.pl\/wp-content\/uploads\/2025\/10\/logo.png","width":857,"height":877,"caption":"Bli\u017cej Siebie Terapie Naturalne"},"image":{"@id":"https:\/\/xn--bliejsiebie-rqc.com.pl\/#\/schema\/logo\/image\/"},"sameAs":["https:\/\/www.facebook.com\/profile.php?id=100091002167848"]}]}},"_links":{"self":[{"href":"https:\/\/xn--bliejsiebie-rqc.com.pl\/index.php?rest_route=\/wp\/v2\/pages\/176","targetHints":{"allow":["GET"]}}],"collection":[{"href":"https:\/\/xn--bliejsiebie-rqc.com.pl\/index.php?rest_route=\/wp\/v2\/pages"}],"about":[{"href":"https:\/\/xn--bliejsiebie-rqc.com.pl\/index.php?rest_route=\/wp\/v2\/types\/page"}],"author":[{"embeddable":true,"href":"https:\/\/xn--bliejsiebie-rqc.com.pl\/index.php?rest_route=\/wp\/v2\/users\/1"}],"replies":[{"embeddable":true,"href":"https:\/\/xn--bliejsiebie-rqc.com.pl\/index.php?rest_route=%2Fwp%2Fv2%2Fcomments&post=176"}],"version-history":[{"count":5,"href":"https:\/\/xn--bliejsiebie-rqc.com.pl\/index.php?rest_route=\/wp\/v2\/pages\/176\/revisions"}],"predecessor-version":[{"id":244,"href":"https:\/\/xn--bliejsiebie-rqc.com.pl\/index.php?rest_route=\/wp\/v2\/pages\/176\/revisions\/244"}],"wp:attachment":[{"href":"https:\/\/xn--bliejsiebie-rqc.com.pl\/index.php?rest_route=%2Fwp%2Fv2%2Fmedia&parent=176"}],"curies":[{"name":"wp","href":"https:\/\/api.w.org\/{rel}","templated":true}]}}