{"id":171,"date":"2025-10-15T23:09:15","date_gmt":"2025-10-15T21:09:15","guid":{"rendered":"https:\/\/xn--bliejsiebie-rqc.com.pl\/?page_id=171"},"modified":"2025-11-18T15:40:17","modified_gmt":"2025-11-18T14:40:17","slug":"zdrowe-dzieci","status":"publish","type":"page","link":"https:\/\/xn--bliejsiebie-rqc.com.pl\/?page_id=171","title":{"rendered":"Zdrowe Dzieci"},"content":{"rendered":"\n<p>Nowy Rok Szkolny \u2013 Nowe Mo\u017cliwo\u015bci!<br><br>Twoje dziecko wkracza w kolejny rok nauki?<br>To doskona\u0142y moment, by da\u0107 mu wsparcie, kt\u00f3rego potrzebuje!\u00a0<br>Quex\u00a0Ed\u00ae to innowacyjne urz\u0105dzenie, kt\u00f3re pomaga dzieciom i m\u0142odzie\u017cy w rozwoju, nauce i emocjach.<br><br>Dzi\u0119ki specjalnym programom dla uczni\u00f3w i student\u00f3w:<br><br>Zwi\u0119kszamy umiej\u0119tno\u015bci matematyczne i u\u0142atwiamy nauk\u0119.<br>Wspieramy dzieci z trudno\u015bciami w uczeniu si\u0119.<br>Stymulujemy kreatywno\u015b\u0107 i rozw\u00f3j wyobra\u017ani.<br>Stabilizujemy mow\u0119 i zaburzenia sensoryczne.<br>Pomagamy w uwolnieniu agresji i redukcji trudnych\u00a0zachowa\u0144.<br>Wzmacniamy odporno\u015b\u0107 psychiczn\u0105 \u2013 tak\u017ce przy zespole przewlek\u0142ego zm\u0119czenia.<br>Oferujemy terapi\u0119 wspieraj\u0105c\u0105 uwolnienie od uzale\u017cnie\u0144.<br>Uruchamiamy potencja\u0142 m\u00f3zgu poprzez\u00a0superuczenie!\u00a0<br><br>Ka\u017cdy rodzic pragnie, aby jego dziecko uczy\u0142o si\u0119 \u0142atwiej, by\u0142o spokojniejsze i szcz\u0119\u015bliwsze.<br>Z\u00a0Quex\u00a0Ed\u00ae to mo\u017cliwe!<br><br>Um\u00f3w wizyt\u0119 ju\u017c dzi\u015b i spraw, aby ten rok szkolny by\u0142 wyj\u0105tkowy!<br><br>Bli\u017cej Siebie- terapie naturalne Ko\u015bciuszki 11, 3 pi\u0119tro, Kielce<br>+48 604 567 899<br>Daj dziecku najlepszy start w nowy rok szkolny z\u00a0Quex\u00a0Ed\u00ae!<\/p>\n\n\n\n<figure class=\"wp-block-image size-large\"><img loading=\"lazy\" decoding=\"async\" width=\"683\" height=\"1024\" src=\"https:\/\/xn--bliejsiebie-rqc.com.pl\/wp-content\/uploads\/2025\/10\/foto1-683x1024.jpg\" alt=\"\" class=\"wp-image-174\" srcset=\"https:\/\/xn--bliejsiebie-rqc.com.pl\/wp-content\/uploads\/2025\/10\/foto1-683x1024.jpg 683w, https:\/\/xn--bliejsiebie-rqc.com.pl\/wp-content\/uploads\/2025\/10\/foto1-200x300.jpg 200w, https:\/\/xn--bliejsiebie-rqc.com.pl\/wp-content\/uploads\/2025\/10\/foto1-768x1151.jpg 768w, https:\/\/xn--bliejsiebie-rqc.com.pl\/wp-content\/uploads\/2025\/10\/foto1.jpg 1024w\" sizes=\"auto, (max-width: 683px) 100vw, 683px\" \/><\/figure>\n","protected":false},"excerpt":{"rendered":"<p>Nowy Rok Szkolny \u2013 Nowe Mo\u017cliwo\u015bci! Twoje dziecko wkracza w kolejny rok nauki?To doskona\u0142y moment, by da\u0107 mu wsparcie, kt\u00f3rego potrzebuje!\u00a0Quex\u00a0Ed\u00ae to innowacyjne urz\u0105dzenie, kt\u00f3re pomaga dzieciom i m\u0142odzie\u017cy w rozwoju, nauce i emocjach. Dzi\u0119ki specjalnym programom dla uczni\u00f3w i student\u00f3w: Zwi\u0119kszamy umiej\u0119tno\u015bci matematyczne i u\u0142atwiamy nauk\u0119.Wspieramy dzieci z trudno\u015bciami w uczeniu si\u0119.Stymulujemy kreatywno\u015b\u0107 i [&hellip;]<\/p>\n","protected":false},"author":1,"featured_media":0,"parent":0,"menu_order":0,"comment_status":"closed","ping_status":"closed","template":"","meta":{"footnotes":""},"class_list":["post-171","page","type-page","status-publish","hentry"],"yoast_head":"<!-- This site is optimized with the Yoast SEO plugin v27.0 - https:\/\/yoast.com\/product\/yoast-seo-wordpress\/ -->\n<title>Zdrowe Dzieci - Bli\u017cej Siebie Terapie Naturalne<\/title>\n<meta name=\"robots\" content=\"index, follow, max-snippet:-1, max-image-preview:large, max-video-preview:-1\" \/>\n<link rel=\"canonical\" href=\"https:\/\/xn--bliejsiebie-rqc.com.pl\/?page_id=171\" \/>\n<meta property=\"og:locale\" content=\"en_US\" \/>\n<meta property=\"og:type\" content=\"article\" \/>\n<meta property=\"og:title\" content=\"Zdrowe Dzieci - Bli\u017cej Siebie Terapie Naturalne\" \/>\n<meta property=\"og:description\" content=\"Nowy Rok Szkolny \u2013 Nowe Mo\u017cliwo\u015bci! Twoje dziecko wkracza w kolejny rok nauki?To doskona\u0142y moment, by da\u0107 mu wsparcie, kt\u00f3rego potrzebuje!\u00a0Quex\u00a0Ed\u00ae to innowacyjne urz\u0105dzenie, kt\u00f3re pomaga dzieciom i m\u0142odzie\u017cy w rozwoju, nauce i emocjach. Dzi\u0119ki specjalnym programom dla uczni\u00f3w i student\u00f3w: Zwi\u0119kszamy umiej\u0119tno\u015bci matematyczne i u\u0142atwiamy nauk\u0119.Wspieramy dzieci z trudno\u015bciami w uczeniu si\u0119.Stymulujemy kreatywno\u015b\u0107 i [&hellip;]\" \/>\n<meta property=\"og:url\" content=\"https:\/\/xn--bliejsiebie-rqc.com.pl\/?page_id=171\" \/>\n<meta property=\"og:site_name\" content=\"Bli\u017cej Siebie Terapie Naturalne\" \/>\n<meta property=\"article:publisher\" content=\"https:\/\/www.facebook.com\/profile.php?id=100091002167848\" \/>\n<meta property=\"article:modified_time\" content=\"2025-11-18T14:40:17+00:00\" \/>\n<meta property=\"og:image\" content=\"https:\/\/xn--bliejsiebie-rqc.com.pl\/wp-content\/uploads\/2025\/10\/foto1.jpg\" \/>\n\t<meta property=\"og:image:width\" content=\"1024\" \/>\n\t<meta property=\"og:image:height\" content=\"1535\" \/>\n\t<meta property=\"og:image:type\" content=\"image\/jpeg\" \/>\n<meta name=\"twitter:card\" content=\"summary_large_image\" \/>\n<meta name=\"twitter:label1\" content=\"Est. reading time\" \/>\n\t<meta name=\"twitter:data1\" content=\"2 minutes\" \/>\n<script type=\"application\/ld+json\" class=\"yoast-schema-graph\">{\"@context\":\"https:\/\/schema.org\",\"@graph\":[{\"@type\":\"WebPage\",\"@id\":\"https:\/\/xn--bliejsiebie-rqc.com.pl\/?page_id=171\",\"url\":\"https:\/\/xn--bliejsiebie-rqc.com.pl\/?page_id=171\",\"name\":\"Zdrowe Dzieci - Bli\u017cej Siebie Terapie Naturalne\",\"isPartOf\":{\"@id\":\"https:\/\/xn--bliejsiebie-rqc.com.pl\/#website\"},\"primaryImageOfPage\":{\"@id\":\"https:\/\/xn--bliejsiebie-rqc.com.pl\/?page_id=171#primaryimage\"},\"image\":{\"@id\":\"https:\/\/xn--bliejsiebie-rqc.com.pl\/?page_id=171#primaryimage\"},\"thumbnailUrl\":\"https:\/\/xn--bliejsiebie-rqc.com.pl\/wp-content\/uploads\/2025\/10\/foto1-683x1024.jpg\",\"datePublished\":\"2025-10-15T21:09:15+00:00\",\"dateModified\":\"2025-11-18T14:40:17+00:00\",\"breadcrumb\":{\"@id\":\"https:\/\/xn--bliejsiebie-rqc.com.pl\/?page_id=171#breadcrumb\"},\"inLanguage\":\"en-US\",\"potentialAction\":[{\"@type\":\"ReadAction\",\"target\":[\"https:\/\/xn--bliejsiebie-rqc.com.pl\/?page_id=171\"]}]},{\"@type\":\"ImageObject\",\"inLanguage\":\"en-US\",\"@id\":\"https:\/\/xn--bliejsiebie-rqc.com.pl\/?page_id=171#primaryimage\",\"url\":\"https:\/\/xn--bliejsiebie-rqc.com.pl\/wp-content\/uploads\/2025\/10\/foto1.jpg\",\"contentUrl\":\"https:\/\/xn--bliejsiebie-rqc.com.pl\/wp-content\/uploads\/2025\/10\/foto1.jpg\",\"width\":1024,\"height\":1535},{\"@type\":\"BreadcrumbList\",\"@id\":\"https:\/\/xn--bliejsiebie-rqc.com.pl\/?page_id=171#breadcrumb\",\"itemListElement\":[{\"@type\":\"ListItem\",\"position\":1,\"name\":\"Strona g\u0142\u00f3wna\",\"item\":\"https:\/\/xn--bliejsiebie-rqc.com.pl\/\"},{\"@type\":\"ListItem\",\"position\":2,\"name\":\"Zdrowe Dzieci\"}]},{\"@type\":\"WebSite\",\"@id\":\"https:\/\/xn--bliejsiebie-rqc.com.pl\/#website\",\"url\":\"https:\/\/xn--bliejsiebie-rqc.com.pl\/\",\"name\":\"Bli\u017cej Siebie Terapie Naturalne\",\"description\":\"\",\"publisher\":{\"@id\":\"https:\/\/xn--bliejsiebie-rqc.com.pl\/#organization\"},\"potentialAction\":[{\"@type\":\"SearchAction\",\"target\":{\"@type\":\"EntryPoint\",\"urlTemplate\":\"https:\/\/xn--bliejsiebie-rqc.com.pl\/?s={search_term_string}\"},\"query-input\":{\"@type\":\"PropertyValueSpecification\",\"valueRequired\":true,\"valueName\":\"search_term_string\"}}],\"inLanguage\":\"en-US\"},{\"@type\":\"Organization\",\"@id\":\"https:\/\/xn--bliejsiebie-rqc.com.pl\/#organization\",\"name\":\"Bli\u017cej Siebie Terapie Naturalne\",\"url\":\"https:\/\/xn--bliejsiebie-rqc.com.pl\/\",\"logo\":{\"@type\":\"ImageObject\",\"inLanguage\":\"en-US\",\"@id\":\"https:\/\/xn--bliejsiebie-rqc.com.pl\/#\/schema\/logo\/image\/\",\"url\":\"https:\/\/xn--bliejsiebie-rqc.com.pl\/wp-content\/uploads\/2025\/10\/logo.png\",\"contentUrl\":\"https:\/\/xn--bliejsiebie-rqc.com.pl\/wp-content\/uploads\/2025\/10\/logo.png\",\"width\":857,\"height\":877,\"caption\":\"Bli\u017cej Siebie Terapie Naturalne\"},\"image\":{\"@id\":\"https:\/\/xn--bliejsiebie-rqc.com.pl\/#\/schema\/logo\/image\/\"},\"sameAs\":[\"https:\/\/www.facebook.com\/profile.php?id=100091002167848\"]}]}<\/script>\n<!-- \/ Yoast SEO plugin. -->","yoast_head_json":{"title":"Zdrowe Dzieci - Bli\u017cej Siebie Terapie Naturalne","robots":{"index":"index","follow":"follow","max-snippet":"max-snippet:-1","max-image-preview":"max-image-preview:large","max-video-preview":"max-video-preview:-1"},"canonical":"https:\/\/xn--bliejsiebie-rqc.com.pl\/?page_id=171","og_locale":"en_US","og_type":"article","og_title":"Zdrowe Dzieci - Bli\u017cej Siebie Terapie Naturalne","og_description":"Nowy Rok Szkolny \u2013 Nowe Mo\u017cliwo\u015bci! Twoje dziecko wkracza w kolejny rok nauki?To doskona\u0142y moment, by da\u0107 mu wsparcie, kt\u00f3rego potrzebuje!\u00a0Quex\u00a0Ed\u00ae to innowacyjne urz\u0105dzenie, kt\u00f3re pomaga dzieciom i m\u0142odzie\u017cy w rozwoju, nauce i emocjach. Dzi\u0119ki specjalnym programom dla uczni\u00f3w i student\u00f3w: Zwi\u0119kszamy umiej\u0119tno\u015bci matematyczne i u\u0142atwiamy nauk\u0119.Wspieramy dzieci z trudno\u015bciami w uczeniu si\u0119.Stymulujemy kreatywno\u015b\u0107 i [&hellip;]","og_url":"https:\/\/xn--bliejsiebie-rqc.com.pl\/?page_id=171","og_site_name":"Bli\u017cej Siebie Terapie Naturalne","article_publisher":"https:\/\/www.facebook.com\/profile.php?id=100091002167848","article_modified_time":"2025-11-18T14:40:17+00:00","og_image":[{"width":1024,"height":1535,"url":"https:\/\/xn--bliejsiebie-rqc.com.pl\/wp-content\/uploads\/2025\/10\/foto1.jpg","type":"image\/jpeg"}],"twitter_card":"summary_large_image","twitter_misc":{"Est. reading time":"2 minutes"},"schema":{"@context":"https:\/\/schema.org","@graph":[{"@type":"WebPage","@id":"https:\/\/xn--bliejsiebie-rqc.com.pl\/?page_id=171","url":"https:\/\/xn--bliejsiebie-rqc.com.pl\/?page_id=171","name":"Zdrowe Dzieci - Bli\u017cej Siebie Terapie Naturalne","isPartOf":{"@id":"https:\/\/xn--bliejsiebie-rqc.com.pl\/#website"},"primaryImageOfPage":{"@id":"https:\/\/xn--bliejsiebie-rqc.com.pl\/?page_id=171#primaryimage"},"image":{"@id":"https:\/\/xn--bliejsiebie-rqc.com.pl\/?page_id=171#primaryimage"},"thumbnailUrl":"https:\/\/xn--bliejsiebie-rqc.com.pl\/wp-content\/uploads\/2025\/10\/foto1-683x1024.jpg","datePublished":"2025-10-15T21:09:15+00:00","dateModified":"2025-11-18T14:40:17+00:00","breadcrumb":{"@id":"https:\/\/xn--bliejsiebie-rqc.com.pl\/?page_id=171#breadcrumb"},"inLanguage":"en-US","potentialAction":[{"@type":"ReadAction","target":["https:\/\/xn--bliejsiebie-rqc.com.pl\/?page_id=171"]}]},{"@type":"ImageObject","inLanguage":"en-US","@id":"https:\/\/xn--bliejsiebie-rqc.com.pl\/?page_id=171#primaryimage","url":"https:\/\/xn--bliejsiebie-rqc.com.pl\/wp-content\/uploads\/2025\/10\/foto1.jpg","contentUrl":"https:\/\/xn--bliejsiebie-rqc.com.pl\/wp-content\/uploads\/2025\/10\/foto1.jpg","width":1024,"height":1535},{"@type":"BreadcrumbList","@id":"https:\/\/xn--bliejsiebie-rqc.com.pl\/?page_id=171#breadcrumb","itemListElement":[{"@type":"ListItem","position":1,"name":"Strona g\u0142\u00f3wna","item":"https:\/\/xn--bliejsiebie-rqc.com.pl\/"},{"@type":"ListItem","position":2,"name":"Zdrowe Dzieci"}]},{"@type":"WebSite","@id":"https:\/\/xn--bliejsiebie-rqc.com.pl\/#website","url":"https:\/\/xn--bliejsiebie-rqc.com.pl\/","name":"Bli\u017cej Siebie Terapie Naturalne","description":"","publisher":{"@id":"https:\/\/xn--bliejsiebie-rqc.com.pl\/#organization"},"potentialAction":[{"@type":"SearchAction","target":{"@type":"EntryPoint","urlTemplate":"https:\/\/xn--bliejsiebie-rqc.com.pl\/?s={search_term_string}"},"query-input":{"@type":"PropertyValueSpecification","valueRequired":true,"valueName":"search_term_string"}}],"inLanguage":"en-US"},{"@type":"Organization","@id":"https:\/\/xn--bliejsiebie-rqc.com.pl\/#organization","name":"Bli\u017cej Siebie Terapie Naturalne","url":"https:\/\/xn--bliejsiebie-rqc.com.pl\/","logo":{"@type":"ImageObject","inLanguage":"en-US","@id":"https:\/\/xn--bliejsiebie-rqc.com.pl\/#\/schema\/logo\/image\/","url":"https:\/\/xn--bliejsiebie-rqc.com.pl\/wp-content\/uploads\/2025\/10\/logo.png","contentUrl":"https:\/\/xn--bliejsiebie-rqc.com.pl\/wp-content\/uploads\/2025\/10\/logo.png","width":857,"height":877,"caption":"Bli\u017cej Siebie Terapie Naturalne"},"image":{"@id":"https:\/\/xn--bliejsiebie-rqc.com.pl\/#\/schema\/logo\/image\/"},"sameAs":["https:\/\/www.facebook.com\/profile.php?id=100091002167848"]}]}},"_links":{"self":[{"href":"https:\/\/xn--bliejsiebie-rqc.com.pl\/index.php?rest_route=\/wp\/v2\/pages\/171","targetHints":{"allow":["GET"]}}],"collection":[{"href":"https:\/\/xn--bliejsiebie-rqc.com.pl\/index.php?rest_route=\/wp\/v2\/pages"}],"about":[{"href":"https:\/\/xn--bliejsiebie-rqc.com.pl\/index.php?rest_route=\/wp\/v2\/types\/page"}],"author":[{"embeddable":true,"href":"https:\/\/xn--bliejsiebie-rqc.com.pl\/index.php?rest_route=\/wp\/v2\/users\/1"}],"replies":[{"embeddable":true,"href":"https:\/\/xn--bliejsiebie-rqc.com.pl\/index.php?rest_route=%2Fwp%2Fv2%2Fcomments&post=171"}],"version-history":[{"count":2,"href":"https:\/\/xn--bliejsiebie-rqc.com.pl\/index.php?rest_route=\/wp\/v2\/pages\/171\/revisions"}],"predecessor-version":[{"id":175,"href":"https:\/\/xn--bliejsiebie-rqc.com.pl\/index.php?rest_route=\/wp\/v2\/pages\/171\/revisions\/175"}],"wp:attachment":[{"href":"https:\/\/xn--bliejsiebie-rqc.com.pl\/index.php?rest_route=%2Fwp%2Fv2%2Fmedia&parent=171"}],"curies":[{"name":"wp","href":"https:\/\/api.w.org\/{rel}","templated":true}]}}