{"id":165,"date":"2025-10-15T23:02:27","date_gmt":"2025-10-15T21:02:27","guid":{"rendered":"https:\/\/xn--bliejsiebie-rqc.com.pl\/?page_id=165"},"modified":"2025-11-18T15:49:14","modified_gmt":"2025-11-18T14:49:14","slug":"beauty-estetyka","status":"publish","type":"page","link":"https:\/\/xn--bliejsiebie-rqc.com.pl\/?page_id=165","title":{"rendered":"Beauty &amp; Estetyka"},"content":{"rendered":"\n<figure class=\"wp-block-image aligncenter size-large\"><img loading=\"lazy\" decoding=\"async\" width=\"1024\" height=\"382\" src=\"https:\/\/xn--bliejsiebie-rqc.com.pl\/wp-content\/uploads\/2025\/10\/BeautyEstetyka-Na-gore-nad-tekst-1024x382.png\" alt=\"\" class=\"wp-image-223\" srcset=\"https:\/\/xn--bliejsiebie-rqc.com.pl\/wp-content\/uploads\/2025\/10\/BeautyEstetyka-Na-gore-nad-tekst-1024x382.png 1024w, https:\/\/xn--bliejsiebie-rqc.com.pl\/wp-content\/uploads\/2025\/10\/BeautyEstetyka-Na-gore-nad-tekst-300x112.png 300w, https:\/\/xn--bliejsiebie-rqc.com.pl\/wp-content\/uploads\/2025\/10\/BeautyEstetyka-Na-gore-nad-tekst-768x286.png 768w, https:\/\/xn--bliejsiebie-rqc.com.pl\/wp-content\/uploads\/2025\/10\/BeautyEstetyka-Na-gore-nad-tekst.png 1113w\" sizes=\"auto, (max-width: 1024px) 100vw, 1024px\" \/><\/figure>\n\n\n\n<p><strong>Zabiegi&nbsp;<\/strong><strong>Beauty<\/strong><strong>&nbsp;\u2013 podkre\u015bl swoje naturalne pi\u0119kno<\/strong><\/p>\n\n\n\n<p>W naszym gabinecie oferujemy kompleksowe&nbsp;<strong>terapie i zabiegi kosmetyczne<\/strong>, kt\u00f3re pozwalaj\u0105 modelowa\u0107 sylwetk\u0119, odm\u0142adza\u0107 sk\u00f3r\u0119 i uwydatnia\u0107 atuty cia\u0142a.<br>Dzi\u0119ki&nbsp;<strong>najnowocze\u015bniejszemu na \u015bwiecie urz\u0105dzeniu<\/strong>&nbsp;wszystkie zabiegi wykonujemy&nbsp;<strong>zar\u00f3wno stacjonarnie, jak i zdalnie<\/strong>, zapewniaj\u0105c pe\u0142en komfort i bezpiecze\u0144stwo \u2013 niezale\u017cnie od miejsca, w kt\u00f3rym jeste\u015b.<\/p>\n\n\n\n<p>Nasze zabiegi to&nbsp;<strong>bezpieczne, skuteczne i precyzyjnie dopasowane sesje<\/strong>, dzi\u0119ki kt\u00f3rym poczujesz si\u0119 pewnie, lekko i pi\u0119knie w swojej sk\u00f3rze.<\/p>\n\n\n\n<p><strong>Nasze terapie i zabiegi obejmuj\u0105:<\/strong><\/p>\n\n\n\n<p>\u2022&nbsp;<strong>Modelowanie, kszta\u0142towanie i powi\u0119kszanie piersi<\/strong>&nbsp;\u2013 naturalny efekt i pi\u0119kny kontur<\/p>\n\n\n\n<p>\u2022&nbsp;<strong>Uj\u0119drnianie i modelowanie mi\u0119\u015bni twarzy<\/strong>&nbsp;\u2013 lifting bez skalpela<\/p>\n\n\n\n<p>\u2022&nbsp;<strong>Wyg\u0142adzanie zmarszczek i odm\u0142adzanie szyi<\/strong>&nbsp;\u2013 \u015bwie\u017cy, m\u0142odzie\u0144czy wygl\u0105d<\/p>\n\n\n\n<p>\u2022&nbsp;<strong>Usuwanie przebarwie\u0144 i piel\u0119gnacja sk\u00f3ry<\/strong>&nbsp;\u2013 r\u00f3wnomierny koloryt i blask<\/p>\n\n\n\n<p>\u2022&nbsp;<strong>Powi\u0119kszanie ust i \u201em\u0119sko\u015bci\u201d<\/strong>&nbsp;\u2013 subtelne, naturalne efekty<\/p>\n\n\n\n<p>\u2022&nbsp;<strong>Wyg\u0142adzanie blizn<\/strong>&nbsp;\u2013 wspieranie regeneracji sk\u00f3ry i tkanki \u0142\u0105cznej.<\/p>\n\n\n\n<p>\u2022&nbsp;<strong>Rze\u017abienie po\u015bladk\u00f3w i uj\u0119drnianie cia\u0142a<\/strong>&nbsp;\u2013 harmonia sylwetki<\/p>\n\n\n\n<p>\u2022&nbsp;<strong>Wzmacnianie w\u0142os\u00f3w i regeneracja sk\u00f3ry pod oczami<\/strong>&nbsp;\u2013 pe\u0142nia zdrowia i energii<\/p>\n\n\n\n<p>\u2022&nbsp;<strong>Poprawa postawy i rozpuszczanie kom\u00f3rek t\u0142uszczowych<\/strong>&nbsp;\u2013 naturalne modelowanie i komfort cia\u0142a<\/p>\n\n\n\n<p><strong>Dlaczego warto:<\/strong><\/p>\n\n\n\n<p>\u2022&nbsp;najnowocze\u015bniejsze urz\u0105dzenie na \u015bwiecie<\/p>\n\n\n\n<p>\u2022&nbsp;mo\u017cliwo\u015b\u0107 przeprowadzenia wszystkich zabieg\u00f3w&nbsp;<strong>zdalnie<\/strong><\/p>\n\n\n\n<p>\u2022&nbsp;indywidualne podej\u015bcie do ka\u017cdego zabiegu<\/p>\n\n\n\n<p>\u2022&nbsp;naturalne, estetyczne efekty<\/p>\n\n\n\n<p>\u2022&nbsp;komfort i bezpiecze\u0144stwo podczas sesji<\/p>\n\n\n\n<p>\u2022&nbsp;podniesienie pewno\u015bci siebie i poczucia w\u0142asnego pi\u0119kna<\/p>\n\n\n\n<p><br><strong>Podkre\u015bl swoje pi\u0119kno \u2013 teraz r\u00f3wnie\u017c zdalnie!<\/strong><br>Nowoczesne zabiegi&nbsp;beauty&nbsp;na najnowocze\u015bniejszym urz\u0105dzeniu na \u015bwiecie \u2013 modelowanie cia\u0142a, odm\u0142adzanie twarzy, piel\u0119gnacja sk\u00f3ry i w\u0142os\u00f3w.<br>Naturalne efekty, komfort i bezpiecze\u0144stwo \u2013 stacjonarnie lub zdalnie.<br>\ud83d\udcab&nbsp;Um\u00f3w swoj\u0105 sesj\u0119 i poczuj si\u0119 wyj\u0105tkowo.<\/p>\n\n\n","protected":false},"excerpt":{"rendered":"<p>Zabiegi&nbsp;Beauty&nbsp;\u2013 podkre\u015bl swoje naturalne pi\u0119kno W naszym gabinecie oferujemy kompleksowe&nbsp;terapie i zabiegi kosmetyczne, kt\u00f3re pozwalaj\u0105 modelowa\u0107 sylwetk\u0119, odm\u0142adza\u0107 sk\u00f3r\u0119 i uwydatnia\u0107 atuty cia\u0142a.Dzi\u0119ki&nbsp;najnowocze\u015bniejszemu na \u015bwiecie urz\u0105dzeniu&nbsp;wszystkie zabiegi wykonujemy&nbsp;zar\u00f3wno stacjonarnie, jak i zdalnie, zapewniaj\u0105c pe\u0142en komfort i bezpiecze\u0144stwo \u2013 niezale\u017cnie od miejsca, w kt\u00f3rym jeste\u015b. Nasze zabiegi to&nbsp;bezpieczne, skuteczne i precyzyjnie dopasowane sesje, dzi\u0119ki kt\u00f3rym poczujesz [&hellip;]<\/p>\n","protected":false},"author":1,"featured_media":0,"parent":98,"menu_order":0,"comment_status":"closed","ping_status":"closed","template":"","meta":{"footnotes":""},"class_list":["post-165","page","type-page","status-publish","hentry"],"yoast_head":"<!-- This site is optimized with the Yoast SEO plugin v27.0 - https:\/\/yoast.com\/product\/yoast-seo-wordpress\/ -->\n<title>Beauty &amp; Estetyka - Bli\u017cej Siebie Terapie Naturalne<\/title>\n<meta name=\"robots\" content=\"index, follow, max-snippet:-1, max-image-preview:large, max-video-preview:-1\" \/>\n<link rel=\"canonical\" href=\"https:\/\/xn--bliejsiebie-rqc.com.pl\/?page_id=165\" \/>\n<meta property=\"og:locale\" content=\"en_US\" \/>\n<meta property=\"og:type\" content=\"article\" \/>\n<meta property=\"og:title\" content=\"Beauty &amp; Estetyka - Bli\u017cej Siebie Terapie Naturalne\" \/>\n<meta property=\"og:description\" content=\"Zabiegi&nbsp;Beauty&nbsp;\u2013 podkre\u015bl swoje naturalne pi\u0119kno W naszym gabinecie oferujemy kompleksowe&nbsp;terapie i zabiegi kosmetyczne, kt\u00f3re pozwalaj\u0105 modelowa\u0107 sylwetk\u0119, odm\u0142adza\u0107 sk\u00f3r\u0119 i uwydatnia\u0107 atuty cia\u0142a.Dzi\u0119ki&nbsp;najnowocze\u015bniejszemu na \u015bwiecie urz\u0105dzeniu&nbsp;wszystkie zabiegi wykonujemy&nbsp;zar\u00f3wno stacjonarnie, jak i zdalnie, zapewniaj\u0105c pe\u0142en komfort i bezpiecze\u0144stwo \u2013 niezale\u017cnie od miejsca, w kt\u00f3rym jeste\u015b. Nasze zabiegi to&nbsp;bezpieczne, skuteczne i precyzyjnie dopasowane sesje, dzi\u0119ki kt\u00f3rym poczujesz [&hellip;]\" \/>\n<meta property=\"og:url\" content=\"https:\/\/xn--bliejsiebie-rqc.com.pl\/?page_id=165\" \/>\n<meta property=\"og:site_name\" content=\"Bli\u017cej Siebie Terapie Naturalne\" \/>\n<meta property=\"article:publisher\" content=\"https:\/\/www.facebook.com\/profile.php?id=100091002167848\" \/>\n<meta property=\"article:modified_time\" content=\"2025-11-18T14:49:14+00:00\" \/>\n<meta property=\"og:image\" content=\"https:\/\/xn--bliejsiebie-rqc.com.pl\/wp-content\/uploads\/2025\/10\/BeautyEstetyka-Na-gore-nad-tekst.png\" \/>\n\t<meta property=\"og:image:width\" content=\"1113\" \/>\n\t<meta property=\"og:image:height\" content=\"415\" \/>\n\t<meta property=\"og:image:type\" content=\"image\/png\" \/>\n<meta name=\"twitter:card\" content=\"summary_large_image\" \/>\n<meta name=\"twitter:label1\" content=\"Est. reading time\" \/>\n\t<meta name=\"twitter:data1\" content=\"2 minutes\" \/>\n<script type=\"application\/ld+json\" class=\"yoast-schema-graph\">{\"@context\":\"https:\/\/schema.org\",\"@graph\":[{\"@type\":\"WebPage\",\"@id\":\"https:\/\/xn--bliejsiebie-rqc.com.pl\/?page_id=165\",\"url\":\"https:\/\/xn--bliejsiebie-rqc.com.pl\/?page_id=165\",\"name\":\"Beauty &amp; Estetyka - Bli\u017cej Siebie Terapie Naturalne\",\"isPartOf\":{\"@id\":\"https:\/\/xn--bliejsiebie-rqc.com.pl\/#website\"},\"primaryImageOfPage\":{\"@id\":\"https:\/\/xn--bliejsiebie-rqc.com.pl\/?page_id=165#primaryimage\"},\"image\":{\"@id\":\"https:\/\/xn--bliejsiebie-rqc.com.pl\/?page_id=165#primaryimage\"},\"thumbnailUrl\":\"https:\/\/xn--bliejsiebie-rqc.com.pl\/wp-content\/uploads\/2025\/10\/BeautyEstetyka-Na-gore-nad-tekst-1024x382.png\",\"datePublished\":\"2025-10-15T21:02:27+00:00\",\"dateModified\":\"2025-11-18T14:49:14+00:00\",\"breadcrumb\":{\"@id\":\"https:\/\/xn--bliejsiebie-rqc.com.pl\/?page_id=165#breadcrumb\"},\"inLanguage\":\"en-US\",\"potentialAction\":[{\"@type\":\"ReadAction\",\"target\":[\"https:\/\/xn--bliejsiebie-rqc.com.pl\/?page_id=165\"]}]},{\"@type\":\"ImageObject\",\"inLanguage\":\"en-US\",\"@id\":\"https:\/\/xn--bliejsiebie-rqc.com.pl\/?page_id=165#primaryimage\",\"url\":\"https:\/\/xn--bliejsiebie-rqc.com.pl\/wp-content\/uploads\/2025\/10\/BeautyEstetyka-Na-gore-nad-tekst.png\",\"contentUrl\":\"https:\/\/xn--bliejsiebie-rqc.com.pl\/wp-content\/uploads\/2025\/10\/BeautyEstetyka-Na-gore-nad-tekst.png\",\"width\":1113,\"height\":415},{\"@type\":\"BreadcrumbList\",\"@id\":\"https:\/\/xn--bliejsiebie-rqc.com.pl\/?page_id=165#breadcrumb\",\"itemListElement\":[{\"@type\":\"ListItem\",\"position\":1,\"name\":\"Strona g\u0142\u00f3wna\",\"item\":\"https:\/\/xn--bliejsiebie-rqc.com.pl\/\"},{\"@type\":\"ListItem\",\"position\":2,\"name\":\"Oferta\",\"item\":\"https:\/\/xn--bliejsiebie-rqc.com.pl\/?page_id=98\"},{\"@type\":\"ListItem\",\"position\":3,\"name\":\"Beauty &amp; Estetyka\"}]},{\"@type\":\"WebSite\",\"@id\":\"https:\/\/xn--bliejsiebie-rqc.com.pl\/#website\",\"url\":\"https:\/\/xn--bliejsiebie-rqc.com.pl\/\",\"name\":\"Bli\u017cej Siebie Terapie Naturalne\",\"description\":\"\",\"publisher\":{\"@id\":\"https:\/\/xn--bliejsiebie-rqc.com.pl\/#organization\"},\"potentialAction\":[{\"@type\":\"SearchAction\",\"target\":{\"@type\":\"EntryPoint\",\"urlTemplate\":\"https:\/\/xn--bliejsiebie-rqc.com.pl\/?s={search_term_string}\"},\"query-input\":{\"@type\":\"PropertyValueSpecification\",\"valueRequired\":true,\"valueName\":\"search_term_string\"}}],\"inLanguage\":\"en-US\"},{\"@type\":\"Organization\",\"@id\":\"https:\/\/xn--bliejsiebie-rqc.com.pl\/#organization\",\"name\":\"Bli\u017cej Siebie Terapie Naturalne\",\"url\":\"https:\/\/xn--bliejsiebie-rqc.com.pl\/\",\"logo\":{\"@type\":\"ImageObject\",\"inLanguage\":\"en-US\",\"@id\":\"https:\/\/xn--bliejsiebie-rqc.com.pl\/#\/schema\/logo\/image\/\",\"url\":\"https:\/\/xn--bliejsiebie-rqc.com.pl\/wp-content\/uploads\/2025\/10\/logo.png\",\"contentUrl\":\"https:\/\/xn--bliejsiebie-rqc.com.pl\/wp-content\/uploads\/2025\/10\/logo.png\",\"width\":857,\"height\":877,\"caption\":\"Bli\u017cej Siebie Terapie Naturalne\"},\"image\":{\"@id\":\"https:\/\/xn--bliejsiebie-rqc.com.pl\/#\/schema\/logo\/image\/\"},\"sameAs\":[\"https:\/\/www.facebook.com\/profile.php?id=100091002167848\"]}]}<\/script>\n<!-- \/ Yoast SEO plugin. -->","yoast_head_json":{"title":"Beauty &amp; Estetyka - Bli\u017cej Siebie Terapie Naturalne","robots":{"index":"index","follow":"follow","max-snippet":"max-snippet:-1","max-image-preview":"max-image-preview:large","max-video-preview":"max-video-preview:-1"},"canonical":"https:\/\/xn--bliejsiebie-rqc.com.pl\/?page_id=165","og_locale":"en_US","og_type":"article","og_title":"Beauty &amp; Estetyka - Bli\u017cej Siebie Terapie Naturalne","og_description":"Zabiegi&nbsp;Beauty&nbsp;\u2013 podkre\u015bl swoje naturalne pi\u0119kno W naszym gabinecie oferujemy kompleksowe&nbsp;terapie i zabiegi kosmetyczne, kt\u00f3re pozwalaj\u0105 modelowa\u0107 sylwetk\u0119, odm\u0142adza\u0107 sk\u00f3r\u0119 i uwydatnia\u0107 atuty cia\u0142a.Dzi\u0119ki&nbsp;najnowocze\u015bniejszemu na \u015bwiecie urz\u0105dzeniu&nbsp;wszystkie zabiegi wykonujemy&nbsp;zar\u00f3wno stacjonarnie, jak i zdalnie, zapewniaj\u0105c pe\u0142en komfort i bezpiecze\u0144stwo \u2013 niezale\u017cnie od miejsca, w kt\u00f3rym jeste\u015b. Nasze zabiegi to&nbsp;bezpieczne, skuteczne i precyzyjnie dopasowane sesje, dzi\u0119ki kt\u00f3rym poczujesz [&hellip;]","og_url":"https:\/\/xn--bliejsiebie-rqc.com.pl\/?page_id=165","og_site_name":"Bli\u017cej Siebie Terapie Naturalne","article_publisher":"https:\/\/www.facebook.com\/profile.php?id=100091002167848","article_modified_time":"2025-11-18T14:49:14+00:00","og_image":[{"width":1113,"height":415,"url":"https:\/\/xn--bliejsiebie-rqc.com.pl\/wp-content\/uploads\/2025\/10\/BeautyEstetyka-Na-gore-nad-tekst.png","type":"image\/png"}],"twitter_card":"summary_large_image","twitter_misc":{"Est. reading time":"2 minutes"},"schema":{"@context":"https:\/\/schema.org","@graph":[{"@type":"WebPage","@id":"https:\/\/xn--bliejsiebie-rqc.com.pl\/?page_id=165","url":"https:\/\/xn--bliejsiebie-rqc.com.pl\/?page_id=165","name":"Beauty &amp; Estetyka - Bli\u017cej Siebie Terapie Naturalne","isPartOf":{"@id":"https:\/\/xn--bliejsiebie-rqc.com.pl\/#website"},"primaryImageOfPage":{"@id":"https:\/\/xn--bliejsiebie-rqc.com.pl\/?page_id=165#primaryimage"},"image":{"@id":"https:\/\/xn--bliejsiebie-rqc.com.pl\/?page_id=165#primaryimage"},"thumbnailUrl":"https:\/\/xn--bliejsiebie-rqc.com.pl\/wp-content\/uploads\/2025\/10\/BeautyEstetyka-Na-gore-nad-tekst-1024x382.png","datePublished":"2025-10-15T21:02:27+00:00","dateModified":"2025-11-18T14:49:14+00:00","breadcrumb":{"@id":"https:\/\/xn--bliejsiebie-rqc.com.pl\/?page_id=165#breadcrumb"},"inLanguage":"en-US","potentialAction":[{"@type":"ReadAction","target":["https:\/\/xn--bliejsiebie-rqc.com.pl\/?page_id=165"]}]},{"@type":"ImageObject","inLanguage":"en-US","@id":"https:\/\/xn--bliejsiebie-rqc.com.pl\/?page_id=165#primaryimage","url":"https:\/\/xn--bliejsiebie-rqc.com.pl\/wp-content\/uploads\/2025\/10\/BeautyEstetyka-Na-gore-nad-tekst.png","contentUrl":"https:\/\/xn--bliejsiebie-rqc.com.pl\/wp-content\/uploads\/2025\/10\/BeautyEstetyka-Na-gore-nad-tekst.png","width":1113,"height":415},{"@type":"BreadcrumbList","@id":"https:\/\/xn--bliejsiebie-rqc.com.pl\/?page_id=165#breadcrumb","itemListElement":[{"@type":"ListItem","position":1,"name":"Strona g\u0142\u00f3wna","item":"https:\/\/xn--bliejsiebie-rqc.com.pl\/"},{"@type":"ListItem","position":2,"name":"Oferta","item":"https:\/\/xn--bliejsiebie-rqc.com.pl\/?page_id=98"},{"@type":"ListItem","position":3,"name":"Beauty &amp; Estetyka"}]},{"@type":"WebSite","@id":"https:\/\/xn--bliejsiebie-rqc.com.pl\/#website","url":"https:\/\/xn--bliejsiebie-rqc.com.pl\/","name":"Bli\u017cej Siebie Terapie Naturalne","description":"","publisher":{"@id":"https:\/\/xn--bliejsiebie-rqc.com.pl\/#organization"},"potentialAction":[{"@type":"SearchAction","target":{"@type":"EntryPoint","urlTemplate":"https:\/\/xn--bliejsiebie-rqc.com.pl\/?s={search_term_string}"},"query-input":{"@type":"PropertyValueSpecification","valueRequired":true,"valueName":"search_term_string"}}],"inLanguage":"en-US"},{"@type":"Organization","@id":"https:\/\/xn--bliejsiebie-rqc.com.pl\/#organization","name":"Bli\u017cej Siebie Terapie Naturalne","url":"https:\/\/xn--bliejsiebie-rqc.com.pl\/","logo":{"@type":"ImageObject","inLanguage":"en-US","@id":"https:\/\/xn--bliejsiebie-rqc.com.pl\/#\/schema\/logo\/image\/","url":"https:\/\/xn--bliejsiebie-rqc.com.pl\/wp-content\/uploads\/2025\/10\/logo.png","contentUrl":"https:\/\/xn--bliejsiebie-rqc.com.pl\/wp-content\/uploads\/2025\/10\/logo.png","width":857,"height":877,"caption":"Bli\u017cej Siebie Terapie Naturalne"},"image":{"@id":"https:\/\/xn--bliejsiebie-rqc.com.pl\/#\/schema\/logo\/image\/"},"sameAs":["https:\/\/www.facebook.com\/profile.php?id=100091002167848"]}]}},"_links":{"self":[{"href":"https:\/\/xn--bliejsiebie-rqc.com.pl\/index.php?rest_route=\/wp\/v2\/pages\/165","targetHints":{"allow":["GET"]}}],"collection":[{"href":"https:\/\/xn--bliejsiebie-rqc.com.pl\/index.php?rest_route=\/wp\/v2\/pages"}],"about":[{"href":"https:\/\/xn--bliejsiebie-rqc.com.pl\/index.php?rest_route=\/wp\/v2\/types\/page"}],"author":[{"embeddable":true,"href":"https:\/\/xn--bliejsiebie-rqc.com.pl\/index.php?rest_route=\/wp\/v2\/users\/1"}],"replies":[{"embeddable":true,"href":"https:\/\/xn--bliejsiebie-rqc.com.pl\/index.php?rest_route=%2Fwp%2Fv2%2Fcomments&post=165"}],"version-history":[{"count":2,"href":"https:\/\/xn--bliejsiebie-rqc.com.pl\/index.php?rest_route=\/wp\/v2\/pages\/165\/revisions"}],"predecessor-version":[{"id":225,"href":"https:\/\/xn--bliejsiebie-rqc.com.pl\/index.php?rest_route=\/wp\/v2\/pages\/165\/revisions\/225"}],"up":[{"embeddable":true,"href":"https:\/\/xn--bliejsiebie-rqc.com.pl\/index.php?rest_route=\/wp\/v2\/pages\/98"}],"wp:attachment":[{"href":"https:\/\/xn--bliejsiebie-rqc.com.pl\/index.php?rest_route=%2Fwp%2Fv2%2Fmedia&parent=165"}],"curies":[{"name":"wp","href":"https:\/\/api.w.org\/{rel}","templated":true}]}}