{"id":159,"date":"2025-10-15T22:59:22","date_gmt":"2025-10-15T20:59:22","guid":{"rendered":"https:\/\/xn--bliejsiebie-rqc.com.pl\/?page_id=159"},"modified":"2025-11-18T15:37:06","modified_gmt":"2025-11-18T14:37:06","slug":"terapie-zaawansowane","status":"publish","type":"page","link":"https:\/\/xn--bliejsiebie-rqc.com.pl\/?page_id=159","title":{"rendered":"Terapie zaawansowane"},"content":{"rendered":"\n<figure class=\"wp-block-image aligncenter size-large is-resized\"><img loading=\"lazy\" decoding=\"async\" width=\"1024\" height=\"771\" src=\"https:\/\/xn--bliejsiebie-rqc.com.pl\/wp-content\/uploads\/2025\/10\/Terapie-zaawansowane-Na-gore-nad-tekst-1024x771.jpg\" alt=\"\" class=\"wp-image-235\" style=\"width:711px;height:auto\" srcset=\"https:\/\/xn--bliejsiebie-rqc.com.pl\/wp-content\/uploads\/2025\/10\/Terapie-zaawansowane-Na-gore-nad-tekst-1024x771.jpg 1024w, https:\/\/xn--bliejsiebie-rqc.com.pl\/wp-content\/uploads\/2025\/10\/Terapie-zaawansowane-Na-gore-nad-tekst-300x226.jpg 300w, https:\/\/xn--bliejsiebie-rqc.com.pl\/wp-content\/uploads\/2025\/10\/Terapie-zaawansowane-Na-gore-nad-tekst-768x578.jpg 768w, https:\/\/xn--bliejsiebie-rqc.com.pl\/wp-content\/uploads\/2025\/10\/Terapie-zaawansowane-Na-gore-nad-tekst.jpg 1280w\" sizes=\"auto, (max-width: 1024px) 100vw, 1024px\" \/><\/figure>\n\n\n\n<p><strong>Zaawansowane terapie bioenergetyczne<\/strong><\/p>\n\n\n\n<p>Odzyskaj spok\u00f3j, r\u00f3wnowag\u0119 i si\u0142\u0119 \u017cyciow\u0105<\/p>\n\n\n\n<p>Tw\u00f3j organizm ma niezwyk\u0142\u0105 zdolno\u015b\u0107 do regeneracji \u2014 wystarczy stworzy\u0107 mu odpowiednie warunki.<br>Nasze zaawansowane terapie biofeedback i biorezonansu wspieraj\u0105 cia\u0142o, umys\u0142 i emocje na poziomie, kt\u00f3rego cz\u0119sto nie jeste\u015bmy \u015bwiadomi.<br>To nowoczesne, nieinwazyjne i ca\u0142kowicie bezpieczne metody, kt\u00f3re pomagaj\u0105 odzyska\u0107 zdrowie, energi\u0119 i wewn\u0119trzn\u0105 harmoni\u0119.<\/p>\n\n\n\n<p>Co mo\u017cesz zyska\u0107 dzi\u0119ki terapiom:<\/p>\n\n\n\n<ul class=\"wp-block-list\">\n<li>Uwolnienie od uzale\u017cnie\u0144 i napi\u0119\u0107 emocjonalnych<\/li>\n\n\n\n<li>Redukcj\u0119 stresu, stan\u00f3w l\u0119kowych, nerwic i bezsenno\u015bci<\/li>\n\n\n\n<li>Wsparcie w terapii depresji, ADHD, \u017ca\u0142oby i niestabilnych emocji<\/li>\n\n\n\n<li>Oczyszczenie organizmu poprzez kuracj\u0119 antypaso\u017cytnicz\u0105 i detoks<\/li>\n\n\n\n<li>Odczulanie i \u0142agodzenie stan\u00f3w zapalnych<\/li>\n\n\n\n<li>Regeneracj\u0119 po urazach, zabiegach i infekcjach<\/li>\n\n\n\n<li>Stabilizacj\u0119 nastroju, wi\u0119ksz\u0105 pewno\u015b\u0107 siebie i spok\u00f3j wewn\u0119trzny<\/li>\n\n\n\n<li>Wsparcie przy przezi\u0119bieniach, grypie i COVID-19 Jak dzia\u0142amy:<\/li>\n<\/ul>\n\n\n\n<p>Ka\u017cda sesja jest dobierana indywidualnie do potrzeb organizmu.<br>Pracujemy zar\u00f3wno na poziomie fizycznym, jak i emocjonalnym \u2013 dzi\u0119ki czemu efekty s\u0105 g\u0142\u0119bsze i trwalsze.<\/p>\n\n\n\n<p>Terapie mog\u0105 odbywa\u0107 si\u0119:<br>stacjonarnie \u2013 z wykorzystaniem elektrod,<br>na odleg\u0142o\u015b\u0107 \u2013 poprzez biopole cz\u0142owieka,<br>co pozwala na skuteczn\u0105 prac\u0119 energetyczn\u0105 niezale\u017cnie od miejsca, w kt\u00f3rym si\u0119 znajdujesz.<\/p>\n\n\n\n<p>Dlaczego warto:<\/p>\n\n\n\n<p>Naturalne i bezpieczne wsparcie organizmu<br>Terapie dopasowane do Twoich potrzeb<br>Efekty odczuwalne cz\u0119sto ju\u017c po pierwszej sesji<br>Mo\u017cliwo\u015b\u0107 pracy na odleg\u0142o\u015b\u0107<br>Profesjonalna opieka i pe\u0142na dyskrecja<\/p>\n\n\n\n<p>Zadbaj o siebie kompleksowo<\/p>\n\n\n\n<p>Nie odk\u0142adaj swojego samopoczucia na p\u00f3\u017aniej.<br>Zr\u00f3b pierwszy krok ku wewn\u0119trznej r\u00f3wnowadze i harmonii.<\/p>\n\n\n\n<p>Um\u00f3w swoj\u0105 sesj\u0119 ju\u017c dzi\u015b i poczuj r\u00f3\u017cnic\u0119.<\/p>\n","protected":false},"excerpt":{"rendered":"<p>Zaawansowane terapie bioenergetyczne Odzyskaj spok\u00f3j, r\u00f3wnowag\u0119 i si\u0142\u0119 \u017cyciow\u0105 Tw\u00f3j organizm ma niezwyk\u0142\u0105 zdolno\u015b\u0107 do regeneracji \u2014 wystarczy stworzy\u0107 mu odpowiednie warunki.Nasze zaawansowane terapie biofeedback i biorezonansu wspieraj\u0105 cia\u0142o, umys\u0142 i emocje na poziomie, kt\u00f3rego cz\u0119sto nie jeste\u015bmy \u015bwiadomi.To nowoczesne, nieinwazyjne i ca\u0142kowicie bezpieczne metody, kt\u00f3re pomagaj\u0105 odzyska\u0107 zdrowie, energi\u0119 i wewn\u0119trzn\u0105 harmoni\u0119. Co mo\u017cesz [&hellip;]<\/p>\n","protected":false},"author":1,"featured_media":0,"parent":98,"menu_order":0,"comment_status":"closed","ping_status":"closed","template":"","meta":{"footnotes":""},"class_list":["post-159","page","type-page","status-publish","hentry"],"yoast_head":"<!-- This site is optimized with the Yoast SEO plugin v27.0 - https:\/\/yoast.com\/product\/yoast-seo-wordpress\/ -->\n<title>Terapie zaawansowane - Bli\u017cej Siebie Terapie Naturalne<\/title>\n<meta name=\"robots\" content=\"index, follow, max-snippet:-1, max-image-preview:large, max-video-preview:-1\" \/>\n<link rel=\"canonical\" href=\"https:\/\/xn--bliejsiebie-rqc.com.pl\/?page_id=159\" \/>\n<meta property=\"og:locale\" content=\"en_US\" \/>\n<meta property=\"og:type\" content=\"article\" \/>\n<meta property=\"og:title\" content=\"Terapie zaawansowane - Bli\u017cej Siebie Terapie Naturalne\" \/>\n<meta property=\"og:description\" content=\"Zaawansowane terapie bioenergetyczne Odzyskaj spok\u00f3j, r\u00f3wnowag\u0119 i si\u0142\u0119 \u017cyciow\u0105 Tw\u00f3j organizm ma niezwyk\u0142\u0105 zdolno\u015b\u0107 do regeneracji \u2014 wystarczy stworzy\u0107 mu odpowiednie warunki.Nasze zaawansowane terapie biofeedback i biorezonansu wspieraj\u0105 cia\u0142o, umys\u0142 i emocje na poziomie, kt\u00f3rego cz\u0119sto nie jeste\u015bmy \u015bwiadomi.To nowoczesne, nieinwazyjne i ca\u0142kowicie bezpieczne metody, kt\u00f3re pomagaj\u0105 odzyska\u0107 zdrowie, energi\u0119 i wewn\u0119trzn\u0105 harmoni\u0119. Co mo\u017cesz [&hellip;]\" \/>\n<meta property=\"og:url\" content=\"https:\/\/xn--bliejsiebie-rqc.com.pl\/?page_id=159\" \/>\n<meta property=\"og:site_name\" content=\"Bli\u017cej Siebie Terapie Naturalne\" \/>\n<meta property=\"article:publisher\" content=\"https:\/\/www.facebook.com\/profile.php?id=100091002167848\" \/>\n<meta property=\"article:modified_time\" content=\"2025-11-18T14:37:06+00:00\" \/>\n<meta property=\"og:image\" content=\"https:\/\/xn--bliejsiebie-rqc.com.pl\/wp-content\/uploads\/2025\/10\/Terapie-zaawansowane-Na-gore-nad-tekst.jpg\" \/>\n\t<meta property=\"og:image:width\" content=\"1280\" \/>\n\t<meta property=\"og:image:height\" content=\"964\" \/>\n\t<meta property=\"og:image:type\" content=\"image\/jpeg\" \/>\n<meta name=\"twitter:card\" content=\"summary_large_image\" \/>\n<meta name=\"twitter:label1\" content=\"Est. reading time\" \/>\n\t<meta name=\"twitter:data1\" content=\"2 minutes\" \/>\n<script type=\"application\/ld+json\" class=\"yoast-schema-graph\">{\"@context\":\"https:\/\/schema.org\",\"@graph\":[{\"@type\":\"WebPage\",\"@id\":\"https:\/\/xn--bliejsiebie-rqc.com.pl\/?page_id=159\",\"url\":\"https:\/\/xn--bliejsiebie-rqc.com.pl\/?page_id=159\",\"name\":\"Terapie zaawansowane - Bli\u017cej Siebie Terapie Naturalne\",\"isPartOf\":{\"@id\":\"https:\/\/xn--bliejsiebie-rqc.com.pl\/#website\"},\"primaryImageOfPage\":{\"@id\":\"https:\/\/xn--bliejsiebie-rqc.com.pl\/?page_id=159#primaryimage\"},\"image\":{\"@id\":\"https:\/\/xn--bliejsiebie-rqc.com.pl\/?page_id=159#primaryimage\"},\"thumbnailUrl\":\"https:\/\/xn--bliejsiebie-rqc.com.pl\/wp-content\/uploads\/2025\/10\/Terapie-zaawansowane-Na-gore-nad-tekst-1024x771.jpg\",\"datePublished\":\"2025-10-15T20:59:22+00:00\",\"dateModified\":\"2025-11-18T14:37:06+00:00\",\"breadcrumb\":{\"@id\":\"https:\/\/xn--bliejsiebie-rqc.com.pl\/?page_id=159#breadcrumb\"},\"inLanguage\":\"en-US\",\"potentialAction\":[{\"@type\":\"ReadAction\",\"target\":[\"https:\/\/xn--bliejsiebie-rqc.com.pl\/?page_id=159\"]}]},{\"@type\":\"ImageObject\",\"inLanguage\":\"en-US\",\"@id\":\"https:\/\/xn--bliejsiebie-rqc.com.pl\/?page_id=159#primaryimage\",\"url\":\"https:\/\/xn--bliejsiebie-rqc.com.pl\/wp-content\/uploads\/2025\/10\/Terapie-zaawansowane-Na-gore-nad-tekst.jpg\",\"contentUrl\":\"https:\/\/xn--bliejsiebie-rqc.com.pl\/wp-content\/uploads\/2025\/10\/Terapie-zaawansowane-Na-gore-nad-tekst.jpg\",\"width\":1280,\"height\":964},{\"@type\":\"BreadcrumbList\",\"@id\":\"https:\/\/xn--bliejsiebie-rqc.com.pl\/?page_id=159#breadcrumb\",\"itemListElement\":[{\"@type\":\"ListItem\",\"position\":1,\"name\":\"Strona g\u0142\u00f3wna\",\"item\":\"https:\/\/xn--bliejsiebie-rqc.com.pl\/\"},{\"@type\":\"ListItem\",\"position\":2,\"name\":\"Oferta\",\"item\":\"https:\/\/xn--bliejsiebie-rqc.com.pl\/?page_id=98\"},{\"@type\":\"ListItem\",\"position\":3,\"name\":\"Terapie zaawansowane\"}]},{\"@type\":\"WebSite\",\"@id\":\"https:\/\/xn--bliejsiebie-rqc.com.pl\/#website\",\"url\":\"https:\/\/xn--bliejsiebie-rqc.com.pl\/\",\"name\":\"Bli\u017cej Siebie Terapie Naturalne\",\"description\":\"\",\"publisher\":{\"@id\":\"https:\/\/xn--bliejsiebie-rqc.com.pl\/#organization\"},\"potentialAction\":[{\"@type\":\"SearchAction\",\"target\":{\"@type\":\"EntryPoint\",\"urlTemplate\":\"https:\/\/xn--bliejsiebie-rqc.com.pl\/?s={search_term_string}\"},\"query-input\":{\"@type\":\"PropertyValueSpecification\",\"valueRequired\":true,\"valueName\":\"search_term_string\"}}],\"inLanguage\":\"en-US\"},{\"@type\":\"Organization\",\"@id\":\"https:\/\/xn--bliejsiebie-rqc.com.pl\/#organization\",\"name\":\"Bli\u017cej Siebie Terapie Naturalne\",\"url\":\"https:\/\/xn--bliejsiebie-rqc.com.pl\/\",\"logo\":{\"@type\":\"ImageObject\",\"inLanguage\":\"en-US\",\"@id\":\"https:\/\/xn--bliejsiebie-rqc.com.pl\/#\/schema\/logo\/image\/\",\"url\":\"https:\/\/xn--bliejsiebie-rqc.com.pl\/wp-content\/uploads\/2025\/10\/logo.png\",\"contentUrl\":\"https:\/\/xn--bliejsiebie-rqc.com.pl\/wp-content\/uploads\/2025\/10\/logo.png\",\"width\":857,\"height\":877,\"caption\":\"Bli\u017cej Siebie Terapie Naturalne\"},\"image\":{\"@id\":\"https:\/\/xn--bliejsiebie-rqc.com.pl\/#\/schema\/logo\/image\/\"},\"sameAs\":[\"https:\/\/www.facebook.com\/profile.php?id=100091002167848\"]}]}<\/script>\n<!-- \/ Yoast SEO plugin. -->","yoast_head_json":{"title":"Terapie zaawansowane - Bli\u017cej Siebie Terapie Naturalne","robots":{"index":"index","follow":"follow","max-snippet":"max-snippet:-1","max-image-preview":"max-image-preview:large","max-video-preview":"max-video-preview:-1"},"canonical":"https:\/\/xn--bliejsiebie-rqc.com.pl\/?page_id=159","og_locale":"en_US","og_type":"article","og_title":"Terapie zaawansowane - Bli\u017cej Siebie Terapie Naturalne","og_description":"Zaawansowane terapie bioenergetyczne Odzyskaj spok\u00f3j, r\u00f3wnowag\u0119 i si\u0142\u0119 \u017cyciow\u0105 Tw\u00f3j organizm ma niezwyk\u0142\u0105 zdolno\u015b\u0107 do regeneracji \u2014 wystarczy stworzy\u0107 mu odpowiednie warunki.Nasze zaawansowane terapie biofeedback i biorezonansu wspieraj\u0105 cia\u0142o, umys\u0142 i emocje na poziomie, kt\u00f3rego cz\u0119sto nie jeste\u015bmy \u015bwiadomi.To nowoczesne, nieinwazyjne i ca\u0142kowicie bezpieczne metody, kt\u00f3re pomagaj\u0105 odzyska\u0107 zdrowie, energi\u0119 i wewn\u0119trzn\u0105 harmoni\u0119. Co mo\u017cesz [&hellip;]","og_url":"https:\/\/xn--bliejsiebie-rqc.com.pl\/?page_id=159","og_site_name":"Bli\u017cej Siebie Terapie Naturalne","article_publisher":"https:\/\/www.facebook.com\/profile.php?id=100091002167848","article_modified_time":"2025-11-18T14:37:06+00:00","og_image":[{"width":1280,"height":964,"url":"https:\/\/xn--bliejsiebie-rqc.com.pl\/wp-content\/uploads\/2025\/10\/Terapie-zaawansowane-Na-gore-nad-tekst.jpg","type":"image\/jpeg"}],"twitter_card":"summary_large_image","twitter_misc":{"Est. reading time":"2 minutes"},"schema":{"@context":"https:\/\/schema.org","@graph":[{"@type":"WebPage","@id":"https:\/\/xn--bliejsiebie-rqc.com.pl\/?page_id=159","url":"https:\/\/xn--bliejsiebie-rqc.com.pl\/?page_id=159","name":"Terapie zaawansowane - Bli\u017cej Siebie Terapie Naturalne","isPartOf":{"@id":"https:\/\/xn--bliejsiebie-rqc.com.pl\/#website"},"primaryImageOfPage":{"@id":"https:\/\/xn--bliejsiebie-rqc.com.pl\/?page_id=159#primaryimage"},"image":{"@id":"https:\/\/xn--bliejsiebie-rqc.com.pl\/?page_id=159#primaryimage"},"thumbnailUrl":"https:\/\/xn--bliejsiebie-rqc.com.pl\/wp-content\/uploads\/2025\/10\/Terapie-zaawansowane-Na-gore-nad-tekst-1024x771.jpg","datePublished":"2025-10-15T20:59:22+00:00","dateModified":"2025-11-18T14:37:06+00:00","breadcrumb":{"@id":"https:\/\/xn--bliejsiebie-rqc.com.pl\/?page_id=159#breadcrumb"},"inLanguage":"en-US","potentialAction":[{"@type":"ReadAction","target":["https:\/\/xn--bliejsiebie-rqc.com.pl\/?page_id=159"]}]},{"@type":"ImageObject","inLanguage":"en-US","@id":"https:\/\/xn--bliejsiebie-rqc.com.pl\/?page_id=159#primaryimage","url":"https:\/\/xn--bliejsiebie-rqc.com.pl\/wp-content\/uploads\/2025\/10\/Terapie-zaawansowane-Na-gore-nad-tekst.jpg","contentUrl":"https:\/\/xn--bliejsiebie-rqc.com.pl\/wp-content\/uploads\/2025\/10\/Terapie-zaawansowane-Na-gore-nad-tekst.jpg","width":1280,"height":964},{"@type":"BreadcrumbList","@id":"https:\/\/xn--bliejsiebie-rqc.com.pl\/?page_id=159#breadcrumb","itemListElement":[{"@type":"ListItem","position":1,"name":"Strona g\u0142\u00f3wna","item":"https:\/\/xn--bliejsiebie-rqc.com.pl\/"},{"@type":"ListItem","position":2,"name":"Oferta","item":"https:\/\/xn--bliejsiebie-rqc.com.pl\/?page_id=98"},{"@type":"ListItem","position":3,"name":"Terapie zaawansowane"}]},{"@type":"WebSite","@id":"https:\/\/xn--bliejsiebie-rqc.com.pl\/#website","url":"https:\/\/xn--bliejsiebie-rqc.com.pl\/","name":"Bli\u017cej Siebie Terapie Naturalne","description":"","publisher":{"@id":"https:\/\/xn--bliejsiebie-rqc.com.pl\/#organization"},"potentialAction":[{"@type":"SearchAction","target":{"@type":"EntryPoint","urlTemplate":"https:\/\/xn--bliejsiebie-rqc.com.pl\/?s={search_term_string}"},"query-input":{"@type":"PropertyValueSpecification","valueRequired":true,"valueName":"search_term_string"}}],"inLanguage":"en-US"},{"@type":"Organization","@id":"https:\/\/xn--bliejsiebie-rqc.com.pl\/#organization","name":"Bli\u017cej Siebie Terapie Naturalne","url":"https:\/\/xn--bliejsiebie-rqc.com.pl\/","logo":{"@type":"ImageObject","inLanguage":"en-US","@id":"https:\/\/xn--bliejsiebie-rqc.com.pl\/#\/schema\/logo\/image\/","url":"https:\/\/xn--bliejsiebie-rqc.com.pl\/wp-content\/uploads\/2025\/10\/logo.png","contentUrl":"https:\/\/xn--bliejsiebie-rqc.com.pl\/wp-content\/uploads\/2025\/10\/logo.png","width":857,"height":877,"caption":"Bli\u017cej Siebie Terapie Naturalne"},"image":{"@id":"https:\/\/xn--bliejsiebie-rqc.com.pl\/#\/schema\/logo\/image\/"},"sameAs":["https:\/\/www.facebook.com\/profile.php?id=100091002167848"]}]}},"_links":{"self":[{"href":"https:\/\/xn--bliejsiebie-rqc.com.pl\/index.php?rest_route=\/wp\/v2\/pages\/159","targetHints":{"allow":["GET"]}}],"collection":[{"href":"https:\/\/xn--bliejsiebie-rqc.com.pl\/index.php?rest_route=\/wp\/v2\/pages"}],"about":[{"href":"https:\/\/xn--bliejsiebie-rqc.com.pl\/index.php?rest_route=\/wp\/v2\/types\/page"}],"author":[{"embeddable":true,"href":"https:\/\/xn--bliejsiebie-rqc.com.pl\/index.php?rest_route=\/wp\/v2\/users\/1"}],"replies":[{"embeddable":true,"href":"https:\/\/xn--bliejsiebie-rqc.com.pl\/index.php?rest_route=%2Fwp%2Fv2%2Fcomments&post=159"}],"version-history":[{"count":2,"href":"https:\/\/xn--bliejsiebie-rqc.com.pl\/index.php?rest_route=\/wp\/v2\/pages\/159\/revisions"}],"predecessor-version":[{"id":236,"href":"https:\/\/xn--bliejsiebie-rqc.com.pl\/index.php?rest_route=\/wp\/v2\/pages\/159\/revisions\/236"}],"up":[{"embeddable":true,"href":"https:\/\/xn--bliejsiebie-rqc.com.pl\/index.php?rest_route=\/wp\/v2\/pages\/98"}],"wp:attachment":[{"href":"https:\/\/xn--bliejsiebie-rqc.com.pl\/index.php?rest_route=%2Fwp%2Fv2%2Fmedia&parent=159"}],"curies":[{"name":"wp","href":"https:\/\/api.w.org\/{rel}","templated":true}]}}