{"id":155,"date":"2025-10-15T22:57:38","date_gmt":"2025-10-15T20:57:38","guid":{"rendered":"https:\/\/xn--bliejsiebie-rqc.com.pl\/?page_id=155"},"modified":"2025-11-18T15:51:31","modified_gmt":"2025-11-18T14:51:31","slug":"terapie-zdrowotne","status":"publish","type":"page","link":"https:\/\/xn--bliejsiebie-rqc.com.pl\/?page_id=155","title":{"rendered":"Terapie Zdrowotne"},"content":{"rendered":"\n<figure class=\"wp-block-image aligncenter size-large\"><img loading=\"lazy\" decoding=\"async\" width=\"1024\" height=\"314\" src=\"https:\/\/xn--bliejsiebie-rqc.com.pl\/wp-content\/uploads\/2025\/10\/Terapie-zdrowotne-Na-gore-nad-tekst-1024x314.png\" alt=\"\" class=\"wp-image-237\" srcset=\"https:\/\/xn--bliejsiebie-rqc.com.pl\/wp-content\/uploads\/2025\/10\/Terapie-zdrowotne-Na-gore-nad-tekst-1024x314.png 1024w, https:\/\/xn--bliejsiebie-rqc.com.pl\/wp-content\/uploads\/2025\/10\/Terapie-zdrowotne-Na-gore-nad-tekst-300x92.png 300w, https:\/\/xn--bliejsiebie-rqc.com.pl\/wp-content\/uploads\/2025\/10\/Terapie-zdrowotne-Na-gore-nad-tekst-768x235.png 768w, https:\/\/xn--bliejsiebie-rqc.com.pl\/wp-content\/uploads\/2025\/10\/Terapie-zdrowotne-Na-gore-nad-tekst.png 1086w\" sizes=\"auto, (max-width: 1024px) 100vw, 1024px\" \/><\/figure>\n\n\n\n<p><strong>Holistyczne terapie wspieraj\u0105ce zdrowie i regeneracj\u0119 organizmu<\/strong><br>W naszym gabinecie oferujemy kompleksowe terapie, kt\u00f3re wspieraj\u0105 organizm w procesie samoregeneracji, przywracaj\u0105 r\u00f3wnowag\u0119 i poprawiaj\u0105 og\u00f3lne samopoczucie.<br>\u0141\u0105czymy wiedz\u0119 z zakresu medycyny naturalnej i nowoczesnych technologii biofeedback, aby skutecznie wspomaga\u0107 procesy zdrowienia \u2013 bez b\u00f3lu, bez ingerencji, w pe\u0142nej harmonii z cia\u0142em.<br><strong>Nasze terapie obejmuj\u0105:<\/strong><\/p>\n\n\n\n<ul class=\"wp-block-list\">\n<li>Wzmocnienie oczu, s\u0142uchu oraz trawienia \u2013 wspieranie uk\u0142adu nerwowego, poprawa koncentracji i funkcji zmys\u0142\u00f3w.<\/li>\n\n\n\n<li>Redukcja b\u00f3lu ko\u015bci, kr\u0119gos\u0142upa, bark\u00f3w, kolan i powi\u0119zi \u2013 \u0142agodzenie napi\u0119\u0107, wspieranie mobilno\u015bci i regeneracji tkanek.<\/li>\n\n\n\n<li>Terapia b\u00f3lu przewlek\u0142ego \u2013 pomoc w redukcji chronicznego b\u00f3lu oraz poprawie jako\u015bci \u017cycia.<\/li>\n\n\n\n<li>Detoks organizmu \u2013 oczyszczanie z toksyn i wsparcie naturalnych proces\u00f3w metabolicznych.<\/li>\n\n\n\n<li>Piel\u0119gnacja naczy\u0144 krwiono\u015bnych \u2013 poprawa mikrokr\u0105\u017cenia i elastyczno\u015bci naczy\u0144.<\/li>\n\n\n\n<li>Regeneracja DNA \u2013 stymulacja proces\u00f3w naprawczych organizmu na poziomie kom\u00f3rkowym.<\/li>\n\n\n\n<li>Terapia bezsenno\u015bci \u2013 harmonizacja uk\u0142adu nerwowego, poprawa jako\u015bci snu i relaksacji.<\/li>\n\n\n\n<li>Szumy uszne \u2013 wspomaganie pracy uk\u0142adu nerwowego i s\u0142uchowego.<\/li>\n\n\n\n<li>Terapie wspomagaj\u0105ce przy SM i boreliozie \u2013 wsparcie regeneracji, odporno\u015bci i r\u00f3wnowagi organizmu.<\/li>\n\n\n\n<li>Terapie migren \u2013 \u0142agodzenie napi\u0119\u0107 i przywracanie komfortu \u017cycia bez b\u00f3lu.<br>Ka\u017cdy program terapeutyczny jest dobierany indywidualnie, z uwzgl\u0119dnieniem potrzeb organizmu i aktualnego stanu zdrowia.<br>Naszym celem jest wspieranie naturalnych mechanizm\u00f3w regeneracji, tak aby Tw\u00f3j organizm m\u00f3g\u0142 w pe\u0142ni odzyska\u0107 swoj\u0105 wewn\u0119trzn\u0105 r\u00f3wnowag\u0119.<\/li>\n<\/ul>\n","protected":false},"excerpt":{"rendered":"<p>Holistyczne terapie wspieraj\u0105ce zdrowie i regeneracj\u0119 organizmuW naszym gabinecie oferujemy kompleksowe terapie, kt\u00f3re wspieraj\u0105 organizm w procesie samoregeneracji, przywracaj\u0105 r\u00f3wnowag\u0119 i poprawiaj\u0105 og\u00f3lne samopoczucie.\u0141\u0105czymy wiedz\u0119 z zakresu medycyny naturalnej i nowoczesnych technologii biofeedback, aby skutecznie wspomaga\u0107 procesy zdrowienia \u2013 bez b\u00f3lu, bez ingerencji, w pe\u0142nej harmonii z cia\u0142em.Nasze terapie obejmuj\u0105:<\/p>\n","protected":false},"author":1,"featured_media":0,"parent":98,"menu_order":0,"comment_status":"closed","ping_status":"closed","template":"","meta":{"footnotes":""},"class_list":["post-155","page","type-page","status-publish","hentry"],"yoast_head":"<!-- This site is optimized with the Yoast SEO plugin v27.0 - https:\/\/yoast.com\/product\/yoast-seo-wordpress\/ -->\n<title>Terapie Zdrowotne - Bli\u017cej Siebie Terapie Naturalne<\/title>\n<meta name=\"robots\" content=\"index, follow, max-snippet:-1, max-image-preview:large, max-video-preview:-1\" \/>\n<link rel=\"canonical\" href=\"https:\/\/xn--bliejsiebie-rqc.com.pl\/?page_id=155\" \/>\n<meta property=\"og:locale\" content=\"en_US\" \/>\n<meta property=\"og:type\" content=\"article\" \/>\n<meta property=\"og:title\" content=\"Terapie Zdrowotne - Bli\u017cej Siebie Terapie Naturalne\" \/>\n<meta property=\"og:description\" content=\"Holistyczne terapie wspieraj\u0105ce zdrowie i regeneracj\u0119 organizmuW naszym gabinecie oferujemy kompleksowe terapie, kt\u00f3re wspieraj\u0105 organizm w procesie samoregeneracji, przywracaj\u0105 r\u00f3wnowag\u0119 i poprawiaj\u0105 og\u00f3lne samopoczucie.\u0141\u0105czymy wiedz\u0119 z zakresu medycyny naturalnej i nowoczesnych technologii biofeedback, aby skutecznie wspomaga\u0107 procesy zdrowienia \u2013 bez b\u00f3lu, bez ingerencji, w pe\u0142nej harmonii z cia\u0142em.Nasze terapie obejmuj\u0105:\" \/>\n<meta property=\"og:url\" content=\"https:\/\/xn--bliejsiebie-rqc.com.pl\/?page_id=155\" \/>\n<meta property=\"og:site_name\" content=\"Bli\u017cej Siebie Terapie Naturalne\" \/>\n<meta property=\"article:publisher\" content=\"https:\/\/www.facebook.com\/profile.php?id=100091002167848\" \/>\n<meta property=\"article:modified_time\" content=\"2025-11-18T14:51:31+00:00\" \/>\n<meta property=\"og:image\" content=\"https:\/\/xn--bliejsiebie-rqc.com.pl\/wp-content\/uploads\/2025\/10\/Terapie-zdrowotne-Na-gore-nad-tekst.png\" \/>\n\t<meta property=\"og:image:width\" content=\"1086\" \/>\n\t<meta property=\"og:image:height\" content=\"333\" \/>\n\t<meta property=\"og:image:type\" content=\"image\/png\" \/>\n<meta name=\"twitter:card\" content=\"summary_large_image\" \/>\n<meta name=\"twitter:label1\" content=\"Est. reading time\" \/>\n\t<meta name=\"twitter:data1\" content=\"2 minutes\" \/>\n<script type=\"application\/ld+json\" class=\"yoast-schema-graph\">{\"@context\":\"https:\/\/schema.org\",\"@graph\":[{\"@type\":\"WebPage\",\"@id\":\"https:\/\/xn--bliejsiebie-rqc.com.pl\/?page_id=155\",\"url\":\"https:\/\/xn--bliejsiebie-rqc.com.pl\/?page_id=155\",\"name\":\"Terapie Zdrowotne - Bli\u017cej Siebie Terapie Naturalne\",\"isPartOf\":{\"@id\":\"https:\/\/xn--bliejsiebie-rqc.com.pl\/#website\"},\"primaryImageOfPage\":{\"@id\":\"https:\/\/xn--bliejsiebie-rqc.com.pl\/?page_id=155#primaryimage\"},\"image\":{\"@id\":\"https:\/\/xn--bliejsiebie-rqc.com.pl\/?page_id=155#primaryimage\"},\"thumbnailUrl\":\"https:\/\/xn--bliejsiebie-rqc.com.pl\/wp-content\/uploads\/2025\/10\/Terapie-zdrowotne-Na-gore-nad-tekst-1024x314.png\",\"datePublished\":\"2025-10-15T20:57:38+00:00\",\"dateModified\":\"2025-11-18T14:51:31+00:00\",\"breadcrumb\":{\"@id\":\"https:\/\/xn--bliejsiebie-rqc.com.pl\/?page_id=155#breadcrumb\"},\"inLanguage\":\"en-US\",\"potentialAction\":[{\"@type\":\"ReadAction\",\"target\":[\"https:\/\/xn--bliejsiebie-rqc.com.pl\/?page_id=155\"]}]},{\"@type\":\"ImageObject\",\"inLanguage\":\"en-US\",\"@id\":\"https:\/\/xn--bliejsiebie-rqc.com.pl\/?page_id=155#primaryimage\",\"url\":\"https:\/\/xn--bliejsiebie-rqc.com.pl\/wp-content\/uploads\/2025\/10\/Terapie-zdrowotne-Na-gore-nad-tekst.png\",\"contentUrl\":\"https:\/\/xn--bliejsiebie-rqc.com.pl\/wp-content\/uploads\/2025\/10\/Terapie-zdrowotne-Na-gore-nad-tekst.png\",\"width\":1086,\"height\":333},{\"@type\":\"BreadcrumbList\",\"@id\":\"https:\/\/xn--bliejsiebie-rqc.com.pl\/?page_id=155#breadcrumb\",\"itemListElement\":[{\"@type\":\"ListItem\",\"position\":1,\"name\":\"Strona g\u0142\u00f3wna\",\"item\":\"https:\/\/xn--bliejsiebie-rqc.com.pl\/\"},{\"@type\":\"ListItem\",\"position\":2,\"name\":\"Oferta\",\"item\":\"https:\/\/xn--bliejsiebie-rqc.com.pl\/?page_id=98\"},{\"@type\":\"ListItem\",\"position\":3,\"name\":\"Terapie Zdrowotne\"}]},{\"@type\":\"WebSite\",\"@id\":\"https:\/\/xn--bliejsiebie-rqc.com.pl\/#website\",\"url\":\"https:\/\/xn--bliejsiebie-rqc.com.pl\/\",\"name\":\"Bli\u017cej Siebie Terapie Naturalne\",\"description\":\"\",\"publisher\":{\"@id\":\"https:\/\/xn--bliejsiebie-rqc.com.pl\/#organization\"},\"potentialAction\":[{\"@type\":\"SearchAction\",\"target\":{\"@type\":\"EntryPoint\",\"urlTemplate\":\"https:\/\/xn--bliejsiebie-rqc.com.pl\/?s={search_term_string}\"},\"query-input\":{\"@type\":\"PropertyValueSpecification\",\"valueRequired\":true,\"valueName\":\"search_term_string\"}}],\"inLanguage\":\"en-US\"},{\"@type\":\"Organization\",\"@id\":\"https:\/\/xn--bliejsiebie-rqc.com.pl\/#organization\",\"name\":\"Bli\u017cej Siebie Terapie Naturalne\",\"url\":\"https:\/\/xn--bliejsiebie-rqc.com.pl\/\",\"logo\":{\"@type\":\"ImageObject\",\"inLanguage\":\"en-US\",\"@id\":\"https:\/\/xn--bliejsiebie-rqc.com.pl\/#\/schema\/logo\/image\/\",\"url\":\"https:\/\/xn--bliejsiebie-rqc.com.pl\/wp-content\/uploads\/2025\/10\/logo.png\",\"contentUrl\":\"https:\/\/xn--bliejsiebie-rqc.com.pl\/wp-content\/uploads\/2025\/10\/logo.png\",\"width\":857,\"height\":877,\"caption\":\"Bli\u017cej Siebie Terapie Naturalne\"},\"image\":{\"@id\":\"https:\/\/xn--bliejsiebie-rqc.com.pl\/#\/schema\/logo\/image\/\"},\"sameAs\":[\"https:\/\/www.facebook.com\/profile.php?id=100091002167848\"]}]}<\/script>\n<!-- \/ Yoast SEO plugin. -->","yoast_head_json":{"title":"Terapie Zdrowotne - Bli\u017cej Siebie Terapie Naturalne","robots":{"index":"index","follow":"follow","max-snippet":"max-snippet:-1","max-image-preview":"max-image-preview:large","max-video-preview":"max-video-preview:-1"},"canonical":"https:\/\/xn--bliejsiebie-rqc.com.pl\/?page_id=155","og_locale":"en_US","og_type":"article","og_title":"Terapie Zdrowotne - Bli\u017cej Siebie Terapie Naturalne","og_description":"Holistyczne terapie wspieraj\u0105ce zdrowie i regeneracj\u0119 organizmuW naszym gabinecie oferujemy kompleksowe terapie, kt\u00f3re wspieraj\u0105 organizm w procesie samoregeneracji, przywracaj\u0105 r\u00f3wnowag\u0119 i poprawiaj\u0105 og\u00f3lne samopoczucie.\u0141\u0105czymy wiedz\u0119 z zakresu medycyny naturalnej i nowoczesnych technologii biofeedback, aby skutecznie wspomaga\u0107 procesy zdrowienia \u2013 bez b\u00f3lu, bez ingerencji, w pe\u0142nej harmonii z cia\u0142em.Nasze terapie obejmuj\u0105:","og_url":"https:\/\/xn--bliejsiebie-rqc.com.pl\/?page_id=155","og_site_name":"Bli\u017cej Siebie Terapie Naturalne","article_publisher":"https:\/\/www.facebook.com\/profile.php?id=100091002167848","article_modified_time":"2025-11-18T14:51:31+00:00","og_image":[{"width":1086,"height":333,"url":"https:\/\/xn--bliejsiebie-rqc.com.pl\/wp-content\/uploads\/2025\/10\/Terapie-zdrowotne-Na-gore-nad-tekst.png","type":"image\/png"}],"twitter_card":"summary_large_image","twitter_misc":{"Est. reading time":"2 minutes"},"schema":{"@context":"https:\/\/schema.org","@graph":[{"@type":"WebPage","@id":"https:\/\/xn--bliejsiebie-rqc.com.pl\/?page_id=155","url":"https:\/\/xn--bliejsiebie-rqc.com.pl\/?page_id=155","name":"Terapie Zdrowotne - Bli\u017cej Siebie Terapie Naturalne","isPartOf":{"@id":"https:\/\/xn--bliejsiebie-rqc.com.pl\/#website"},"primaryImageOfPage":{"@id":"https:\/\/xn--bliejsiebie-rqc.com.pl\/?page_id=155#primaryimage"},"image":{"@id":"https:\/\/xn--bliejsiebie-rqc.com.pl\/?page_id=155#primaryimage"},"thumbnailUrl":"https:\/\/xn--bliejsiebie-rqc.com.pl\/wp-content\/uploads\/2025\/10\/Terapie-zdrowotne-Na-gore-nad-tekst-1024x314.png","datePublished":"2025-10-15T20:57:38+00:00","dateModified":"2025-11-18T14:51:31+00:00","breadcrumb":{"@id":"https:\/\/xn--bliejsiebie-rqc.com.pl\/?page_id=155#breadcrumb"},"inLanguage":"en-US","potentialAction":[{"@type":"ReadAction","target":["https:\/\/xn--bliejsiebie-rqc.com.pl\/?page_id=155"]}]},{"@type":"ImageObject","inLanguage":"en-US","@id":"https:\/\/xn--bliejsiebie-rqc.com.pl\/?page_id=155#primaryimage","url":"https:\/\/xn--bliejsiebie-rqc.com.pl\/wp-content\/uploads\/2025\/10\/Terapie-zdrowotne-Na-gore-nad-tekst.png","contentUrl":"https:\/\/xn--bliejsiebie-rqc.com.pl\/wp-content\/uploads\/2025\/10\/Terapie-zdrowotne-Na-gore-nad-tekst.png","width":1086,"height":333},{"@type":"BreadcrumbList","@id":"https:\/\/xn--bliejsiebie-rqc.com.pl\/?page_id=155#breadcrumb","itemListElement":[{"@type":"ListItem","position":1,"name":"Strona g\u0142\u00f3wna","item":"https:\/\/xn--bliejsiebie-rqc.com.pl\/"},{"@type":"ListItem","position":2,"name":"Oferta","item":"https:\/\/xn--bliejsiebie-rqc.com.pl\/?page_id=98"},{"@type":"ListItem","position":3,"name":"Terapie Zdrowotne"}]},{"@type":"WebSite","@id":"https:\/\/xn--bliejsiebie-rqc.com.pl\/#website","url":"https:\/\/xn--bliejsiebie-rqc.com.pl\/","name":"Bli\u017cej Siebie Terapie Naturalne","description":"","publisher":{"@id":"https:\/\/xn--bliejsiebie-rqc.com.pl\/#organization"},"potentialAction":[{"@type":"SearchAction","target":{"@type":"EntryPoint","urlTemplate":"https:\/\/xn--bliejsiebie-rqc.com.pl\/?s={search_term_string}"},"query-input":{"@type":"PropertyValueSpecification","valueRequired":true,"valueName":"search_term_string"}}],"inLanguage":"en-US"},{"@type":"Organization","@id":"https:\/\/xn--bliejsiebie-rqc.com.pl\/#organization","name":"Bli\u017cej Siebie Terapie Naturalne","url":"https:\/\/xn--bliejsiebie-rqc.com.pl\/","logo":{"@type":"ImageObject","inLanguage":"en-US","@id":"https:\/\/xn--bliejsiebie-rqc.com.pl\/#\/schema\/logo\/image\/","url":"https:\/\/xn--bliejsiebie-rqc.com.pl\/wp-content\/uploads\/2025\/10\/logo.png","contentUrl":"https:\/\/xn--bliejsiebie-rqc.com.pl\/wp-content\/uploads\/2025\/10\/logo.png","width":857,"height":877,"caption":"Bli\u017cej Siebie Terapie Naturalne"},"image":{"@id":"https:\/\/xn--bliejsiebie-rqc.com.pl\/#\/schema\/logo\/image\/"},"sameAs":["https:\/\/www.facebook.com\/profile.php?id=100091002167848"]}]}},"_links":{"self":[{"href":"https:\/\/xn--bliejsiebie-rqc.com.pl\/index.php?rest_route=\/wp\/v2\/pages\/155","targetHints":{"allow":["GET"]}}],"collection":[{"href":"https:\/\/xn--bliejsiebie-rqc.com.pl\/index.php?rest_route=\/wp\/v2\/pages"}],"about":[{"href":"https:\/\/xn--bliejsiebie-rqc.com.pl\/index.php?rest_route=\/wp\/v2\/types\/page"}],"author":[{"embeddable":true,"href":"https:\/\/xn--bliejsiebie-rqc.com.pl\/index.php?rest_route=\/wp\/v2\/users\/1"}],"replies":[{"embeddable":true,"href":"https:\/\/xn--bliejsiebie-rqc.com.pl\/index.php?rest_route=%2Fwp%2Fv2%2Fcomments&post=155"}],"version-history":[{"count":3,"href":"https:\/\/xn--bliejsiebie-rqc.com.pl\/index.php?rest_route=\/wp\/v2\/pages\/155\/revisions"}],"predecessor-version":[{"id":239,"href":"https:\/\/xn--bliejsiebie-rqc.com.pl\/index.php?rest_route=\/wp\/v2\/pages\/155\/revisions\/239"}],"up":[{"embeddable":true,"href":"https:\/\/xn--bliejsiebie-rqc.com.pl\/index.php?rest_route=\/wp\/v2\/pages\/98"}],"wp:attachment":[{"href":"https:\/\/xn--bliejsiebie-rqc.com.pl\/index.php?rest_route=%2Fwp%2Fv2%2Fmedia&parent=155"}],"curies":[{"name":"wp","href":"https:\/\/api.w.org\/{rel}","templated":true}]}}