{"id":150,"date":"2025-10-15T22:53:59","date_gmt":"2025-10-15T20:53:59","guid":{"rendered":"https:\/\/xn--bliejsiebie-rqc.com.pl\/?page_id=150"},"modified":"2025-11-18T15:36:40","modified_gmt":"2025-11-18T14:36:40","slug":"diagnostyka-i-regeneracja","status":"publish","type":"page","link":"https:\/\/xn--bliejsiebie-rqc.com.pl\/?page_id=150","title":{"rendered":"Diagnostyka i regeneracja"},"content":{"rendered":"\n<figure class=\"wp-block-image aligncenter size-large is-resized\"><img loading=\"lazy\" decoding=\"async\" width=\"1024\" height=\"576\" src=\"https:\/\/xn--bliejsiebie-rqc.com.pl\/wp-content\/uploads\/2025\/10\/Diagnostyka-i-regeneracja-na-gore-nad-tekst-1024x576.jpg\" alt=\"\" class=\"wp-image-226\" style=\"width:732px;height:auto\" srcset=\"https:\/\/xn--bliejsiebie-rqc.com.pl\/wp-content\/uploads\/2025\/10\/Diagnostyka-i-regeneracja-na-gore-nad-tekst-1024x576.jpg 1024w, https:\/\/xn--bliejsiebie-rqc.com.pl\/wp-content\/uploads\/2025\/10\/Diagnostyka-i-regeneracja-na-gore-nad-tekst-300x169.jpg 300w, https:\/\/xn--bliejsiebie-rqc.com.pl\/wp-content\/uploads\/2025\/10\/Diagnostyka-i-regeneracja-na-gore-nad-tekst-768x432.jpg 768w, https:\/\/xn--bliejsiebie-rqc.com.pl\/wp-content\/uploads\/2025\/10\/Diagnostyka-i-regeneracja-na-gore-nad-tekst.jpg 1280w\" sizes=\"auto, (max-width: 1024px) 100vw, 1024px\" \/><\/figure>\n\n\n\n<p><strong>Biorezonans<\/strong><strong>&nbsp;<\/strong><strong>Biofeedback<\/strong><strong>&nbsp;<\/strong><strong>Quex<\/strong><strong>&nbsp;Ed&nbsp;<\/strong><strong>\u2013 nowoczesna diagnostyka i terapia wspieraj\u0105ca organizm<\/strong><\/p>\n\n\n\n<p>Biorezonans&nbsp;<strong>Biofeedback<\/strong>&nbsp;to zaawansowana metoda diagnostyczno-terapeutyczna, wykorzystuj\u0105ca analiz\u0119 cz\u0119stotliwo\u015bci bioelektrycznych organizmu. Dzi\u0119ki precyzyjnej technologii mo\u017cliwe jest wykrycie zaburze\u0144 w funkcjonowaniu poszczeg\u00f3lnych uk\u0142ad\u00f3w oraz identyfikacja czynnik\u00f3w, kt\u00f3re mog\u0105 wp\u0142ywa\u0107 na pogorszenie stanu zdrowia.<\/p>\n\n\n\n<p>Badanie jest&nbsp;<strong>bezbolesne, nieinwazyjne i ca\u0142kowicie bezpieczne<\/strong>. Umo\u017cliwia ocen\u0119 kondycji organizmu, a tak\u017ce dob\u00f3r indywidualnych program\u00f3w wspieraj\u0105cych proces regeneracji, detoksykacji i przywracania r\u00f3wnowagi.<\/p>\n\n\n\n<p><strong>Zastosowanie&nbsp;<\/strong><strong>biorezonansu<\/strong><strong>&nbsp;<\/strong><strong>Biofeedback<\/strong><strong>:<\/strong><\/p>\n\n\n\n<p>\u2022&nbsp;diagnostyka i terapia&nbsp;<strong>alergii<\/strong>&nbsp;oraz&nbsp;<strong>nadwra\u017cliwo\u015bci pokarmowych<\/strong>,<\/p>\n\n\n\n<p>\u2022&nbsp;wykrywanie i wspomaganie eliminacji&nbsp;<strong>grzyb\u00f3w<\/strong>,&nbsp;<strong>paso\u017cyt\u00f3w<\/strong>&nbsp;oraz&nbsp;<strong>infekcji<\/strong>,<\/p>\n\n\n\n<p>\u2022&nbsp;identyfikacja&nbsp;<strong>obci\u0105\u017ce\u0144 metalami ci\u0119\u017ckimi<\/strong>,<\/p>\n\n\n\n<p>\u2022&nbsp;wspomaganie redukcji&nbsp;<strong>stan\u00f3w zapalnych<\/strong>,<\/p>\n\n\n\n<p>\u2022&nbsp;ocena&nbsp;<strong>niedobor\u00f3w witamin i minera\u0142\u00f3w<\/strong>,<\/p>\n\n\n\n<p>\u2022&nbsp;specjalistyczne&nbsp;<strong>programy dentystyczne<\/strong>,<\/p>\n\n\n\n<p>\u2022&nbsp;kompleksowa&nbsp;<strong>analiza stanu i funkcjonowania organizmu<\/strong>.<\/p>\n\n\n\n<p>Terapia&nbsp;biorezonansowa&nbsp;mo\u017ce stanowi\u0107&nbsp;<strong>uzupe\u0142nienie leczenia konwencjonalnego<\/strong>&nbsp;lub samodzieln\u0105 form\u0119 profilaktyki zdrowotnej. Pomaga w przywr\u00f3ceniu r\u00f3wnowagi biochemicznej organizmu, wspiera procesy oczyszczania oraz naturalne mechanizmy samoregulacji.<\/p>\n\n\n\n<p>Twoje zdrowie w harmonii \u2013 odkryj moc&nbsp;biorezonansu<\/p>\n\n\n\n<p><strong>Indywidualna diagnostyka i terapia z wykorzystaniem&nbsp;<\/strong><strong>biorezonansu<\/strong>:<\/p>\n\n\n\n<p>Ka\u017cdy organizm jest inny.&nbsp;Biorezonans&nbsp;pozwala pozna\u0107 jego potrzeby<br>i dobra\u0107 terapi\u0119 dopasowan\u0105 do Ciebie.<\/p>\n\n\n\n<p>Nowa generacja&nbsp;biorezonansu&nbsp;w naszym gabinecie:<\/p>\n\n\n\n<p>Zaawansowana diagnostyka&nbsp;biofeedback&nbsp;umo\u017cliwia precyzyjne wykrycie obci\u0105\u017ce\u0144,<br>zaburze\u0144 i stan\u00f3w zapalnych \u2013 zanim pojawi\u0105 si\u0119&nbsp;objawy.<\/p>\n","protected":false},"excerpt":{"rendered":"<p>Biorezonans&nbsp;Biofeedback&nbsp;Quex&nbsp;Ed&nbsp;\u2013 nowoczesna diagnostyka i terapia wspieraj\u0105ca organizm Biorezonans&nbsp;Biofeedback&nbsp;to zaawansowana metoda diagnostyczno-terapeutyczna, wykorzystuj\u0105ca analiz\u0119 cz\u0119stotliwo\u015bci bioelektrycznych organizmu. Dzi\u0119ki precyzyjnej technologii mo\u017cliwe jest wykrycie zaburze\u0144 w funkcjonowaniu poszczeg\u00f3lnych uk\u0142ad\u00f3w oraz identyfikacja czynnik\u00f3w, kt\u00f3re mog\u0105 wp\u0142ywa\u0107 na pogorszenie stanu zdrowia. Badanie jest&nbsp;bezbolesne, nieinwazyjne i ca\u0142kowicie bezpieczne. Umo\u017cliwia ocen\u0119 kondycji organizmu, a tak\u017ce dob\u00f3r indywidualnych program\u00f3w wspieraj\u0105cych proces regeneracji, [&hellip;]<\/p>\n","protected":false},"author":1,"featured_media":0,"parent":98,"menu_order":0,"comment_status":"closed","ping_status":"closed","template":"","meta":{"footnotes":""},"class_list":["post-150","page","type-page","status-publish","hentry"],"yoast_head":"<!-- This site is optimized with the Yoast SEO plugin v27.0 - https:\/\/yoast.com\/product\/yoast-seo-wordpress\/ -->\n<title>Diagnostyka i regeneracja - Bli\u017cej Siebie Terapie Naturalne<\/title>\n<meta name=\"robots\" content=\"index, follow, max-snippet:-1, max-image-preview:large, max-video-preview:-1\" \/>\n<link rel=\"canonical\" href=\"https:\/\/xn--bliejsiebie-rqc.com.pl\/?page_id=150\" \/>\n<meta property=\"og:locale\" content=\"en_US\" \/>\n<meta property=\"og:type\" content=\"article\" \/>\n<meta property=\"og:title\" content=\"Diagnostyka i regeneracja - Bli\u017cej Siebie Terapie Naturalne\" \/>\n<meta property=\"og:description\" content=\"Biorezonans&nbsp;Biofeedback&nbsp;Quex&nbsp;Ed&nbsp;\u2013 nowoczesna diagnostyka i terapia wspieraj\u0105ca organizm Biorezonans&nbsp;Biofeedback&nbsp;to zaawansowana metoda diagnostyczno-terapeutyczna, wykorzystuj\u0105ca analiz\u0119 cz\u0119stotliwo\u015bci bioelektrycznych organizmu. Dzi\u0119ki precyzyjnej technologii mo\u017cliwe jest wykrycie zaburze\u0144 w funkcjonowaniu poszczeg\u00f3lnych uk\u0142ad\u00f3w oraz identyfikacja czynnik\u00f3w, kt\u00f3re mog\u0105 wp\u0142ywa\u0107 na pogorszenie stanu zdrowia. Badanie jest&nbsp;bezbolesne, nieinwazyjne i ca\u0142kowicie bezpieczne. Umo\u017cliwia ocen\u0119 kondycji organizmu, a tak\u017ce dob\u00f3r indywidualnych program\u00f3w wspieraj\u0105cych proces regeneracji, [&hellip;]\" \/>\n<meta property=\"og:url\" content=\"https:\/\/xn--bliejsiebie-rqc.com.pl\/?page_id=150\" \/>\n<meta property=\"og:site_name\" content=\"Bli\u017cej Siebie Terapie Naturalne\" \/>\n<meta property=\"article:publisher\" content=\"https:\/\/www.facebook.com\/profile.php?id=100091002167848\" \/>\n<meta property=\"article:modified_time\" content=\"2025-11-18T14:36:40+00:00\" \/>\n<meta property=\"og:image\" content=\"https:\/\/xn--bliejsiebie-rqc.com.pl\/wp-content\/uploads\/2025\/10\/Diagnostyka-i-regeneracja-na-gore-nad-tekst.jpg\" \/>\n\t<meta property=\"og:image:width\" content=\"1280\" \/>\n\t<meta property=\"og:image:height\" content=\"720\" \/>\n\t<meta property=\"og:image:type\" content=\"image\/jpeg\" \/>\n<meta name=\"twitter:card\" content=\"summary_large_image\" \/>\n<meta name=\"twitter:label1\" content=\"Est. reading time\" \/>\n\t<meta name=\"twitter:data1\" content=\"2 minutes\" \/>\n<script type=\"application\/ld+json\" class=\"yoast-schema-graph\">{\"@context\":\"https:\/\/schema.org\",\"@graph\":[{\"@type\":\"WebPage\",\"@id\":\"https:\/\/xn--bliejsiebie-rqc.com.pl\/?page_id=150\",\"url\":\"https:\/\/xn--bliejsiebie-rqc.com.pl\/?page_id=150\",\"name\":\"Diagnostyka i regeneracja - Bli\u017cej Siebie Terapie Naturalne\",\"isPartOf\":{\"@id\":\"https:\/\/xn--bliejsiebie-rqc.com.pl\/#website\"},\"primaryImageOfPage\":{\"@id\":\"https:\/\/xn--bliejsiebie-rqc.com.pl\/?page_id=150#primaryimage\"},\"image\":{\"@id\":\"https:\/\/xn--bliejsiebie-rqc.com.pl\/?page_id=150#primaryimage\"},\"thumbnailUrl\":\"https:\/\/xn--bliejsiebie-rqc.com.pl\/wp-content\/uploads\/2025\/10\/Diagnostyka-i-regeneracja-na-gore-nad-tekst-1024x576.jpg\",\"datePublished\":\"2025-10-15T20:53:59+00:00\",\"dateModified\":\"2025-11-18T14:36:40+00:00\",\"breadcrumb\":{\"@id\":\"https:\/\/xn--bliejsiebie-rqc.com.pl\/?page_id=150#breadcrumb\"},\"inLanguage\":\"en-US\",\"potentialAction\":[{\"@type\":\"ReadAction\",\"target\":[\"https:\/\/xn--bliejsiebie-rqc.com.pl\/?page_id=150\"]}]},{\"@type\":\"ImageObject\",\"inLanguage\":\"en-US\",\"@id\":\"https:\/\/xn--bliejsiebie-rqc.com.pl\/?page_id=150#primaryimage\",\"url\":\"https:\/\/xn--bliejsiebie-rqc.com.pl\/wp-content\/uploads\/2025\/10\/Diagnostyka-i-regeneracja-na-gore-nad-tekst.jpg\",\"contentUrl\":\"https:\/\/xn--bliejsiebie-rqc.com.pl\/wp-content\/uploads\/2025\/10\/Diagnostyka-i-regeneracja-na-gore-nad-tekst.jpg\",\"width\":1280,\"height\":720},{\"@type\":\"BreadcrumbList\",\"@id\":\"https:\/\/xn--bliejsiebie-rqc.com.pl\/?page_id=150#breadcrumb\",\"itemListElement\":[{\"@type\":\"ListItem\",\"position\":1,\"name\":\"Strona g\u0142\u00f3wna\",\"item\":\"https:\/\/xn--bliejsiebie-rqc.com.pl\/\"},{\"@type\":\"ListItem\",\"position\":2,\"name\":\"Oferta\",\"item\":\"https:\/\/xn--bliejsiebie-rqc.com.pl\/?page_id=98\"},{\"@type\":\"ListItem\",\"position\":3,\"name\":\"Diagnostyka i regeneracja\"}]},{\"@type\":\"WebSite\",\"@id\":\"https:\/\/xn--bliejsiebie-rqc.com.pl\/#website\",\"url\":\"https:\/\/xn--bliejsiebie-rqc.com.pl\/\",\"name\":\"Bli\u017cej Siebie Terapie Naturalne\",\"description\":\"\",\"publisher\":{\"@id\":\"https:\/\/xn--bliejsiebie-rqc.com.pl\/#organization\"},\"potentialAction\":[{\"@type\":\"SearchAction\",\"target\":{\"@type\":\"EntryPoint\",\"urlTemplate\":\"https:\/\/xn--bliejsiebie-rqc.com.pl\/?s={search_term_string}\"},\"query-input\":{\"@type\":\"PropertyValueSpecification\",\"valueRequired\":true,\"valueName\":\"search_term_string\"}}],\"inLanguage\":\"en-US\"},{\"@type\":\"Organization\",\"@id\":\"https:\/\/xn--bliejsiebie-rqc.com.pl\/#organization\",\"name\":\"Bli\u017cej Siebie Terapie Naturalne\",\"url\":\"https:\/\/xn--bliejsiebie-rqc.com.pl\/\",\"logo\":{\"@type\":\"ImageObject\",\"inLanguage\":\"en-US\",\"@id\":\"https:\/\/xn--bliejsiebie-rqc.com.pl\/#\/schema\/logo\/image\/\",\"url\":\"https:\/\/xn--bliejsiebie-rqc.com.pl\/wp-content\/uploads\/2025\/10\/logo.png\",\"contentUrl\":\"https:\/\/xn--bliejsiebie-rqc.com.pl\/wp-content\/uploads\/2025\/10\/logo.png\",\"width\":857,\"height\":877,\"caption\":\"Bli\u017cej Siebie Terapie Naturalne\"},\"image\":{\"@id\":\"https:\/\/xn--bliejsiebie-rqc.com.pl\/#\/schema\/logo\/image\/\"},\"sameAs\":[\"https:\/\/www.facebook.com\/profile.php?id=100091002167848\"]}]}<\/script>\n<!-- \/ Yoast SEO plugin. -->","yoast_head_json":{"title":"Diagnostyka i regeneracja - Bli\u017cej Siebie Terapie Naturalne","robots":{"index":"index","follow":"follow","max-snippet":"max-snippet:-1","max-image-preview":"max-image-preview:large","max-video-preview":"max-video-preview:-1"},"canonical":"https:\/\/xn--bliejsiebie-rqc.com.pl\/?page_id=150","og_locale":"en_US","og_type":"article","og_title":"Diagnostyka i regeneracja - Bli\u017cej Siebie Terapie Naturalne","og_description":"Biorezonans&nbsp;Biofeedback&nbsp;Quex&nbsp;Ed&nbsp;\u2013 nowoczesna diagnostyka i terapia wspieraj\u0105ca organizm Biorezonans&nbsp;Biofeedback&nbsp;to zaawansowana metoda diagnostyczno-terapeutyczna, wykorzystuj\u0105ca analiz\u0119 cz\u0119stotliwo\u015bci bioelektrycznych organizmu. Dzi\u0119ki precyzyjnej technologii mo\u017cliwe jest wykrycie zaburze\u0144 w funkcjonowaniu poszczeg\u00f3lnych uk\u0142ad\u00f3w oraz identyfikacja czynnik\u00f3w, kt\u00f3re mog\u0105 wp\u0142ywa\u0107 na pogorszenie stanu zdrowia. Badanie jest&nbsp;bezbolesne, nieinwazyjne i ca\u0142kowicie bezpieczne. Umo\u017cliwia ocen\u0119 kondycji organizmu, a tak\u017ce dob\u00f3r indywidualnych program\u00f3w wspieraj\u0105cych proces regeneracji, [&hellip;]","og_url":"https:\/\/xn--bliejsiebie-rqc.com.pl\/?page_id=150","og_site_name":"Bli\u017cej Siebie Terapie Naturalne","article_publisher":"https:\/\/www.facebook.com\/profile.php?id=100091002167848","article_modified_time":"2025-11-18T14:36:40+00:00","og_image":[{"width":1280,"height":720,"url":"https:\/\/xn--bliejsiebie-rqc.com.pl\/wp-content\/uploads\/2025\/10\/Diagnostyka-i-regeneracja-na-gore-nad-tekst.jpg","type":"image\/jpeg"}],"twitter_card":"summary_large_image","twitter_misc":{"Est. reading time":"2 minutes"},"schema":{"@context":"https:\/\/schema.org","@graph":[{"@type":"WebPage","@id":"https:\/\/xn--bliejsiebie-rqc.com.pl\/?page_id=150","url":"https:\/\/xn--bliejsiebie-rqc.com.pl\/?page_id=150","name":"Diagnostyka i regeneracja - Bli\u017cej Siebie Terapie Naturalne","isPartOf":{"@id":"https:\/\/xn--bliejsiebie-rqc.com.pl\/#website"},"primaryImageOfPage":{"@id":"https:\/\/xn--bliejsiebie-rqc.com.pl\/?page_id=150#primaryimage"},"image":{"@id":"https:\/\/xn--bliejsiebie-rqc.com.pl\/?page_id=150#primaryimage"},"thumbnailUrl":"https:\/\/xn--bliejsiebie-rqc.com.pl\/wp-content\/uploads\/2025\/10\/Diagnostyka-i-regeneracja-na-gore-nad-tekst-1024x576.jpg","datePublished":"2025-10-15T20:53:59+00:00","dateModified":"2025-11-18T14:36:40+00:00","breadcrumb":{"@id":"https:\/\/xn--bliejsiebie-rqc.com.pl\/?page_id=150#breadcrumb"},"inLanguage":"en-US","potentialAction":[{"@type":"ReadAction","target":["https:\/\/xn--bliejsiebie-rqc.com.pl\/?page_id=150"]}]},{"@type":"ImageObject","inLanguage":"en-US","@id":"https:\/\/xn--bliejsiebie-rqc.com.pl\/?page_id=150#primaryimage","url":"https:\/\/xn--bliejsiebie-rqc.com.pl\/wp-content\/uploads\/2025\/10\/Diagnostyka-i-regeneracja-na-gore-nad-tekst.jpg","contentUrl":"https:\/\/xn--bliejsiebie-rqc.com.pl\/wp-content\/uploads\/2025\/10\/Diagnostyka-i-regeneracja-na-gore-nad-tekst.jpg","width":1280,"height":720},{"@type":"BreadcrumbList","@id":"https:\/\/xn--bliejsiebie-rqc.com.pl\/?page_id=150#breadcrumb","itemListElement":[{"@type":"ListItem","position":1,"name":"Strona g\u0142\u00f3wna","item":"https:\/\/xn--bliejsiebie-rqc.com.pl\/"},{"@type":"ListItem","position":2,"name":"Oferta","item":"https:\/\/xn--bliejsiebie-rqc.com.pl\/?page_id=98"},{"@type":"ListItem","position":3,"name":"Diagnostyka i regeneracja"}]},{"@type":"WebSite","@id":"https:\/\/xn--bliejsiebie-rqc.com.pl\/#website","url":"https:\/\/xn--bliejsiebie-rqc.com.pl\/","name":"Bli\u017cej Siebie Terapie Naturalne","description":"","publisher":{"@id":"https:\/\/xn--bliejsiebie-rqc.com.pl\/#organization"},"potentialAction":[{"@type":"SearchAction","target":{"@type":"EntryPoint","urlTemplate":"https:\/\/xn--bliejsiebie-rqc.com.pl\/?s={search_term_string}"},"query-input":{"@type":"PropertyValueSpecification","valueRequired":true,"valueName":"search_term_string"}}],"inLanguage":"en-US"},{"@type":"Organization","@id":"https:\/\/xn--bliejsiebie-rqc.com.pl\/#organization","name":"Bli\u017cej Siebie Terapie Naturalne","url":"https:\/\/xn--bliejsiebie-rqc.com.pl\/","logo":{"@type":"ImageObject","inLanguage":"en-US","@id":"https:\/\/xn--bliejsiebie-rqc.com.pl\/#\/schema\/logo\/image\/","url":"https:\/\/xn--bliejsiebie-rqc.com.pl\/wp-content\/uploads\/2025\/10\/logo.png","contentUrl":"https:\/\/xn--bliejsiebie-rqc.com.pl\/wp-content\/uploads\/2025\/10\/logo.png","width":857,"height":877,"caption":"Bli\u017cej Siebie Terapie Naturalne"},"image":{"@id":"https:\/\/xn--bliejsiebie-rqc.com.pl\/#\/schema\/logo\/image\/"},"sameAs":["https:\/\/www.facebook.com\/profile.php?id=100091002167848"]}]}},"_links":{"self":[{"href":"https:\/\/xn--bliejsiebie-rqc.com.pl\/index.php?rest_route=\/wp\/v2\/pages\/150","targetHints":{"allow":["GET"]}}],"collection":[{"href":"https:\/\/xn--bliejsiebie-rqc.com.pl\/index.php?rest_route=\/wp\/v2\/pages"}],"about":[{"href":"https:\/\/xn--bliejsiebie-rqc.com.pl\/index.php?rest_route=\/wp\/v2\/types\/page"}],"author":[{"embeddable":true,"href":"https:\/\/xn--bliejsiebie-rqc.com.pl\/index.php?rest_route=\/wp\/v2\/users\/1"}],"replies":[{"embeddable":true,"href":"https:\/\/xn--bliejsiebie-rqc.com.pl\/index.php?rest_route=%2Fwp%2Fv2%2Fcomments&post=150"}],"version-history":[{"count":2,"href":"https:\/\/xn--bliejsiebie-rqc.com.pl\/index.php?rest_route=\/wp\/v2\/pages\/150\/revisions"}],"predecessor-version":[{"id":227,"href":"https:\/\/xn--bliejsiebie-rqc.com.pl\/index.php?rest_route=\/wp\/v2\/pages\/150\/revisions\/227"}],"up":[{"embeddable":true,"href":"https:\/\/xn--bliejsiebie-rqc.com.pl\/index.php?rest_route=\/wp\/v2\/pages\/98"}],"wp:attachment":[{"href":"https:\/\/xn--bliejsiebie-rqc.com.pl\/index.php?rest_route=%2Fwp%2Fv2%2Fmedia&parent=150"}],"curies":[{"name":"wp","href":"https:\/\/api.w.org\/{rel}","templated":true}]}}