{"id":123,"date":"2025-10-14T22:25:36","date_gmt":"2025-10-14T20:25:36","guid":{"rendered":"https:\/\/xn--bliejsiebie-rqc.com.pl\/?page_id=123"},"modified":"2025-11-18T15:43:20","modified_gmt":"2025-11-18T14:43:20","slug":"quex-ed","status":"publish","type":"page","link":"https:\/\/xn--bliejsiebie-rqc.com.pl\/?page_id=123","title":{"rendered":"Quex Ed\u00ae"},"content":{"rendered":"\n<p class=\"has-small-font-size\" style=\"border-style:none;border-width:0px\"><a href=\"https:\/\/xn--bliejsiebie-rqc.com.pl\/?page_id=206\" data-type=\"page\" data-id=\"206\">Quex&nbsp;Ed informacje<\/a> <\/p>\n\n\n\n<p><a href=\"https:\/\/xn--bliejsiebie-rqc.com.pl\/?page_id=150\" data-type=\"page\" data-id=\"150\">Diagnostyka i regeneracja<\/a><\/p>\n\n\n\n<p><a href=\"https:\/\/xn--bliejsiebie-rqc.com.pl\/?page_id=155\" data-type=\"page\" data-id=\"155\">Terapie zdrowotne<\/a><\/p>\n\n\n\n<p><a href=\"https:\/\/xn--bliejsiebie-rqc.com.pl\/?page_id=159\" data-type=\"page\" data-id=\"159\">Terapie zaawansowane<\/a><\/p>\n\n\n\n<p><a href=\"https:\/\/xn--bliejsiebie-rqc.com.pl\/?page_id=162\" data-type=\"page\" data-id=\"162\">Terapie energetyczne i duchowe<\/a><\/p>\n\n\n\n<p><a href=\"https:\/\/xn--bliejsiebie-rqc.com.pl\/?page_id=171\" data-type=\"page\" data-id=\"171\">Zdrowe Dzieci <\/a><\/p>\n\n\n\n<p><a href=\"https:\/\/xn--bliejsiebie-rqc.com.pl\/?page_id=176\" data-type=\"page\" data-id=\"176\">Zdrowie Zwierz\u0105t<\/a><\/p>\n\n\n\n<p><a href=\"https:\/\/xn--bliejsiebie-rqc.com.pl\/?page_id=165\" data-type=\"page\" data-id=\"165\">Beauty&nbsp;&amp; Estetyka<\/a><\/p>\n\n\n\n<p><a href=\"https:\/\/bli\u017cejsiebie.com.pl\/?page_id=217\">Terapie uzale\u017cnie\u0144<\/a><\/p>\n\n\n\n<p><strong>Cennik&nbsp;<\/strong><\/p>\n\n\n\n<p>&#8211; pierwsza wizyta 2-2,5h &nbsp;350z\u0142<\/p>\n\n\n\n<p>&#8211; terapie 1,5h \u2013 250z\u0142&nbsp;<\/p>\n\n\n\n<p>&#8211; wizyta domowa na terenie Kielc 400z\u0142&nbsp;<\/p>\n\n\n\n<p>&#8211; wizyta domowa poza Kielcami cena uzgadniana indywidualnie<\/p>\n\n\n\n<p>&#8211; terapie na odleg\u0142o\u015b\u0107 1,5h \u2013 250z\u0142&nbsp;<\/p>\n\n\n\n<p class=\"has-small-font-size\" style=\"border-style:none;border-width:0px\">&#8211; terapia ca\u0142onocna na odleg\u0142o\u015b\u0107 600z\u0142<\/p>\n","protected":false},"excerpt":{"rendered":"<p>Quex&nbsp;Ed informacje Diagnostyka i regeneracja Terapie zdrowotne Terapie zaawansowane Terapie energetyczne i duchowe Zdrowe Dzieci Zdrowie Zwierz\u0105t Beauty&nbsp;&amp; Estetyka Terapie uzale\u017cnie\u0144 Cennik&nbsp; &#8211; pierwsza wizyta 2-2,5h &nbsp;350z\u0142 &#8211; terapie 1,5h \u2013 250z\u0142&nbsp; &#8211; wizyta domowa na terenie Kielc 400z\u0142&nbsp; &#8211; wizyta domowa poza Kielcami cena uzgadniana indywidualnie &#8211; terapie na odleg\u0142o\u015b\u0107 1,5h \u2013 250z\u0142&nbsp; &#8211; [&hellip;]<\/p>\n","protected":false},"author":1,"featured_media":520,"parent":0,"menu_order":0,"comment_status":"closed","ping_status":"closed","template":"","meta":{"footnotes":""},"class_list":["post-123","page","type-page","status-publish","has-post-thumbnail","hentry"],"yoast_head":"<!-- This site is optimized with the Yoast SEO plugin v27.0 - https:\/\/yoast.com\/product\/yoast-seo-wordpress\/ -->\n<title>Quex Ed\u00ae - Bli\u017cej Siebie Terapie Naturalne<\/title>\n<meta name=\"robots\" content=\"index, follow, max-snippet:-1, max-image-preview:large, max-video-preview:-1\" \/>\n<link rel=\"canonical\" href=\"https:\/\/xn--bliejsiebie-rqc.com.pl\/?page_id=123\" \/>\n<meta property=\"og:locale\" content=\"en_US\" \/>\n<meta property=\"og:type\" content=\"article\" \/>\n<meta property=\"og:title\" content=\"Quex Ed\u00ae - Bli\u017cej Siebie Terapie Naturalne\" \/>\n<meta property=\"og:description\" content=\"Quex&nbsp;Ed informacje Diagnostyka i regeneracja Terapie zdrowotne Terapie zaawansowane Terapie energetyczne i duchowe Zdrowe Dzieci Zdrowie Zwierz\u0105t Beauty&nbsp;&amp; Estetyka Terapie uzale\u017cnie\u0144 Cennik&nbsp; &#8211; pierwsza wizyta 2-2,5h &nbsp;350z\u0142 &#8211; terapie 1,5h \u2013 250z\u0142&nbsp; &#8211; wizyta domowa na terenie Kielc 400z\u0142&nbsp; &#8211; wizyta domowa poza Kielcami cena uzgadniana indywidualnie &#8211; terapie na odleg\u0142o\u015b\u0107 1,5h \u2013 250z\u0142&nbsp; &#8211; [&hellip;]\" \/>\n<meta property=\"og:url\" content=\"https:\/\/xn--bliejsiebie-rqc.com.pl\/?page_id=123\" \/>\n<meta property=\"og:site_name\" content=\"Bli\u017cej Siebie Terapie Naturalne\" \/>\n<meta property=\"article:publisher\" content=\"https:\/\/www.facebook.com\/profile.php?id=100091002167848\" \/>\n<meta property=\"article:modified_time\" content=\"2025-11-18T14:43:20+00:00\" \/>\n<meta property=\"og:image\" content=\"https:\/\/xn--bliejsiebie-rqc.com.pl\/wp-content\/uploads\/2025\/11\/2-kopia-2.jpg\" \/>\n\t<meta property=\"og:image:width\" content=\"1024\" \/>\n\t<meta property=\"og:image:height\" content=\"1024\" \/>\n\t<meta property=\"og:image:type\" content=\"image\/jpeg\" \/>\n<meta name=\"twitter:card\" content=\"summary_large_image\" \/>\n<meta name=\"twitter:label1\" content=\"Est. reading time\" \/>\n\t<meta name=\"twitter:data1\" content=\"1 minute\" \/>\n<script type=\"application\/ld+json\" class=\"yoast-schema-graph\">{\"@context\":\"https:\/\/schema.org\",\"@graph\":[{\"@type\":\"WebPage\",\"@id\":\"https:\/\/xn--bliejsiebie-rqc.com.pl\/?page_id=123\",\"url\":\"https:\/\/xn--bliejsiebie-rqc.com.pl\/?page_id=123\",\"name\":\"Quex Ed\u00ae - Bli\u017cej Siebie Terapie Naturalne\",\"isPartOf\":{\"@id\":\"https:\/\/xn--bliejsiebie-rqc.com.pl\/#website\"},\"primaryImageOfPage\":{\"@id\":\"https:\/\/xn--bliejsiebie-rqc.com.pl\/?page_id=123#primaryimage\"},\"image\":{\"@id\":\"https:\/\/xn--bliejsiebie-rqc.com.pl\/?page_id=123#primaryimage\"},\"thumbnailUrl\":\"https:\/\/xn--bliejsiebie-rqc.com.pl\/wp-content\/uploads\/2025\/11\/2-kopia-2.jpg\",\"datePublished\":\"2025-10-14T20:25:36+00:00\",\"dateModified\":\"2025-11-18T14:43:20+00:00\",\"breadcrumb\":{\"@id\":\"https:\/\/xn--bliejsiebie-rqc.com.pl\/?page_id=123#breadcrumb\"},\"inLanguage\":\"en-US\",\"potentialAction\":[{\"@type\":\"ReadAction\",\"target\":[\"https:\/\/xn--bliejsiebie-rqc.com.pl\/?page_id=123\"]}]},{\"@type\":\"ImageObject\",\"inLanguage\":\"en-US\",\"@id\":\"https:\/\/xn--bliejsiebie-rqc.com.pl\/?page_id=123#primaryimage\",\"url\":\"https:\/\/xn--bliejsiebie-rqc.com.pl\/wp-content\/uploads\/2025\/11\/2-kopia-2.jpg\",\"contentUrl\":\"https:\/\/xn--bliejsiebie-rqc.com.pl\/wp-content\/uploads\/2025\/11\/2-kopia-2.jpg\",\"width\":1024,\"height\":1024},{\"@type\":\"BreadcrumbList\",\"@id\":\"https:\/\/xn--bliejsiebie-rqc.com.pl\/?page_id=123#breadcrumb\",\"itemListElement\":[{\"@type\":\"ListItem\",\"position\":1,\"name\":\"Strona g\u0142\u00f3wna\",\"item\":\"https:\/\/xn--bliejsiebie-rqc.com.pl\/\"},{\"@type\":\"ListItem\",\"position\":2,\"name\":\"Quex Ed\u00ae\"}]},{\"@type\":\"WebSite\",\"@id\":\"https:\/\/xn--bliejsiebie-rqc.com.pl\/#website\",\"url\":\"https:\/\/xn--bliejsiebie-rqc.com.pl\/\",\"name\":\"Bli\u017cej Siebie Terapie Naturalne\",\"description\":\"\",\"publisher\":{\"@id\":\"https:\/\/xn--bliejsiebie-rqc.com.pl\/#organization\"},\"potentialAction\":[{\"@type\":\"SearchAction\",\"target\":{\"@type\":\"EntryPoint\",\"urlTemplate\":\"https:\/\/xn--bliejsiebie-rqc.com.pl\/?s={search_term_string}\"},\"query-input\":{\"@type\":\"PropertyValueSpecification\",\"valueRequired\":true,\"valueName\":\"search_term_string\"}}],\"inLanguage\":\"en-US\"},{\"@type\":\"Organization\",\"@id\":\"https:\/\/xn--bliejsiebie-rqc.com.pl\/#organization\",\"name\":\"Bli\u017cej Siebie Terapie Naturalne\",\"url\":\"https:\/\/xn--bliejsiebie-rqc.com.pl\/\",\"logo\":{\"@type\":\"ImageObject\",\"inLanguage\":\"en-US\",\"@id\":\"https:\/\/xn--bliejsiebie-rqc.com.pl\/#\/schema\/logo\/image\/\",\"url\":\"https:\/\/xn--bliejsiebie-rqc.com.pl\/wp-content\/uploads\/2025\/10\/logo.png\",\"contentUrl\":\"https:\/\/xn--bliejsiebie-rqc.com.pl\/wp-content\/uploads\/2025\/10\/logo.png\",\"width\":857,\"height\":877,\"caption\":\"Bli\u017cej Siebie Terapie Naturalne\"},\"image\":{\"@id\":\"https:\/\/xn--bliejsiebie-rqc.com.pl\/#\/schema\/logo\/image\/\"},\"sameAs\":[\"https:\/\/www.facebook.com\/profile.php?id=100091002167848\"]}]}<\/script>\n<!-- \/ Yoast SEO plugin. -->","yoast_head_json":{"title":"Quex Ed\u00ae - Bli\u017cej Siebie Terapie Naturalne","robots":{"index":"index","follow":"follow","max-snippet":"max-snippet:-1","max-image-preview":"max-image-preview:large","max-video-preview":"max-video-preview:-1"},"canonical":"https:\/\/xn--bliejsiebie-rqc.com.pl\/?page_id=123","og_locale":"en_US","og_type":"article","og_title":"Quex Ed\u00ae - Bli\u017cej Siebie Terapie Naturalne","og_description":"Quex&nbsp;Ed informacje Diagnostyka i regeneracja Terapie zdrowotne Terapie zaawansowane Terapie energetyczne i duchowe Zdrowe Dzieci Zdrowie Zwierz\u0105t Beauty&nbsp;&amp; Estetyka Terapie uzale\u017cnie\u0144 Cennik&nbsp; &#8211; pierwsza wizyta 2-2,5h &nbsp;350z\u0142 &#8211; terapie 1,5h \u2013 250z\u0142&nbsp; &#8211; wizyta domowa na terenie Kielc 400z\u0142&nbsp; &#8211; wizyta domowa poza Kielcami cena uzgadniana indywidualnie &#8211; terapie na odleg\u0142o\u015b\u0107 1,5h \u2013 250z\u0142&nbsp; &#8211; [&hellip;]","og_url":"https:\/\/xn--bliejsiebie-rqc.com.pl\/?page_id=123","og_site_name":"Bli\u017cej Siebie Terapie Naturalne","article_publisher":"https:\/\/www.facebook.com\/profile.php?id=100091002167848","article_modified_time":"2025-11-18T14:43:20+00:00","og_image":[{"width":1024,"height":1024,"url":"https:\/\/xn--bliejsiebie-rqc.com.pl\/wp-content\/uploads\/2025\/11\/2-kopia-2.jpg","type":"image\/jpeg"}],"twitter_card":"summary_large_image","twitter_misc":{"Est. reading time":"1 minute"},"schema":{"@context":"https:\/\/schema.org","@graph":[{"@type":"WebPage","@id":"https:\/\/xn--bliejsiebie-rqc.com.pl\/?page_id=123","url":"https:\/\/xn--bliejsiebie-rqc.com.pl\/?page_id=123","name":"Quex Ed\u00ae - Bli\u017cej Siebie Terapie Naturalne","isPartOf":{"@id":"https:\/\/xn--bliejsiebie-rqc.com.pl\/#website"},"primaryImageOfPage":{"@id":"https:\/\/xn--bliejsiebie-rqc.com.pl\/?page_id=123#primaryimage"},"image":{"@id":"https:\/\/xn--bliejsiebie-rqc.com.pl\/?page_id=123#primaryimage"},"thumbnailUrl":"https:\/\/xn--bliejsiebie-rqc.com.pl\/wp-content\/uploads\/2025\/11\/2-kopia-2.jpg","datePublished":"2025-10-14T20:25:36+00:00","dateModified":"2025-11-18T14:43:20+00:00","breadcrumb":{"@id":"https:\/\/xn--bliejsiebie-rqc.com.pl\/?page_id=123#breadcrumb"},"inLanguage":"en-US","potentialAction":[{"@type":"ReadAction","target":["https:\/\/xn--bliejsiebie-rqc.com.pl\/?page_id=123"]}]},{"@type":"ImageObject","inLanguage":"en-US","@id":"https:\/\/xn--bliejsiebie-rqc.com.pl\/?page_id=123#primaryimage","url":"https:\/\/xn--bliejsiebie-rqc.com.pl\/wp-content\/uploads\/2025\/11\/2-kopia-2.jpg","contentUrl":"https:\/\/xn--bliejsiebie-rqc.com.pl\/wp-content\/uploads\/2025\/11\/2-kopia-2.jpg","width":1024,"height":1024},{"@type":"BreadcrumbList","@id":"https:\/\/xn--bliejsiebie-rqc.com.pl\/?page_id=123#breadcrumb","itemListElement":[{"@type":"ListItem","position":1,"name":"Strona g\u0142\u00f3wna","item":"https:\/\/xn--bliejsiebie-rqc.com.pl\/"},{"@type":"ListItem","position":2,"name":"Quex Ed\u00ae"}]},{"@type":"WebSite","@id":"https:\/\/xn--bliejsiebie-rqc.com.pl\/#website","url":"https:\/\/xn--bliejsiebie-rqc.com.pl\/","name":"Bli\u017cej Siebie Terapie Naturalne","description":"","publisher":{"@id":"https:\/\/xn--bliejsiebie-rqc.com.pl\/#organization"},"potentialAction":[{"@type":"SearchAction","target":{"@type":"EntryPoint","urlTemplate":"https:\/\/xn--bliejsiebie-rqc.com.pl\/?s={search_term_string}"},"query-input":{"@type":"PropertyValueSpecification","valueRequired":true,"valueName":"search_term_string"}}],"inLanguage":"en-US"},{"@type":"Organization","@id":"https:\/\/xn--bliejsiebie-rqc.com.pl\/#organization","name":"Bli\u017cej Siebie Terapie Naturalne","url":"https:\/\/xn--bliejsiebie-rqc.com.pl\/","logo":{"@type":"ImageObject","inLanguage":"en-US","@id":"https:\/\/xn--bliejsiebie-rqc.com.pl\/#\/schema\/logo\/image\/","url":"https:\/\/xn--bliejsiebie-rqc.com.pl\/wp-content\/uploads\/2025\/10\/logo.png","contentUrl":"https:\/\/xn--bliejsiebie-rqc.com.pl\/wp-content\/uploads\/2025\/10\/logo.png","width":857,"height":877,"caption":"Bli\u017cej Siebie Terapie Naturalne"},"image":{"@id":"https:\/\/xn--bliejsiebie-rqc.com.pl\/#\/schema\/logo\/image\/"},"sameAs":["https:\/\/www.facebook.com\/profile.php?id=100091002167848"]}]}},"_links":{"self":[{"href":"https:\/\/xn--bliejsiebie-rqc.com.pl\/index.php?rest_route=\/wp\/v2\/pages\/123","targetHints":{"allow":["GET"]}}],"collection":[{"href":"https:\/\/xn--bliejsiebie-rqc.com.pl\/index.php?rest_route=\/wp\/v2\/pages"}],"about":[{"href":"https:\/\/xn--bliejsiebie-rqc.com.pl\/index.php?rest_route=\/wp\/v2\/types\/page"}],"author":[{"embeddable":true,"href":"https:\/\/xn--bliejsiebie-rqc.com.pl\/index.php?rest_route=\/wp\/v2\/users\/1"}],"replies":[{"embeddable":true,"href":"https:\/\/xn--bliejsiebie-rqc.com.pl\/index.php?rest_route=%2Fwp%2Fv2%2Fcomments&post=123"}],"version-history":[{"count":5,"href":"https:\/\/xn--bliejsiebie-rqc.com.pl\/index.php?rest_route=\/wp\/v2\/pages\/123\/revisions"}],"predecessor-version":[{"id":481,"href":"https:\/\/xn--bliejsiebie-rqc.com.pl\/index.php?rest_route=\/wp\/v2\/pages\/123\/revisions\/481"}],"wp:featuredmedia":[{"embeddable":true,"href":"https:\/\/xn--bliejsiebie-rqc.com.pl\/index.php?rest_route=\/wp\/v2\/media\/520"}],"wp:attachment":[{"href":"https:\/\/xn--bliejsiebie-rqc.com.pl\/index.php?rest_route=%2Fwp%2Fv2%2Fmedia&parent=123"}],"curies":[{"name":"wp","href":"https:\/\/api.w.org\/{rel}","templated":true}]}}